{"id":980,"date":"2011-12-15T14:11:05","date_gmt":"2011-12-15T14:11:05","guid":{"rendered":"http:\/\/si.umh.es\/antivirus\/"},"modified":"2026-03-06T15:31:57","modified_gmt":"2026-03-06T14:31:57","slug":"antivirus","status":"publish","type":"page","link":"https:\/\/sii.umh.es\/ca\/servicios\/gestion-de-licencias\/antivirus\/","title":{"rendered":"Antivirus"},"content":{"rendered":"<p><\/p>\n<p data-path-to-node=\"25\">La UMH disposa d&#8217;una llic\u00e8ncia campus tant de Trend Micro com d&#8217;OfficeScan per a donar cobertura d&#8217;antivirus a PC d&#8217;escriptori, port\u00e0tils i servidors per als sistemes operatius de Microsoft i Mac.<\/p>\n<p data-path-to-node=\"26\">Tot equip inform\u00e0tic connectat a la xarxa de la UMH ha de tindre instal\u00b7lat l&#8217;antivirus corporatiu contractat per la Universitat. Si per qualsevol ra\u00f3 no f\u00f3ra possible la instal\u00b7laci\u00f3 d&#8217;este producte en algun equip, el responsable d&#8217;este ha de posar-ho en coneixement del Servei d&#8217;Infraestructura Inform\u00e0tica, on es buscar\u00e0 la soluci\u00f3 t\u00e8cnica m\u00e9s adequada en cada cas.<\/p>\n<p data-path-to-node=\"27\">El Servei d&#8217;Infraestructura Inform\u00e0tica es reserva el dret a desactivar el punt de xarxa en cas que un equip connectat no dispose de l&#8217;antivirus corporatiu degudament instal\u00b7lat i actualitzat, amb la finalitat de protegir els altres usuaris de la xarxa.<\/p>\n<p data-path-to-node=\"28\">Si un usuari es vol connectar a la xarxa de la UMH des de sa casa, tindr\u00e0 l&#8217;obligaci\u00f3, igualment, de tindre instal\u00b7lat i degudament actualitzat el programari d&#8217;antivirus corporatiu de la UMH. Els Serveis Inform\u00e0tics, per raons de seguretat en la xarxa i per a la resta dels usuaris de la UMH, es reserven el dret a rebutjar l&#8217;acc\u00e9s en cas que esta mesura no se n&#8217;observe.<\/p>\n<p data-path-to-node=\"29\"><b data-path-to-node=\"29\" data-index-in-node=\"0\">Destinataris:<\/b><\/p>\n<ul data-path-to-node=\"30\">\n<li>\n<p data-path-to-node=\"30,0,0\">Tot el personal de la UMH i estudiants.<\/p>\n<\/li>\n<\/ul>\n<p data-path-to-node=\"31\"><b data-path-to-node=\"31\" data-index-in-node=\"0\">Requisits:<\/b><\/p>\n<ul data-path-to-node=\"32\">\n<li>\n<p data-path-to-node=\"32,0,0\">Cap.<\/p>\n<\/li>\n<\/ul>\n<p><strong>Informaci\u00f3:<\/strong><\/p>\n<ul>\n<li><a href=\"https:\/\/tickb.umh.es\/soporte-a-equipamiento-informatico\/mantenimiento-de-software-corporativo\/como-instalar-trend-micro-titanium-internet-security-windows\/\" target=\"_blank\" rel=\"noopener\">Com instal\u00b7lar Trend Micro Titanium Internet Security (WINDOWS) <img loading=\"lazy\" class=\"alignnone size-full wp-image-3400\" src=\"https:\/\/sii.umh.es\/files\/2024\/01\/abre-en-nueva-ventana.png\" alt=\"Abre en nueva ventana\" width=\"15\" height=\"15\" \/><\/a><\/li>\n<li><a href=\"https:\/\/tickb.umh.es\/soporte-a-equipamiento-informatico\/mantenimiento-de-software-corporativo\/como-renovar-la-licencia-de-trend-micro-titanium-internet-security-windows\/\" target=\"_blank\" rel=\"noopener\">Com renovar la llic\u00e8ncia de Trend Micro Titanium Internet Security (WINDOWS) <img loading=\"lazy\" class=\"alignnone size-full wp-image-3400\" src=\"https:\/\/sii.umh.es\/files\/2024\/01\/abre-en-nueva-ventana.png\" alt=\"Abre en nueva ventana\" width=\"15\" height=\"15\" \/><\/a><\/li>\n<\/ul>\n<p><\/p>","protected":false},"excerpt":{"rendered":"<p>La UMH disposa d&#8217;una llic\u00e8ncia campus tant de Trend Micro com d&#8217;OfficeScan per a donar cobertura d&#8217;antivirus a PC d&#8217;escriptori, port\u00e0tils i servidors per als sistemes operatius de Microsoft i Mac.<br \/>\nTot equip inform\u00e0tic connectat a la xarxa de la UMH ha de tindre instal\u00b7lat l&#8217;antivirus corporatiu contractat per la Universitat. Si per qualsevol ra\u00f3 no [&#8230;]<\/p>\n","protected":false},"author":61,"featured_media":0,"parent":346,"menu_order":1,"comment_status":"closed","ping_status":"open","template":"","meta":{"_links_to":"","_links_to_target":""},"_links":{"self":[{"href":"https:\/\/sii.umh.es\/ca\/wp-json\/wp\/v2\/pages\/980"}],"collection":[{"href":"https:\/\/sii.umh.es\/ca\/wp-json\/wp\/v2\/pages"}],"about":[{"href":"https:\/\/sii.umh.es\/ca\/wp-json\/wp\/v2\/types\/page"}],"author":[{"embeddable":true,"href":"https:\/\/sii.umh.es\/ca\/wp-json\/wp\/v2\/users\/61"}],"replies":[{"embeddable":true,"href":"https:\/\/sii.umh.es\/ca\/wp-json\/wp\/v2\/comments?post=980"}],"version-history":[{"count":0,"href":"https:\/\/sii.umh.es\/ca\/wp-json\/wp\/v2\/pages\/980\/revisions"}],"up":[{"embeddable":true,"href":"https:\/\/sii.umh.es\/ca\/wp-json\/wp\/v2\/pages\/346"}],"wp:attachment":[{"href":"https:\/\/sii.umh.es\/ca\/wp-json\/wp\/v2\/media?parent=980"}],"curies":[{"name":"wp","href":"https:\/\/api.w.org\/{rel}","templated":true}]}}