{"id":524,"date":"2011-09-30T14:20:31","date_gmt":"2011-09-30T12:20:31","guid":{"rendered":"http:\/\/si.zeus.umh.es\/?page_id=524"},"modified":"2026-03-05T14:15:18","modified_gmt":"2026-03-05T13:15:18","slug":"solicitud-de-instalacion-de-software-en-aulas-informaticas","status":"publish","type":"page","link":"https:\/\/sii.umh.es\/ca\/servicios\/gestion-de-aulas-informaticas\/solicitud-de-instalacion-de-software-en-aulas-informaticas\/","title":{"rendered":"Sol\u00b7licitud d&#8217;instal\u00b7laci\u00f3 de software en aules inform\u00e0tiques"},"content":{"rendered":"<p><\/p>\n<p data-path-to-node=\"19\"><b data-path-to-node=\"19\" data-index-in-node=\"0\">Descripci\u00f3:<\/b> Este servei oferix la possibilitat de sol\u00b7licitar la instal\u00b7laci\u00f3 del programari necessari per a la doc\u00e8ncia a les aules inform\u00e0tiques de la Universitat.<\/p>\n<p data-path-to-node=\"20\"><b data-path-to-node=\"20\" data-index-in-node=\"0\">Destinataris:<\/b> Este servei es presta a tot el personal de la UMH.<\/p>\n<p data-path-to-node=\"21\"><b data-path-to-node=\"21\" data-index-in-node=\"0\">Requisits:<\/b> Per a la sol\u00b7licitud d&#8217;este servei ser\u00e0 necessari:<\/p>\n<ul data-path-to-node=\"22\">\n<li>\n<p data-path-to-node=\"22,0,0\">Ser personal de la Universitat.<\/p>\n<\/li>\n<li>\n<p data-path-to-node=\"22,1,0\">Realitzar la petici\u00f3 amb 15 dies d&#8217;antelaci\u00f3 a la data d&#8217;\u00fas del programari.<\/p>\n<\/li>\n<li>\n<p data-path-to-node=\"22,2,0\">Facilitar el programari i la llic\u00e8ncia als Serveis Inform\u00e0tics per a la seua instal\u00b7laci\u00f3.<\/p>\n<\/li>\n<li>\n<p data-path-to-node=\"22,3,0\">Si es disposa de llic\u00e8ncia monopost, el nombre de llic\u00e8ncies ha de ser el mateix que el d&#8217;ordinadors amb qu\u00e8 compta l&#8217;aula.<\/p>\n<\/li>\n<\/ul>\n<p data-path-to-node=\"23\"><b data-path-to-node=\"23\" data-index-in-node=\"0\">Sol\u00b7licitud del servei:<\/b> Per a sol\u00b7licitar la instal\u00b7laci\u00f3 de programari en una aula inform\u00e1tica, s&#8217;haur\u00e0 d&#8217;enviar una petici\u00f3 a trav\u00e9s del CAU (<a class=\"ng-star-inserted\" href=\"https:\/\/cau.umh.es\/\" target=\"_blank\" rel=\"noopener\" data-hveid=\"0\" data-ved=\"0CAAQ_4QMahgKEwif-qu3ooiTAxUAAAAAHQAAAAAQpwM\">https:\/\/cau.umh.es\/<\/a>) indicant:<\/p>\n<ul data-path-to-node=\"24\">\n<li>\n<p data-path-to-node=\"24,0,0\">Assignatura i titulaci\u00f3 (o activitat) per a la qual es requerix el programari.<\/p>\n<\/li>\n<li>\n<p data-path-to-node=\"24,1,0\">Campus.<\/p>\n<\/li>\n<li>\n<p data-path-to-node=\"24,2,0\">Aula inform\u00e0tica on es sol\u00b7licita la instal\u00b7laci\u00f3 (si s&#8217;ha realitzat la reserva).<\/p>\n<\/li>\n<li>\n<p data-path-to-node=\"24,3,0\">Data d&#8217;inici de l&#8217;\u00fas del programari.<\/p>\n<\/li>\n<li>\n<p data-path-to-node=\"24,4,0\">Programari i versi\u00f3 que s&#8217;ha d&#8217;instal\u00b7lar.<\/p>\n<\/li>\n<li>\n<p data-path-to-node=\"24,5,0\">Instruccions de desc\u00e0rrega i instal\u00b7laci\u00f3.<\/p>\n<\/li>\n<\/ul>\n<p><\/p>","protected":false},"excerpt":{"rendered":"<p>Descripci\u00f3: Este servei oferix la possibilitat de sol\u00b7licitar la instal\u00b7laci\u00f3 del programari necessari per a la doc\u00e8ncia a les aules inform\u00e0tiques de la Universitat.<br \/>\nDestinataris: Este servei es presta a tot el personal de la UMH.<br \/>\nRequisits: Per a la sol\u00b7licitud d&#8217;este servei ser\u00e0 necessari:<\/p>\n<p>Ser personal de la Universitat.<\/p>\n<p>Realitzar la petici\u00f3 amb 15 dies d&#8217;antelaci\u00f3 a la [&#8230;]<\/p>\n","protected":false},"author":73,"featured_media":0,"parent":347,"menu_order":0,"comment_status":"closed","ping_status":"open","template":"","meta":{"_links_to":"","_links_to_target":""},"_links":{"self":[{"href":"https:\/\/sii.umh.es\/ca\/wp-json\/wp\/v2\/pages\/524"}],"collection":[{"href":"https:\/\/sii.umh.es\/ca\/wp-json\/wp\/v2\/pages"}],"about":[{"href":"https:\/\/sii.umh.es\/ca\/wp-json\/wp\/v2\/types\/page"}],"author":[{"embeddable":true,"href":"https:\/\/sii.umh.es\/ca\/wp-json\/wp\/v2\/users\/73"}],"replies":[{"embeddable":true,"href":"https:\/\/sii.umh.es\/ca\/wp-json\/wp\/v2\/comments?post=524"}],"version-history":[{"count":0,"href":"https:\/\/sii.umh.es\/ca\/wp-json\/wp\/v2\/pages\/524\/revisions"}],"up":[{"embeddable":true,"href":"https:\/\/sii.umh.es\/ca\/wp-json\/wp\/v2\/pages\/347"}],"wp:attachment":[{"href":"https:\/\/sii.umh.es\/ca\/wp-json\/wp\/v2\/media?parent=524"}],"curies":[{"name":"wp","href":"https:\/\/api.w.org\/{rel}","templated":true}]}}