{"id":523,"date":"2011-09-30T11:34:45","date_gmt":"2011-09-30T09:34:45","guid":{"rendered":"http:\/\/si.zeus.umh.es\/?page_id=523"},"modified":"2026-03-09T13:21:20","modified_gmt":"2026-03-09T12:21:20","slug":"acceso-remoto-a-la-red-de-la-umh-vpn-2","status":"publish","type":"page","link":"https:\/\/sii.umh.es\/ca\/servicios\/red-telecomunicaciones-e-internet\/acceso-remoto-a-la-red-de-la-umh-vpn-2\/","title":{"rendered":"Acc\u00e9s remot a la xarxa de la UMH (VPN)"},"content":{"rendered":"<p><\/p>\n<h3><strong>A causa de l&#8217;actual situaci\u00f3 geopol\u00edtica d&#8217;alt risc en mat\u00e8ria de ciberseguretat, l&#8217;acc\u00e9s VPN de la UMH est\u00e0 inhabilitat.<\/strong><\/h3>\n<p><strong>Descripci\u00f3:<\/strong><\/p>\n<p>El servei d&#8217;acc\u00e9s remot a la UMH permet que qualsevol treballador de la Universitat, amb una connexi\u00f3 a Internet, puga accedir des de qualsevol lloc a recursos exclusius de la UMH de la mateixa manera que si estigu\u00e9rem en la pr\u00f2pia xarxa de la Universitat. Per a fer-ho \u00e9s necessari instal\u00b7lar un programari VPN addicional a la connexi\u00f3 Internet.<\/p>\n<p><strong>Destinataris:<\/strong><\/p>\n<p><strong>Requisits:<\/strong><br \/>\nPer a disfrutar d&#8217;este servei ser\u00e0 necessari comptar amb:<\/p>\n<p>&nbsp;<\/p>\n<ul style=\"margin-top: -30px\">\n<li>Connexi\u00f3 a Internet.<\/li>\n<li>Programari VPN<\/li>\n<li>Usuari de domini UMHNET<\/li>\n<\/ul>\n<p><strong>Sol\u00b7licitud del servei:<\/strong><\/p>\n<p>Per a disfrutar d&#8217;este servei no \u00e9s necessari sol\u00b7licitar-lo, es pot instal\u00b7lar directament des de <a href=\"https:\/\/vpn.umh.es\" target=\"_blank\" rel=\"noopener noreferrer\">https:\/\/vpn.umh.es <img loading=\"lazy\" class=\"alignnone size-full wp-image-3400\" src=\"https:\/\/sii.umh.es\/files\/2024\/01\/abre-en-nueva-ventana.png\" alt=\"Obri en una finestra nova\" width=\"15\" height=\"15\" \/><\/a>.<br \/>\nEn el cas de no poder realitzar la instal\u00b7laci\u00f3 o de tindre algun problema, pot sol\u00b7licitar assist\u00e8ncia donant d&#8217;alta una incid\u00e8ncia a trav\u00e9s del <a href=\"http:\/\/universite.umh.es\/incidencias\/\" target=\"_blank\" rel=\"noopener noreferrer\">Centre de Recepci\u00f3 d&#8217;Incid\u00e8ncies i peticions de servei <img loading=\"lazy\" class=\"alignnone size-full wp-image-3400\" src=\"https:\/\/sii.umh.es\/files\/2024\/01\/abre-en-nueva-ventana.png\" alt=\"Obri en una finestra nova\" width=\"15\" height=\"15\" \/><\/a>.<\/p>\n<p><strong>Instruccions per a la instal\u00b7laci\u00f3 del servei VPN:<\/strong><\/p>\n<p>Consulte tota la informaci\u00f3 sobre la instal\u00b7laci\u00f3 d&#8217;este servei en el <a href=\"https:\/\/sii.umh.es\/files\/2018\/02\/Manual-VPN-1.pdf\" target=\"_blank\" rel=\"noopener noreferrer\">Manual d&#8217;instal\u00b7laci\u00f3 i connexi\u00f3 VPN (PDF) <img loading=\"lazy\" class=\"alignnone size-full wp-image-3400\" src=\"https:\/\/sii.umh.es\/files\/2024\/01\/abre-en-nueva-ventana.png\" alt=\"Obri en una finestra nova\" width=\"15\" height=\"15\" \/><\/a>.<\/p>","protected":false},"excerpt":{"rendered":"<p>A causa de l&#8217;actual situaci\u00f3 geopol\u00edtica d&#8217;alt risc en mat\u00e8ria de ciberseguretat, l&#8217;acc\u00e9s VPN de la UMH est\u00e0 inhabilitat.<br \/>\nDescripci\u00f3:<br \/>\nEl servei d&#8217;acc\u00e9s remot a la UMH permet que qualsevol treballador de la Universitat, amb una connexi\u00f3 a Internet, puga accedir des de qualsevol lloc a recursos exclusius de la UMH de la mateixa manera que si [&#8230;]<\/p>\n","protected":false},"author":73,"featured_media":0,"parent":345,"menu_order":1,"comment_status":"closed","ping_status":"open","template":"","meta":{"_links_to":"","_links_to_target":""},"_links":{"self":[{"href":"https:\/\/sii.umh.es\/ca\/wp-json\/wp\/v2\/pages\/523"}],"collection":[{"href":"https:\/\/sii.umh.es\/ca\/wp-json\/wp\/v2\/pages"}],"about":[{"href":"https:\/\/sii.umh.es\/ca\/wp-json\/wp\/v2\/types\/page"}],"author":[{"embeddable":true,"href":"https:\/\/sii.umh.es\/ca\/wp-json\/wp\/v2\/users\/73"}],"replies":[{"embeddable":true,"href":"https:\/\/sii.umh.es\/ca\/wp-json\/wp\/v2\/comments?post=523"}],"version-history":[{"count":0,"href":"https:\/\/sii.umh.es\/ca\/wp-json\/wp\/v2\/pages\/523\/revisions"}],"up":[{"embeddable":true,"href":"https:\/\/sii.umh.es\/ca\/wp-json\/wp\/v2\/pages\/345"}],"wp:attachment":[{"href":"https:\/\/sii.umh.es\/ca\/wp-json\/wp\/v2\/media?parent=523"}],"curies":[{"name":"wp","href":"https:\/\/api.w.org\/{rel}","templated":true}]}}