{"id":522,"date":"2011-09-28T09:24:31","date_gmt":"2011-09-28T07:24:31","guid":{"rendered":"http:\/\/si.zeus.umh.es\/?page_id=522"},"modified":"2026-03-09T13:08:15","modified_gmt":"2026-03-09T12:08:15","slug":"solicitud-reserva-direccion-ip","status":"publish","type":"page","link":"https:\/\/sii.umh.es\/ca\/servicios\/red-telecomunicaciones-e-internet\/acceso-fisico-a-la-red-de-la-umh\/solicitud-reserva-direccion-ip\/","title":{"rendered":"Sol\u00b7licitud reserva adre\u00e7a IP"},"content":{"rendered":"<p><strong>Descripci\u00f3:<\/strong><br \/>\nEl Servei d&#8217;Infraestructura Inform\u00e0tica oferix la possibilitat d&#8217;assignar adreces IP fixes a equips que, per la seua funci\u00f3 a la Universitat, aix\u00ed ho requerisquen.<\/p>\n<p><strong>Destinataris:<\/strong><br \/>\nEste servei s&#8217;oferix tant al PAS com al PDI de la UMH.<\/p>\n<p><strong>Requisits:<\/strong><br \/>\nPer a sol\u00b7licitar la reserva d&#8217;una IP fixa per a un equip, ser\u00e0 necessari facilitar la informaci\u00f3 seg\u00fcent:<\/p>\n<ul>\n<li>La MAC de l&#8217;adaptador de xarxa de l&#8217;equip.<\/li>\n<li>Ubicaci\u00f3 (Estan\u00e7a).<\/li>\n<li>Codi de la roseta on es connectar\u00e0 l&#8217;equip.<\/li>\n<li>Responsable de l&#8217;equip.<\/li>\n<li>Motiu de la necessitat de la reserva.<\/li>\n<li>Ports oberts per a eixa IP.<\/li>\n<\/ul>\n<p><strong>Sol\u00b7licitud del servei:<\/strong><br \/>\nPer a sol\u00b7licitar una IP fixa, s&#8217;ha d&#8217;omplir l&#8217;impr\u00e9s de sol\u00b7licitud de servei disponible en <a href=\"https:\/\/universite.umh.es\/orbeon\/fr\/SOLICITUDES_TIC\/SOLICITUD_RESERVA_IP\/new\" target=\"_blank\" rel=\"noopener noreferrer\">Sol\u00b7licitud_reserva_ip <img loading=\"lazy\" class=\"alignnone size-full wp-image-3400\" src=\"https:\/\/sii.umh.es\/files\/2024\/01\/abre-en-nueva-ventana.png\" alt=\"Obri en una finestra nova\" width=\"15\" height=\"15\" \/><\/a>.<\/p>\n<p>Este impr\u00e9s s&#8217;ha d&#8217;enviar degudament emplenat, signat i segellat, tant per la persona sol\u00b7licitant com per la persona responsable que autoritza la sol\u00b7licitud esmentada.<\/p>","protected":false},"excerpt":{"rendered":"<p>Descripci\u00f3:<br \/>\nEl Servei d&#8217;Infraestructura Inform\u00e0tica oferix la possibilitat d&#8217;assignar adreces IP fixes a equips que, per la seua funci\u00f3 a la Universitat, aix\u00ed ho requerisquen.<br \/>\nDestinataris:<br \/>\nEste servei s&#8217;oferix tant al PAS com al PDI de la UMH.<br \/>\nRequisits:<br \/>\nPer a sol\u00b7licitar la reserva d&#8217;una IP fixa per a un equip, ser\u00e0 necessari facilitar la informaci\u00f3 seg\u00fcent:<\/p>\n<p>La MAC de l&#8217;adaptador [&#8230;]<\/p>\n","protected":false},"author":73,"featured_media":0,"parent":360,"menu_order":0,"comment_status":"closed","ping_status":"open","template":"","meta":{"_links_to":"","_links_to_target":""},"_links":{"self":[{"href":"https:\/\/sii.umh.es\/ca\/wp-json\/wp\/v2\/pages\/522"}],"collection":[{"href":"https:\/\/sii.umh.es\/ca\/wp-json\/wp\/v2\/pages"}],"about":[{"href":"https:\/\/sii.umh.es\/ca\/wp-json\/wp\/v2\/types\/page"}],"author":[{"embeddable":true,"href":"https:\/\/sii.umh.es\/ca\/wp-json\/wp\/v2\/users\/73"}],"replies":[{"embeddable":true,"href":"https:\/\/sii.umh.es\/ca\/wp-json\/wp\/v2\/comments?post=522"}],"version-history":[{"count":0,"href":"https:\/\/sii.umh.es\/ca\/wp-json\/wp\/v2\/pages\/522\/revisions"}],"up":[{"embeddable":true,"href":"https:\/\/sii.umh.es\/ca\/wp-json\/wp\/v2\/pages\/360"}],"wp:attachment":[{"href":"https:\/\/sii.umh.es\/ca\/wp-json\/wp\/v2\/media?parent=522"}],"curies":[{"name":"wp","href":"https:\/\/api.w.org\/{rel}","templated":true}]}}