{"id":509,"date":"2011-09-23T12:01:49","date_gmt":"2011-09-23T10:01:49","guid":{"rendered":"http:\/\/si.zeus.umh.es\/?page_id=509"},"modified":"2026-03-09T12:57:13","modified_gmt":"2026-03-09T11:57:13","slug":"solicitud-prestamo-de-equipo-informatico","status":"publish","type":"page","link":"https:\/\/sii.umh.es\/ca\/servicios\/equipamiento-informatico-e-instalacion-de-software\/solicitud-prestamo-de-equipo-informatico\/","title":{"rendered":"Pr\u00e9stec equip informatic"},"content":{"rendered":"<p><strong>Descripci\u00f3:<\/strong><br \/>\nEl Servei d&#8217;Infraestructura Inform\u00e0tica disposa d&#8217;equips fixos i port\u00e0tils per a prestar temporalment als usuaris de la Universitat en casos com ara: actes, presentacions, equip de substituci\u00f3 durant reparacions, etc.<\/p>\n<p><strong>Destinataris:<\/strong><br \/>\nEste servei es presta a tot el personal PAS i PDI de la UMH.<\/p>\n<p><strong>Requisits:<\/strong><br \/>\nPer a sol\u00b7licitar este servei de pr\u00e9stec ser\u00e0 necessari:<\/p>\n<p>&nbsp;<\/p>\n<ul style=\"margin-top: -30px;margin-bottom: 40px\">\n<li>Sol\u00b7licitud al Servei d&#8217;Infraestructura Inform\u00e0tica.<\/li>\n<li>Ser personal PAS o PDI.<\/li>\n<li>Document de pr\u00e9stec signat.<\/li>\n<\/ul>\n<p><strong>Sol\u00b7licitud del servei:<\/strong><br \/>\nPer a sol\u00b7licitar el pr\u00e9stec d&#8217;un equip haur\u00e0 de fer-se a trav\u00e9s del <a href=\"http:\/\/cau.umh.es\" target=\"_blank\" rel=\"noopener noreferrer\">Centre de Recepci\u00f3 d&#8217;Incid\u00e8ncies i peticions de servei <img loading=\"lazy\" class=\"alignnone size-full wp-image-3400\" src=\"https:\/\/sii.umh.es\/files\/2024\/01\/abre-en-nueva-ventana.png\" alt=\"Obri en una finestra nova\" width=\"15\" height=\"15\" \/><\/a>.<\/p>\n<p>En la petici\u00f3 s&#8217;haur\u00e0 d&#8217;indicar el motiu pel qual es necessita el pr\u00e9stec i la seua data d&#8217;inici i fi.<\/p>\n<p>En el lliurament de l&#8217;equip, l&#8217;usuari haur\u00e0 de signar un document on es detalla la informaci\u00f3 referent al pr\u00e9stec (usuari sol\u00b7licitant, descripci\u00f3 de l&#8217;equip prestat i les dates del pr\u00e9stec).<\/p>\n<p>S&#8217;haur\u00e0 de tindre en compte que el nombre d&#8217;equips de pr\u00e9stec \u00e9s limitat, per la qual cosa els pr\u00e9stecs que se sol\u00b7liciten estaran subjectes a disponibilitat.<\/p>\n<p>Si es necessitara ampliar la data fi d&#8217;un pr\u00e9stec en execuci\u00f3, tan sols s&#8217;haur\u00e0 de generar una nova petici\u00f3 a trav\u00e9s del <a href=\"http:\/\/cau.umh.es\" target=\"_blank\" rel=\"noopener noreferrer\">Centre de Recepci\u00f3 d&#8217;Incid\u00e8ncies i peticions de servei <img loading=\"lazy\" class=\"alignnone size-full wp-image-3400\" src=\"https:\/\/sii.umh.es\/files\/2024\/01\/abre-en-nueva-ventana.png\" alt=\"Obri en una finestra nova\" width=\"15\" height=\"15\" \/><\/a>, relacionar-la amb la primera i posar en la descripci\u00f3 el text seg\u00fcent:<\/p>\n<p>&#8220;Es sol\u00b7licita l&#8217;ampliaci\u00f3 del pr\u00e9stec de l&#8217;equip amb (n\u00fam. d&#8217;inventari) fins al (data), amb (motiu de l&#8217;ampliaci\u00f3 del pr\u00e9stec).&#8221;<\/p>","protected":false},"excerpt":{"rendered":"<p>Descripci\u00f3:<br \/>\nEl Servei d&#8217;Infraestructura Inform\u00e0tica disposa d&#8217;equips fixos i port\u00e0tils per a prestar temporalment als usuaris de la Universitat en casos com ara: actes, presentacions, equip de substituci\u00f3 durant reparacions, etc.<br \/>\nDestinataris:<br \/>\nEste servei es presta a tot el personal PAS i PDI de la UMH.<br \/>\nRequisits:<br \/>\nPer a sol\u00b7licitar este servei de pr\u00e9stec ser\u00e0 necessari:<br \/>\n&nbsp;<\/p>\n<p>Sol\u00b7licitud al Servei d&#8217;Infraestructura Inform\u00e0tica.<br \/>\nSer [&#8230;]<\/p>\n","protected":false},"author":73,"featured_media":0,"parent":342,"menu_order":0,"comment_status":"closed","ping_status":"open","template":"","meta":{"_links_to":"","_links_to_target":""},"_links":{"self":[{"href":"https:\/\/sii.umh.es\/ca\/wp-json\/wp\/v2\/pages\/509"}],"collection":[{"href":"https:\/\/sii.umh.es\/ca\/wp-json\/wp\/v2\/pages"}],"about":[{"href":"https:\/\/sii.umh.es\/ca\/wp-json\/wp\/v2\/types\/page"}],"author":[{"embeddable":true,"href":"https:\/\/sii.umh.es\/ca\/wp-json\/wp\/v2\/users\/73"}],"replies":[{"embeddable":true,"href":"https:\/\/sii.umh.es\/ca\/wp-json\/wp\/v2\/comments?post=509"}],"version-history":[{"count":0,"href":"https:\/\/sii.umh.es\/ca\/wp-json\/wp\/v2\/pages\/509\/revisions"}],"up":[{"embeddable":true,"href":"https:\/\/sii.umh.es\/ca\/wp-json\/wp\/v2\/pages\/342"}],"wp:attachment":[{"href":"https:\/\/sii.umh.es\/ca\/wp-json\/wp\/v2\/media?parent=509"}],"curies":[{"name":"wp","href":"https:\/\/api.w.org\/{rel}","templated":true}]}}