{"id":458,"date":"2011-09-21T13:40:26","date_gmt":"2011-09-21T11:40:26","guid":{"rendered":"http:\/\/si.zeus.umh.es\/?page_id=458"},"modified":"2026-03-06T15:17:46","modified_gmt":"2026-03-06T14:17:46","slug":"instalacin-o-actualizacin-del-software-de-base","status":"publish","type":"page","link":"https:\/\/sii.umh.es\/ca\/servicios\/equipamiento-informatico-e-instalacion-de-software\/instalacin-o-actualizacin-del-software-de-base\/","title":{"rendered":"Instal\u00b7laci\u00f3 o actualitzaci\u00f3 del software base UMH"},"content":{"rendered":"<p><\/p>\n<table style=\"border: none;\">\n<tbody>\n<tr style=\"border-bottom: none;\">\n<td><img loading=\"lazy\" class=\"alignleft size-medium wp-image-530\" src=\"https:\/\/sii.umh.es\/files\/2011\/10\/mp900410045-300x300.jpg\" width=\"200\" height=\"200\" srcset=\"https:\/\/sii.umh.es\/files\/2011\/10\/mp900410045-300x300.jpg 300w, https:\/\/sii.umh.es\/files\/2011\/10\/mp900410045-150x150.jpg 150w, https:\/\/sii.umh.es\/files\/2011\/10\/mp900410045.jpg 1024w\" sizes=\"(max-width: 200px) 100vw, 200px\" \/><\/td>\n<td>\n<p data-path-to-node=\"17\"><b data-path-to-node=\"17\" data-index-in-node=\"0\">Descripci\u00f3:<\/b> El programari de base del qual disposa la Universitat i les seues llic\u00e8ncies s\u00f3n:<\/p>\n<ul data-path-to-node=\"18\">\n<li>\n<p data-path-to-node=\"18,0,0\">Sistema Operatiu Windows (Llic\u00e8ncia d&#8217;actualitzaci\u00f3).<\/p>\n<\/li>\n<li>\n<p data-path-to-node=\"18,1,0\">Microsoft Office (Llic\u00e8ncia Campus).<\/p>\n<\/li>\n<li>\n<p data-path-to-node=\"18,2,0\">Adobe Acrobat Professional (Llic\u00e8ncia Campus).<\/p>\n<\/li>\n<li>\n<p data-path-to-node=\"18,3,0\">Antivirus OfficeScan de TrendMicro (Llic\u00e8ncia Campus).<\/p>\n<\/li>\n<li>\n<p data-path-to-node=\"18,4,0\">Antivirus Titanium Internet Security 2011 (Llic\u00e8ncia Campus).<\/p>\n<\/li>\n<\/ul>\n<\/td>\n<\/tr>\n<\/tbody>\n<\/table>\n<p data-path-to-node=\"19\"><b data-path-to-node=\"19\" data-index-in-node=\"0\">Destinataris:<\/b> Este servei es presta a tot el personal de la UMH.<\/p>\n<p data-path-to-node=\"20\"><b data-path-to-node=\"20\" data-index-in-node=\"0\">Requisits:<\/b> L&#8217;equip sobre el qual es sol\u00b7licita la instal\u00b7laci\u00f3 o actualitzaci\u00f3 del programari ha d&#8217;estar inventariat i disposar de llic\u00e8ncia de Windows.<\/p>\n<p data-path-to-node=\"21\"><b data-path-to-node=\"21\" data-index-in-node=\"0\">Sol\u00b7licitud del servei:<\/b> Este servei s&#8217;haur\u00e0 de sol\u00b7licitar a trav\u00e9s del <a href=\"http:\/\/cau.umh.es\">Centre de Recepci\u00f3 d&#8217;Incid\u00e8ncies i peticions de servei<\/a>.<\/p>\n<p><\/p>","protected":false},"excerpt":{"rendered":"<p>Descripci\u00f3: El programari de base del qual disposa la Universitat i les seues llic\u00e8ncies s\u00f3n:<\/p>\n<p>Sistema Operatiu Windows (Llic\u00e8ncia d&#8217;actualitzaci\u00f3).<\/p>\n<p>Microsoft Office (Llic\u00e8ncia Campus).<\/p>\n<p>Adobe Acrobat Professional (Llic\u00e8ncia Campus).<\/p>\n<p>Antivirus OfficeScan de TrendMicro (Llic\u00e8ncia Campus).<\/p>\n<p>Antivirus Titanium Internet Security 2011 (Llic\u00e8ncia Campus).<\/p>\n<p>Destinataris: Este servei es presta a tot el personal de la UMH.<br \/>\nRequisits: L&#8217;equip sobre el qual es sol\u00b7licita la [&#8230;]<\/p>\n","protected":false},"author":73,"featured_media":0,"parent":342,"menu_order":0,"comment_status":"closed","ping_status":"open","template":"","meta":{"_links_to":"","_links_to_target":""},"_links":{"self":[{"href":"https:\/\/sii.umh.es\/ca\/wp-json\/wp\/v2\/pages\/458"}],"collection":[{"href":"https:\/\/sii.umh.es\/ca\/wp-json\/wp\/v2\/pages"}],"about":[{"href":"https:\/\/sii.umh.es\/ca\/wp-json\/wp\/v2\/types\/page"}],"author":[{"embeddable":true,"href":"https:\/\/sii.umh.es\/ca\/wp-json\/wp\/v2\/users\/73"}],"replies":[{"embeddable":true,"href":"https:\/\/sii.umh.es\/ca\/wp-json\/wp\/v2\/comments?post=458"}],"version-history":[{"count":0,"href":"https:\/\/sii.umh.es\/ca\/wp-json\/wp\/v2\/pages\/458\/revisions"}],"up":[{"embeddable":true,"href":"https:\/\/sii.umh.es\/ca\/wp-json\/wp\/v2\/pages\/342"}],"wp:attachment":[{"href":"https:\/\/sii.umh.es\/ca\/wp-json\/wp\/v2\/media?parent=458"}],"curies":[{"name":"wp","href":"https:\/\/api.w.org\/{rel}","templated":true}]}}