{"id":429,"date":"2011-09-20T13:12:49","date_gmt":"2011-09-20T11:12:49","guid":{"rendered":"http:\/\/si.zeus.umh.es\/?page_id=429"},"modified":"2026-03-09T12:42:20","modified_gmt":"2026-03-09T11:42:20","slug":"solicitud-de-reparacin-de-equipo-informtico","status":"publish","type":"page","link":"https:\/\/sii.umh.es\/ca\/servicios\/equipamiento-informatico-e-instalacion-de-software\/solicitud-de-reparacin-de-equipo-informtico\/","title":{"rendered":"Reparaci\u00f3 equip inform\u00e0tic"},"content":{"rendered":"<p><strong>Descripci\u00f3:<\/strong><br \/>\nLa UMH disposa d&#8217;un contracte per a reparar els equips inform\u00e0tics de la Universitat que estiguen averiats i fora de garantia.<\/p>\n<p><strong>Destinataris:<\/strong><br \/>\nEste servei es presta a tot el personal de la UMH.<\/p>\n<ul>\n<li><strong>Cost de la reparaci\u00f3:<\/strong>\n<ul>\n<li>Gratu\u00efta, si la reparaci\u00f3 es duu a terme utilitzant peces de les quals disposa el Servei d&#8217;Infraestructura Inform\u00e0tica al seu magatzem procedents principalment d&#8217;equips donats de baixa.<\/li>\n<li>Si no disposem de peces, el cost de la reparaci\u00f3 \u00e9s de 115,36 \u20ac (IVA incl\u00f2s) amb independ\u00e8ncia de la pe\u00e7a averiada.<\/li>\n<\/ul>\n<\/li>\n<\/ul>\n<p><strong>Requisits:<\/strong><br \/>\nL&#8217;equip sobre el qual se sol\u00b7licita la reparaci\u00f3 ha d&#8217;estar inventariat i pert\u00e0nyer al parc inform\u00e0tic de la UMH.<\/p>\n<p><strong>Sol\u00b7licitud del servei:<\/strong><br \/>\nPer a sol\u00b7licitar la reparaci\u00f3 d&#8217;un equip, s&#8217;ha de donar d&#8217;alta una incid\u00e8ncia des del <a href=\"http:\/\/cau.umh.es\/\" target=\"_blank\" rel=\"noopener noreferrer\">Centre de Recepci\u00f3 d&#8217;Incid\u00e8ncies i peticions de servei<\/a>.<\/p>\n<p>Despr\u00e9s de la sol\u00b7licitud, un t\u00e8cnic avaluar\u00e0 l&#8217;equip determinant l&#8217;origen de l&#8217;averia. Si la UMH disposa de peces per a la seua resoluci\u00f3 es procedir\u00e0 a solucionar-la, si no es procedir\u00e0 de la manera seg\u00fcent:<\/p>\n<ul>\n<li>Si la sol\u00b7licitud de reparaci\u00f3 \u00e9s sobre un equip del Personal Docent i Investigador (PDI) s&#8217;enviar\u00e0 un document en el qual s&#8217;haur\u00e0 d&#8217;omplir la partida pressupost\u00e0ria a la qual es realitzar\u00e0 el c\u00e0rrec intern si escau. Este document haur\u00e0 d&#8217;anar signat per la persona responsable de la partida esmentada.<br \/>\nUna vegada rebut el pressupost degudament emplenat, signat i segellat per la persona responsable, es tramitar\u00e0 la reparaci\u00f3 de l&#8217;equip amb l&#8217;empresa subcontractada, i despr\u00e9s d&#8217;esta, es tramitar\u00e0 la factura amb c\u00e0rrec a la partida pressupost\u00e0ria indicada.<\/li>\n<li>Si la sol\u00b7licitud de reparaci\u00f3 \u00e9s sobre un equip del Personal d&#8217;Administraci\u00f3 i Serveis (PAS), es tramitar\u00e0 amb c\u00e0rrec a Ger\u00e8ncia.<\/li>\n<\/ul>\n<p><\/p>","protected":false},"excerpt":{"rendered":"<p>Descripci\u00f3:<br \/>\nLa UMH disposa d&#8217;un contracte per a reparar els equips inform\u00e0tics de la Universitat que estiguen averiats i fora de garantia.<br \/>\nDestinataris:<br \/>\nEste servei es presta a tot el personal de la UMH.<\/p>\n<p>Cost de la reparaci\u00f3:<\/p>\n<p>Gratu\u00efta, si la reparaci\u00f3 es duu a terme utilitzant peces de les quals disposa el Servei d&#8217;Infraestructura Inform\u00e0tica al seu magatzem procedents [&#8230;]<\/p>\n","protected":false},"author":73,"featured_media":0,"parent":342,"menu_order":0,"comment_status":"closed","ping_status":"open","template":"","meta":{"_links_to":"","_links_to_target":""},"_links":{"self":[{"href":"https:\/\/sii.umh.es\/ca\/wp-json\/wp\/v2\/pages\/429"}],"collection":[{"href":"https:\/\/sii.umh.es\/ca\/wp-json\/wp\/v2\/pages"}],"about":[{"href":"https:\/\/sii.umh.es\/ca\/wp-json\/wp\/v2\/types\/page"}],"author":[{"embeddable":true,"href":"https:\/\/sii.umh.es\/ca\/wp-json\/wp\/v2\/users\/73"}],"replies":[{"embeddable":true,"href":"https:\/\/sii.umh.es\/ca\/wp-json\/wp\/v2\/comments?post=429"}],"version-history":[{"count":0,"href":"https:\/\/sii.umh.es\/ca\/wp-json\/wp\/v2\/pages\/429\/revisions"}],"up":[{"embeddable":true,"href":"https:\/\/sii.umh.es\/ca\/wp-json\/wp\/v2\/pages\/342"}],"wp:attachment":[{"href":"https:\/\/sii.umh.es\/ca\/wp-json\/wp\/v2\/media?parent=429"}],"curies":[{"name":"wp","href":"https:\/\/api.w.org\/{rel}","templated":true}]}}