{"id":422,"date":"2011-09-20T09:54:11","date_gmt":"2011-09-20T07:54:11","guid":{"rendered":"http:\/\/si.zeus.umh.es\/?page_id=422"},"modified":"2026-03-09T12:38:09","modified_gmt":"2026-03-09T11:38:09","slug":"solicitud-nuevo-equipamiento-informatico","status":"publish","type":"page","link":"https:\/\/sii.umh.es\/ca\/servicios\/equipamiento-informatico-e-instalacion-de-software\/solicitud-nuevo-equipamiento-informatico\/","title":{"rendered":"Dotaci\u00f3 d&#8217;equip inform\u00e0tic"},"content":{"rendered":"<p><strong>Descripci\u00f3:<\/strong><br \/>\nEl Servei d&#8217;Infraestructura Inform\u00e0tica gestiona les sol\u00b7licituds de recursos de maquinari (hardware) per al PAS.<\/p>\n<p>Per a cada petici\u00f3 d&#8217;equip inform\u00e0tic que rebem, avaluem les necessitats del lloc de treball al qual es destinar\u00e0 este.<\/p>\n<p>D&#8217;esta manera intentem adequar l&#8217;equip a les necessitats reals dels nostres usuaris.<\/p>\n<p><strong>Destinataris:<\/strong><br \/>\nEste servei es presta a tot el PAS de la UMH.<\/p>\n<p><strong>Requisits:<\/strong><br \/>\nL&#8217;equipament inform\u00e0tic ha de ser sol\u00b7licitat pel responsable de la persona que el necessite.<\/p>\n<p><strong>Sol\u00b7licitud del servei:<\/strong><br \/>\nEste servei s&#8217;haur\u00e0 de sol\u00b7licitar a trav\u00e9s del nostre <a href=\"http:\/\/cau.umh.es\" target=\"_blank\" rel=\"noopener noreferrer\">Centre de Recepci\u00f3 d&#8217;Incid\u00e8ncies i Peticions de Servei <img loading=\"lazy\" class=\"alignnone size-full wp-image-3400\" src=\"https:\/\/sii.umh.es\/files\/2024\/01\/abre-en-nueva-ventana.png\" alt=\"Obri en una finestra nova\" width=\"15\" height=\"15\" \/><\/a><br \/>\n<\/p>","protected":false},"excerpt":{"rendered":"<p>Descripci\u00f3:<br \/>\nEl Servei d&#8217;Infraestructura Inform\u00e0tica gestiona les sol\u00b7licituds de recursos de maquinari (hardware) per al PAS.<br \/>\nPer a cada petici\u00f3 d&#8217;equip inform\u00e0tic que rebem, avaluem les necessitats del lloc de treball al qual es destinar\u00e0 este.<br \/>\nD&#8217;esta manera intentem adequar l&#8217;equip a les necessitats reals dels nostres usuaris.<br \/>\nDestinataris:<br \/>\nEste servei es presta a tot el PAS de la UMH.<br \/>\nRequisits:<br \/>\nL&#8217;equipament [&#8230;]<\/p>\n","protected":false},"author":73,"featured_media":0,"parent":342,"menu_order":0,"comment_status":"closed","ping_status":"open","template":"","meta":{"_links_to":"","_links_to_target":""},"_links":{"self":[{"href":"https:\/\/sii.umh.es\/ca\/wp-json\/wp\/v2\/pages\/422"}],"collection":[{"href":"https:\/\/sii.umh.es\/ca\/wp-json\/wp\/v2\/pages"}],"about":[{"href":"https:\/\/sii.umh.es\/ca\/wp-json\/wp\/v2\/types\/page"}],"author":[{"embeddable":true,"href":"https:\/\/sii.umh.es\/ca\/wp-json\/wp\/v2\/users\/73"}],"replies":[{"embeddable":true,"href":"https:\/\/sii.umh.es\/ca\/wp-json\/wp\/v2\/comments?post=422"}],"version-history":[{"count":0,"href":"https:\/\/sii.umh.es\/ca\/wp-json\/wp\/v2\/pages\/422\/revisions"}],"up":[{"embeddable":true,"href":"https:\/\/sii.umh.es\/ca\/wp-json\/wp\/v2\/pages\/342"}],"wp:attachment":[{"href":"https:\/\/sii.umh.es\/ca\/wp-json\/wp\/v2\/media?parent=422"}],"curies":[{"name":"wp","href":"https:\/\/api.w.org\/{rel}","templated":true}]}}