{"id":4198,"date":"2026-01-23T10:26:51","date_gmt":"2026-01-23T09:26:51","guid":{"rendered":"https:\/\/sii.umh.es\/?page_id=4198"},"modified":"2026-02-26T09:39:58","modified_gmt":"2026-02-26T08:39:58","slug":"1-fase-de-ofertas","status":"publish","type":"page","link":"https:\/\/sii.umh.es\/ca\/acuerdos_marco\/2025_am_08-acuerdo-marco-de-material-informatico-fungible-y-consumibles-de-impresion\/procedimiento-completo-de-compra-de-material-fungible-informatico\/1-fase-de-ofertas\/","title":{"rendered":"1.- Fase d&#8217;Ofertes"},"content":{"rendered":"<p><img loading=\"lazy\" class=\" wp-image-4204 alignright\" src=\"https:\/\/sii.umh.es\/files\/2026\/01\/AM-tarjetaSD.png\" alt=\"\" width=\"209\" height=\"209\" srcset=\"https:\/\/sii.umh.es\/files\/2026\/01\/AM-tarjetaSD.png 1024w, https:\/\/sii.umh.es\/files\/2026\/01\/AM-tarjetaSD-300x300.png 300w, https:\/\/sii.umh.es\/files\/2026\/01\/AM-tarjetaSD-150x150.png 150w, https:\/\/sii.umh.es\/files\/2026\/01\/AM-tarjetaSD-768x768.png 768w\" sizes=\"(max-width: 209px) 100vw, 209px\" \/><\/p>\n<p>Per a explicar el proc\u00e9s de compra, mostrarem un exemple basat en l&#8217;adquisici\u00f3 d&#8217;una <strong>targeta de mem\u00f2ria<\/strong>.<\/p>\n<p>En aquest cas, partim d&#8217;un producte amb caracter\u00edstiques espec\u00edfiques: <em>Targeta de mem\u00f2ria SD de 32GB<\/em>.<\/p>\n<hr style=\"border: none;padding-top: 20px\" \/>\n<h3><strong><span style=\"text-decoration: underline\">1.1.- La Cerca en el cat\u00e0leg i Cistella.<\/span><\/strong><\/h3>\n<p style=\"padding-left: 40px\">Des del cercador que es troba en la pestanya &#8220;Cat\u00e0leg&#8221; de l&#8217; <a href=\"https:\/\/universite.umh.es\/pedidos\" target=\"_blank\" rel=\"noopener\"><strong>Aplicaci\u00f3 de Comandes <\/strong><img loading=\"lazy\" class=\"alignnone size-full wp-image-3805\" src=\"https:\/\/sii.umh.es\/files\/2025\/02\/ICONO-abre-en-nueva-ventana.png\" alt=\"\" width=\"15\" height=\"15\" \/><\/a> afegirem els par\u00e0metres necessaris per a filtrar la cerca.<\/p>\n<p> <img loading=\"lazy\" class=\"aligncenter wp-image-4210 \" src=\"https:\/\/sii.umh.es\/files\/2026\/01\/AM-buscador.png\" alt=\"\" width=\"624\" height=\"416\" srcset=\"https:\/\/sii.umh.es\/files\/2026\/01\/AM-buscador.png 1536w, https:\/\/sii.umh.es\/files\/2026\/01\/AM-buscador-300x200.png 300w, https:\/\/sii.umh.es\/files\/2026\/01\/AM-buscador-1024x683.png 1024w, https:\/\/sii.umh.es\/files\/2026\/01\/AM-buscador-768x512.png 768w\" sizes=\"(max-width: 624px) 100vw, 624px\" \/> <\/p>\n<ol>\n<li style=\"list-style-type: none\">\n<ol>\n<li>Fem clic sobre el bot\u00f3 de filtre <strong>&#8220;Avan\u00e7at&#8221;<\/strong><\/li>\n<li>Afegim els criteris de <strong>&#8220;Cerca general&#8221;<\/strong>, si no hem decidit la configuraci\u00f3 de l&#8217;equip a sol\u00b7licitar, i triar els par\u00e0metres adequats en una segona cerca. En aquest cas indicarem &#8220;<strong>SD 32GB<\/strong>&#8220;<\/li>\n<li>Seleccionem el contracte <strong>&#8220;2025_AM_08 \u2013 Subministrament de material fungible inform\u00e0tic i consumibles d&#8217;impressi\u00f3 per a la UMH&#8221;<\/strong><\/li>\n<li>Seleccionem el <strong>&#8220;Lot 1 &#8211; Material Fungible Inform\u00e0tic&#8221;<\/strong><\/li>\n<li>Seleccionem la categoria <strong>&#8220;Memorias Usb De Diferentes Tipos Y Capacidades&#8221;<\/strong><\/li>\n<\/ol>\n<\/li>\n<\/ol>\n<p> <img loading=\"lazy\" class=\"aligncenter wp-image-4207\" src=\"https:\/\/sii.umh.es\/files\/2026\/01\/AM-lineapedido.png\" alt=\"\" width=\"548\" height=\"365\" srcset=\"https:\/\/sii.umh.es\/files\/2026\/01\/AM-lineapedido.png 1536w, https:\/\/sii.umh.es\/files\/2026\/01\/AM-lineapedido-300x200.png 300w, https:\/\/sii.umh.es\/files\/2026\/01\/AM-lineapedido-1024x683.png 1024w, https:\/\/sii.umh.es\/files\/2026\/01\/AM-lineapedido-768x512.png 768w\" sizes=\"(max-width: 548px) 100vw, 548px\" \/><\/p>\n<p style=\"text-align: center;max-width: 80%;border: 2px red solid;padding: 13px;margin: 20px 10px 23px 10%\">Nota: El preu dels productes indicats en els cat\u00e0legs mai s\u00f3n els definitius, ser\u00e0 necessari llan\u00e7ar una sol\u00b7licitud d&#8217;oferta del producte desitjat per a con\u00e9ixer el preu final al qual pot ser adquirit<\/p>\n<p style=\"padding-left: 40px\">Si tenim dubtes sobre les caracter\u00edstiques d&#8217;un equip podem visitar l&#8217;enlla\u00e7 al producte facilitat pel prove\u00efdor.<\/p>\n<p style=\"padding-left: 40px\">Les <strong>ofertes sempre s&#8217;agruparan en la cistella per Lots<\/strong>, per la qual cosa si es sol\u00b7liciten productes que es troben en lots diferents, es generaran peticions d&#8217;oferta independents per cada Lot.<\/p>\n<p style=\"padding-left: 40px\">Una vegada localitzat l&#8217;equip que desitgem adquirir <span style=\"font-weight: 400\">, <\/span><b style=\"background-color: #ffe000\">hem de comprovar si est\u00e0 disponible en altres empreses homologades<\/b><span style=\"font-weight: 400\">, per a fer-ho polsarem en el bot\u00f3 <strong>&#8220;Afegir tots&#8221;.<\/strong><\/span><\/p>\n<p style=\"padding-left: 40px\"><span style=\"font-weight: 400\">Accedir a la <\/span><b>cistella<\/b><span style=\"font-weight: 400\"> i revisar que s&#8217;han afegit <\/span><b>tots els prove\u00efdors<\/b><span style=\"font-weight: 400\"> que poden subministrar el producte.<\/span><\/p>\n<ul>\n<li style=\"list-style-type: none\">\n<ul>\n<li><b>Si es sol\u00b7liciten diversos articles: <\/b>Quan es sol\u00b7liciten diversos articles ser\u00e0 necessari agrupar els productes en comandes segons els <b>prove\u00efdors comuns<\/b>, creant una<b> oferta independent <\/b>per a cada grup de prove\u00efdors.<\/li>\n<\/ul>\n<\/li>\n<\/ul>\n<p style=\"padding-left: 80px\"><span style=\"font-weight: 400\">Exemple de compra de 3 productes amb diferent nombre de prove\u00efdors:<\/span><span style=\"font-weight: 400\"> <\/span><\/p>\n<ul>\n<li style=\"list-style-type: none\">\n<ul>\n<li style=\"list-style-type: none\">\n<ul>\n<li style=\"font-weight: 400\"><span style=\"font-weight: 400\"><strong>Oferta 1<\/strong> \u2192 Producte 1 <em>(Prove\u00efdor A<\/em> + <em>Prove\u00efdor B<\/em>)<\/span><span style=\"font-weight: 400\"> <\/span><\/li>\n<li style=\"font-weight: 400\"><span style=\"font-weight: 400\"><strong>Oferta 2<\/strong> \u2192 Producte 2 (<em>Prove\u00efdor A<\/em> + <em>Prove\u00efdor B<\/em> + <em>Prove\u00efdor C<\/em>)<\/span><span style=\"font-weight: 400\"> <\/span><\/li>\n<li><span style=\"font-weight: 400\"><strong>Oferta 3<\/strong> \u2192 Producte 3 (<em>Prove\u00efdor C<\/em>)*<\/span><\/li>\n<\/ul>\n<\/li>\n<\/ul>\n<\/li>\n<\/ul>\n<pre style=\"padding-left: 80px\"><span style=\"font-weight: 400\">*En el cas de l'oferta 3 en existir un <\/span><b>\u00fanic prove\u00efdor <\/b>que tamb\u00e9 t\u00e9 una altra refer\u00e8ncia compartida<span style=\"font-weight: 400\">, <\/span>\r\nes generar\u00e0 una <b>oferta independent<\/b> per a aqueix producte.<\/pre>\n<ul>\n<li style=\"list-style-type: none\">\n<ul>\n<li><b>Si es sol\u00b7licita un sol article<\/b><span style=\"font-weight: 400\">:<\/span><span style=\"font-weight: 400\"> <\/span>\n<ul>\n<li style=\"font-weight: 400\"><span style=\"font-weight: 400\">Verificar que estan inclosos tots els prove\u00efdors disponibles.<\/span><span style=\"font-weight: 400\"> <\/span><\/li>\n<li style=\"font-weight: 400\"><span style=\"font-weight: 400\">Marcar la casella<\/span><span style=\"font-weight: 400\"> <\/span> <i><span style=\"font-weight: 400\">\u201cEl prove\u00efdor seleccionat \u00e9s l&#8217;\u00fanic que pot subministrar els articles de la present oferta\u201d<\/span><\/i><span style=\"font-weight: 400\">.<\/span><span style=\"font-weight: 400\"> <\/span><\/li>\n<li style=\"font-weight: 400\"><span style=\"font-weight: 400\">Emplenar el camp <\/span><b>\u201cJustificaci\u00f3 sol\u00b7licitud d&#8217;oferta\u201d<\/b><span style=\"font-weight: 400\">, indicant el motiu de l&#8217;enviament de l&#8217;oferta als prove\u00efdors seleccionats.<\/span><\/li>\n<\/ul>\n<\/li>\n<\/ul>\n<\/li>\n<\/ul>\n<p> <img loading=\"lazy\" class=\"aligncenter size-full wp-image-4201\" src=\"https:\/\/sii.umh.es\/files\/2026\/01\/AM-justificacion.jpg\" alt=\"\" width=\"600\" height=\"233\" srcset=\"https:\/\/sii.umh.es\/files\/2026\/01\/AM-justificacion.jpg 600w, https:\/\/sii.umh.es\/files\/2026\/01\/AM-justificacion-300x117.jpg 300w\" sizes=\"(max-width: 600px) 100vw, 600px\" \/><\/p>\n<hr style=\"border: none;padding-top: 20px\" \/>\n<h3><strong><span style=\"text-decoration: underline\">1.2.- Completar el proc\u00e9s d&#8217;oferta.<\/span><\/strong><\/h3>\n<hr style=\"border: none;padding-top: 20px\" \/>\n<h4>1.2.1.- Dades del peticionari.<\/h4>\n<p style=\"padding-left: 40px\">A continuaci\u00f3, haurem de completar tota la informaci\u00f3 relacionada amb el peticionari de l&#8217;oferta.<\/p>\n<p style=\"padding-left: 40px\">\u00c9s fonamental seleccionar el peticionari correcte, ja que en els seg\u00fcents passos nom\u00e9s es podran triar partides pressupost\u00e0ries en les quals aquest peticionari siga responsable. Si el responsable no apareix en el camp &#8220;En nom de&#8221;, ser\u00e0 necessari consultar l&#8217;apartat <strong>&#8220;Com delegar compres&#8221;<\/strong> en la secci\u00f3 de <a href=\"https:\/\/sii.umh.es\/ca\/acuerdos_marco\/2025_am_08-acuerdo-marco-de-material-informatico-fungible-y-consumibles-de-impresion\/preguntas-frecuentes\/\" target=\"_blank\" rel=\"noopener\">preguntes freq\u00fcents <\/a><a href=\"https:\/\/universite.umh.es\/pedidos\" target=\"_blank\" rel=\"noopener\"><img loading=\"lazy\" class=\"alignnone size-full wp-image-3805\" src=\"https:\/\/sii.umh.es\/files\/2025\/02\/ICONO-abre-en-nueva-ventana.png\" alt=\"\" width=\"15\" height=\"15\" \/><\/a> d&#8217;aquest acord marc.<\/p>\n<hr style=\"border: none;padding-top: 20px\" \/>\n<h4>1.2.2.- Data de fi de presentaci\u00f3 d&#8217;ofertes.<\/h4>\n<p> <a href=\"https:\/\/sii.umh.es\/files\/2025\/02\/FaseOferta0005.png\" target=\"_blank\" rel=\"noopener\"><img loading=\"lazy\" class=\"wp-image-3791 alignright\" src=\"https:\/\/sii.umh.es\/files\/2025\/02\/FaseOferta0005.png\" alt=\"\" width=\"432\" height=\"504\" srcset=\"https:\/\/sii.umh.es\/files\/2025\/02\/FaseOferta0005.png 500w, https:\/\/sii.umh.es\/files\/2025\/02\/FaseOferta0005-257x300.png 257w\" sizes=\"(max-width: 432px) 100vw, 432px\" \/><\/a> <\/p>\n<p style=\"padding-left: 40px\">Per defecte, l&#8217;aplicaci\u00f3 estableix un termini de resposta a l&#8217;oferta de<strong> 5 dies naturals<\/strong>.<\/p>\n<p style=\"padding-left: 40px\">Si l&#8217;oferta es publica a finals de la setmana, ser\u00e0 necessari revisar i, si \u00e9s necessari, ampliar aquest termini per a garantir un temps de resposta raonable per als prove\u00efdors.<\/p>\n<p> &nbsp; <\/p>\n<p style=\"text-align: center;max-width: 300px;border: 2px red solid;padding: 13px;margin: 0 10px 0 10%\"><strong>Data fi presentaci\u00f3 d&#8217;ofertes<\/strong> Ser\u00e0 necessari comprovar i ajustar aquest termini, si correspon, per a permetre una resposta en termini per part del prove\u00efdor.<\/p>\n<hr style=\"border: none;padding-top: 20px\" \/>\n<h4 style=\"clear: both\">1.2.3.- Missatge per al prove\u00efdor.<\/h4>\n<p style=\"padding-left: 40px\">En aquest pas, podem proporcionar qualsevol informaci\u00f3 rellevant que el prove\u00efdor dega tindre en compte per a valorar correctament l&#8217;oferta.<\/p>\n<hr style=\"border: none;padding-top: 20px\" \/>\n<h4>1.2.4.- Enviament de sol\u00b7licitud d&#8217;oferta<\/h4>\n<p style=\"padding-left: 40px\">Una vegada completats els detalls del formulari, polsarem el bot\u00f3 &#8220;Enviar sol\u00b7licitud d&#8217;oferta&#8221; per a remetre la comanda a les empreses.<\/p>\n<p style=\"padding-left: 40px\">En aquest moment, es generar\u00e0 un n\u00famero d&#8217;oferta amb la seg\u00fcent estructura: O-2026\/XXXX.<\/p>\n<hr style=\"border: none;padding-top: 20px\" \/>\n<h3><strong><span style=\"text-decoration: underline\">1.3 Valoraci\u00f3 de l&#8217;oferta.<\/span><\/strong><\/h3>\n<p style=\"padding-left: 40px\">Una vegada enviades les sol\u00b7licituds d&#8217;oferta, haurem d&#8217;esperar que els prove\u00efdors envien les seues propostes per a procedir amb la seua valoraci\u00f3.<\/p>\n<p style=\"padding-left: 40px\">Podrem accedir a la valoraci\u00f3 de l&#8217;oferta a trav\u00e9s de:<\/p>\n<ul>\n<li style=\"list-style-type: none\">\n<ul>\n<li>El correu electr\u00f2nic rebut.<\/li>\n<li>El bot\u00f3 &#8220;<a href=\"https:\/\/universite.umh.es\/pedidos\/ofertas\/lista#pendientes_valoracion\" target=\"_blank\" rel=\"noopener\">Pdtes. Valoraci\u00f3 <\/a><a href=\"https:\/\/universite.umh.es\/pedidos\" target=\"_blank\" rel=\"noopener\"><img loading=\"lazy\" class=\"alignnone size-full wp-image-3805\" src=\"https:\/\/sii.umh.es\/files\/2025\/02\/ICONO-abre-en-nueva-ventana.png\" alt=\"\" width=\"15\" height=\"15\" \/><\/a>&#8221; dins de la secci\u00f3 Ofertes de l&#8217;aplicaci\u00f3 de comandes.<\/li>\n<\/ul>\n<\/li>\n<\/ul>\n<hr style=\"border: none;padding-top: 20px\" \/>\n<h4>1.3.1.- Av\u00eds de Valoraci\u00f3 d&#8217;oferta<\/h4>\n<p style=\"padding-left: 40px\">Dins de l&#8217;oferta, accedirem a la pestanya &#8220;Detalls Valoraci\u00f3&#8221;. En aquest punt, hem de tindre en compte el seg\u00fcent:<\/p>\n<ul>\n<li style=\"list-style-type: none\">\n<ul>\n<li style=\"font-weight: 400\"><span style=\"font-weight: 400\">No podrem veure la valoraci\u00f3 realitzada per cada prove\u00efdor fins que no polsem el bot\u00f3 <strong>&#8220;Valorar ofertes&#8221;<\/strong>.<\/span><\/li>\n<li style=\"font-weight: 400\">El sistema adjudicar\u00e0 l&#8217;oferta autom\u00e0ticament a l&#8217;empresa que haja presentat el menor preu. En l&#8217;\u00faltima columna podrem comprovar a quina empresa s&#8217;ha adjudicat l&#8217;oferta, aix\u00ed com els detalls de cada proposta rebuda.<\/li>\n<\/ul>\n<\/li>\n<\/ul>\n<p style=\"padding-left: 40px\">En aquest pas, tindrem l&#8217;opci\u00f3 de <strong>&#8220;Enviar comanda&#8221;<\/strong> per a continuar amb el proc\u00e9s o <strong>&#8220;Descartar la valoraci\u00f3&#8221;<\/strong> si desitgem cancel\u00b7lar la petici\u00f3 d&#8217;oferta.<\/p>\n<p> &nbsp; <\/p>\n<div class=\"editar-cuerpo\">\n<p class=\"editar-link\">Pas seg\u00fcent: <a href=\"https:\/\/sii.umh.es\/acuerdos_marco\/2025_am_08-acuerdo-marco-de-material-informatico-fungible-y-consumibles-de-impresion\/procedimiento-completo-de-compra-de-material-fungible-informatico\/2-fase-de-compra-o-pedido\/\">2.- Fase de Compra o Comanda.<\/a><\/p>\n<\/div>\n<p><\/p>","protected":false},"excerpt":{"rendered":"<p>Per a explicar el proc\u00e9s de compra, mostrarem un exemple basat en l&#8217;adquisici\u00f3 d&#8217;una targeta de mem\u00f2ria.<br \/>\nEn aquest cas, partim d&#8217;un producte amb caracter\u00edstiques espec\u00edfiques: Targeta de mem\u00f2ria SD de 32GB.<\/p>\n<p>1.1.- La Cerca en el cat\u00e0leg i Cistella.<br \/>\nDes del cercador que es troba en la pestanya &#8220;Cat\u00e0leg&#8221; de l&#8217; Aplicaci\u00f3 de Comandes  afegirem els [&#8230;]<\/p>\n","protected":false},"author":24275,"featured_media":0,"parent":4192,"menu_order":1,"comment_status":"closed","ping_status":"closed","template":"","meta":{"_links_to":"","_links_to_target":""},"_links":{"self":[{"href":"https:\/\/sii.umh.es\/ca\/wp-json\/wp\/v2\/pages\/4198"}],"collection":[{"href":"https:\/\/sii.umh.es\/ca\/wp-json\/wp\/v2\/pages"}],"about":[{"href":"https:\/\/sii.umh.es\/ca\/wp-json\/wp\/v2\/types\/page"}],"author":[{"embeddable":true,"href":"https:\/\/sii.umh.es\/ca\/wp-json\/wp\/v2\/users\/24275"}],"replies":[{"embeddable":true,"href":"https:\/\/sii.umh.es\/ca\/wp-json\/wp\/v2\/comments?post=4198"}],"version-history":[{"count":0,"href":"https:\/\/sii.umh.es\/ca\/wp-json\/wp\/v2\/pages\/4198\/revisions"}],"up":[{"embeddable":true,"href":"https:\/\/sii.umh.es\/ca\/wp-json\/wp\/v2\/pages\/4192"}],"wp:attachment":[{"href":"https:\/\/sii.umh.es\/ca\/wp-json\/wp\/v2\/media?parent=4198"}],"curies":[{"name":"wp","href":"https:\/\/api.w.org\/{rel}","templated":true}]}}