{"id":412,"date":"2011-09-16T11:21:23","date_gmt":"2011-09-16T09:21:23","guid":{"rendered":"http:\/\/si.zeus.umh.es\/?page_id=412"},"modified":"2026-03-05T14:07:16","modified_gmt":"2026-03-05T13:07:16","slug":"catalogo-de-software","status":"publish","type":"page","link":"https:\/\/sii.umh.es\/ca\/servicios\/gestion-de-aulas-informaticas\/catalogo-de-software\/","title":{"rendered":"Cat\u00e0leg de programari"},"content":{"rendered":"<p><\/p>\n<p data-path-to-node=\"19\">El <b data-path-to-node=\"19\" data-index-in-node=\"3\">Servei d&#8217;Infraestructura Inform\u00e0tica<\/b> centralitza l&#8217;adquisici\u00f3 de llic\u00e8ncies campus de programari per a aules d&#8217;\u00fas com\u00fa o generalitzat a la Universitat, pressupostat pel <b data-path-to-node=\"19\" data-index-in-node=\"172\">Vicerectorat d&#8217;Estudis<\/b>. S&#8217;aprofiten aix\u00ed les condicions avantatjoses de l&#8217;adquisici\u00f3 de grans volums i llic\u00e8ncies educatives que ofereixen les empreses, gestionant al seu torn contractes de manteniment de programari que proporcionen actualitzacions dels productes i suport t\u00e8cnic sobre estos.<\/p>\n<p data-path-to-node=\"20\">Les llic\u00e8ncies de programari espec\u00edfic es gestionen directament pels departaments, escoles o facultats que les necessiten, a c\u00e0rrec del seu propi pressupost.<\/p>\n<p data-path-to-node=\"21\">Les llic\u00e8ncies poden ser de dos tipus: <b data-path-to-node=\"21\" data-index-in-node=\"39\">concurrents<\/b> o <b data-path-to-node=\"21\" data-index-in-node=\"53\">monopost<\/b>.<\/p>\n<ul data-path-to-node=\"22\">\n<li>\n<p data-path-to-node=\"22,0,0\">Les <b data-path-to-node=\"22,0,0\" data-index-in-node=\"4\">llic\u00e8ncies concurrents<\/b> s&#8217;allotgen en un servidor de llic\u00e8ncies i, encara que es poden instal\u00b7lar en tots els PC que calga, nom\u00e9s es podran executar alhora el nombre m\u00e0xim de llic\u00e8ncies adquirides.<\/p>\n<\/li>\n<li>\n<p data-path-to-node=\"22,1,0\">Les <b data-path-to-node=\"22,1,0\" data-index-in-node=\"4\">llic\u00e8ncies monopost<\/b> nom\u00e9s es poden tindre instal\u00b7lades en el nombre de PC dels quals es dispose de llic\u00e8ncia.<\/p>\n<\/li>\n<\/ul>\n<h4 data-path-to-node=\"23\">CAT\u00c0LEG DE PROGRAMARI DISPONIBLE PER A AULES INFORM\u00c0TIQUES<\/h4>\n<ul data-path-to-node=\"24\">\n<li>\n<p data-path-to-node=\"24,0,0\"><b data-path-to-node=\"24,0,0\" data-index-in-node=\"0\">Adobe Acrobat Professional<\/b>: Llic\u00e8ncies campus<\/p>\n<\/li>\n<li>\n<p data-path-to-node=\"24,1,0\"><b data-path-to-node=\"24,1,0\" data-index-in-node=\"0\">Adobe CC<\/b>: 34 llic\u00e8ncies monopost<\/p>\n<\/li>\n<li>\n<p data-path-to-node=\"24,2,0\"><b data-path-to-node=\"24,2,0\" data-index-in-node=\"0\">Adobe Dreamweaver CS 6<\/b>: 66 llic\u00e8ncies monopost<\/p>\n<\/li>\n<li>\n<p data-path-to-node=\"24,3,0\"><b data-path-to-node=\"24,3,0\" data-index-in-node=\"0\">Adobe Indesign CS 6<\/b>: 66 llic\u00e8ncies monopost<\/p>\n<\/li>\n<li>\n<p data-path-to-node=\"24,4,0\"><b data-path-to-node=\"24,4,0\" data-index-in-node=\"0\">Adobe Production Premium CS 6<\/b>: 64 llic\u00e8ncies concurrents<\/p>\n<\/li>\n<li>\n<p data-path-to-node=\"24,5,0\"><b data-path-to-node=\"24,5,0\" data-index-in-node=\"0\">Amos<\/b>: 100 llic\u00e8ncies concurrents<\/p>\n<\/li>\n<li>\n<p data-path-to-node=\"24,6,0\"><b data-path-to-node=\"24,6,0\" data-index-in-node=\"0\">Ansys<\/b>: 100 llic\u00e8ncies concurrents<\/p>\n<\/li>\n<li>\n<p data-path-to-node=\"24,7,0\"><b data-path-to-node=\"24,7,0\" data-index-in-node=\"0\">Autodesk<\/b>: Llic\u00e8ncies campus concurrents<\/p>\n<\/li>\n<li>\n<p data-path-to-node=\"24,8,0\"><b data-path-to-node=\"24,8,0\" data-index-in-node=\"0\">Cype<\/b>: 100 llic\u00e8ncies concurrents<\/p>\n<\/li>\n<li>\n<p data-path-to-node=\"24,9,0\"><b data-path-to-node=\"24,9,0\" data-index-in-node=\"0\">Geomedia Professional<\/b>: Il\u00b7limitades concurrents<\/p>\n<\/li>\n<li>\n<p data-path-to-node=\"24,10,0\"><b data-path-to-node=\"24,10,0\" data-index-in-node=\"0\">Idrisi Taiga<\/b>: Il\u00b7limitades concurrents<\/p>\n<\/li>\n<li>\n<p data-path-to-node=\"24,11,0\"><b data-path-to-node=\"24,11,0\" data-index-in-node=\"0\">Llic\u00e8ncia campus Microsoft<\/b>: Actualitzacions de sistemes operatius i Office<\/p>\n<\/li>\n<li>\n<p data-path-to-node=\"24,12,0\"><b data-path-to-node=\"24,12,0\" data-index-in-node=\"0\">Matlab<\/b>: 160 llic\u00e8ncies concurrents<\/p>\n<\/li>\n<li>\n<p data-path-to-node=\"24,13,0\"><b data-path-to-node=\"24,13,0\" data-index-in-node=\"0\">QuarkXpress 8<\/b>: 96 llic\u00e8ncies concurrents<\/p>\n<\/li>\n<li>\n<p data-path-to-node=\"24,14,0\"><b data-path-to-node=\"24,14,0\" data-index-in-node=\"0\">QuarkXpress 2017<\/b>: 91 llic\u00e8ncies concurrents<\/p>\n<\/li>\n<li>\n<p data-path-to-node=\"24,15,0\"><b data-path-to-node=\"24,15,0\" data-index-in-node=\"0\">Siemens NX<\/b>: 100 llic\u00e8ncies concurrents<\/p>\n<\/li>\n<li>\n<p data-path-to-node=\"24,16,0\"><b data-path-to-node=\"24,16,0\" data-index-in-node=\"0\">SPSS<\/b>: 100 llic\u00e8ncies concurrents<\/p>\n<\/li>\n<li>\n<p data-path-to-node=\"24,17,0\"><b data-path-to-node=\"24,17,0\" data-index-in-node=\"0\">Turnitin<\/b>: Llic\u00e8ncia campus<\/p>\n<\/li>\n<\/ul>\n<p><\/p>","protected":false},"excerpt":{"rendered":"<p>El Servei d&#8217;Infraestructura Inform\u00e0tica centralitza l&#8217;adquisici\u00f3 de llic\u00e8ncies campus de programari per a aules d&#8217;\u00fas com\u00fa o generalitzat a la Universitat, pressupostat pel Vicerectorat d&#8217;Estudis. S&#8217;aprofiten aix\u00ed les condicions avantatjoses de l&#8217;adquisici\u00f3 de grans volums i llic\u00e8ncies educatives que ofereixen les empreses, gestionant al seu torn contractes de manteniment de programari que proporcionen actualitzacions dels [&#8230;]<\/p>\n","protected":false},"author":61,"featured_media":0,"parent":347,"menu_order":0,"comment_status":"closed","ping_status":"open","template":"","meta":{"_links_to":"","_links_to_target":""},"_links":{"self":[{"href":"https:\/\/sii.umh.es\/ca\/wp-json\/wp\/v2\/pages\/412"}],"collection":[{"href":"https:\/\/sii.umh.es\/ca\/wp-json\/wp\/v2\/pages"}],"about":[{"href":"https:\/\/sii.umh.es\/ca\/wp-json\/wp\/v2\/types\/page"}],"author":[{"embeddable":true,"href":"https:\/\/sii.umh.es\/ca\/wp-json\/wp\/v2\/users\/61"}],"replies":[{"embeddable":true,"href":"https:\/\/sii.umh.es\/ca\/wp-json\/wp\/v2\/comments?post=412"}],"version-history":[{"count":0,"href":"https:\/\/sii.umh.es\/ca\/wp-json\/wp\/v2\/pages\/412\/revisions"}],"up":[{"embeddable":true,"href":"https:\/\/sii.umh.es\/ca\/wp-json\/wp\/v2\/pages\/347"}],"wp:attachment":[{"href":"https:\/\/sii.umh.es\/ca\/wp-json\/wp\/v2\/media?parent=412"}],"curies":[{"name":"wp","href":"https:\/\/api.w.org\/{rel}","templated":true}]}}