{"id":4087,"date":"2025-09-10T14:23:05","date_gmt":"2025-09-10T12:23:05","guid":{"rendered":"https:\/\/sii.umh.es\/?page_id=4087"},"modified":"2026-03-06T16:09:53","modified_gmt":"2026-03-06T15:09:53","slug":"licencia-campus-matlab","status":"publish","type":"page","link":"https:\/\/sii.umh.es\/ca\/servicios\/gestion-de-licencias\/licencia-campus-matlab\/","title":{"rendered":"Llic\u00e8ncia Campus Matlab"},"content":{"rendered":"<p><\/p>\n<p data-path-to-node=\"16\"><b data-path-to-node=\"16\" data-index-in-node=\"0\"><span style=\"font-weight: 400;\"><strong><img loading=\"lazy\" class=\"alignleft wp-image-4091\" src=\"https:\/\/sii.umh.es\/files\/2025\/09\/Matlab.jpg\" alt=\"\" width=\"180\" height=\"44\" \/><\/strong><\/span><\/b><\/p>\n<p data-path-to-node=\"28\"><b data-path-to-node=\"28\" data-index-in-node=\"0\">Descripci\u00f3:<\/b> La Universitat ha adquirit la <b data-path-to-node=\"28\" data-index-in-node=\"42\">Llic\u00e8ncia Campus<\/b> del programari MATLAB, la qual proporciona llic\u00e8ncies il\u00b7limitades de tots els seus productes en les aules, laboratoris, despatxos de professors i ordinadors particulars, tant del personal com dels alumnes matriculats.<\/p>\n<p data-path-to-node=\"29\">Entre altres opcions, des d&#8217;este portal es podr\u00e0:<\/p>\n<ul data-path-to-node=\"30\">\n<li>\n<p data-path-to-node=\"30,0,0\">Obrir MATLAB de manera online.<\/p>\n<\/li>\n<li>\n<p data-path-to-node=\"30,1,0\">Instal\u00b7lar MATLAB en el seu equip (Windows, Linux i macOS).<\/p>\n<\/li>\n<li>\n<p data-path-to-node=\"30,2,0\">Accedir a la plataforma de formaci\u00f3 online.<\/p>\n<\/li>\n<\/ul>\n<p data-path-to-node=\"6\"><strong>Llistat de productes inclosos:<\/strong><\/p>\n<table width=\"1006\">\n<tbody>\n<tr>\n<td width=\"331\">1. MATLAB<\/td>\n<td width=\"350\">43. Mapping Toolbox<\/td>\n<td width=\"325\">85. Signal Processing<\/td>\n<\/tr>\n<tr>\n<td>2. MATLAB Copilot<\/td>\n<td>44. MATLAB Coder<\/td>\n<td>86. SimBiology<\/td>\n<\/tr>\n<tr>\n<td>3. Simulink<\/td>\n<td>45. MATLAB Compiler<\/td>\n<td>87. SimEvents<\/td>\n<\/tr>\n<tr>\n<td>4. 5G Toolbox<\/td>\n<td>46. MATLAB Compiler SDK<\/td>\n<td>88. Simscape<\/td>\n<\/tr>\n<tr>\n<td>5. Aerospace Blockset<\/td>\n<td>47. MATLAB Parallel Server<\/td>\n<td>89. Simscape Battery<\/td>\n<\/tr>\n<tr>\n<td>6. Aerospace Toolbox<\/td>\n<td>48. MATLAB Production Server<\/td>\n<td>90. Simscape Driveline<\/td>\n<\/tr>\n<tr>\n<td>7. Antenna Toolbox<\/td>\n<td>49. MATLAB Report Generator<\/td>\n<td>91. Simscape Electrical<\/td>\n<\/tr>\n<tr>\n<td>8. Audio Toolbox<\/td>\n<td>50. MATLAB Test<\/td>\n<td>92. Simscape Fluids<\/td>\n<\/tr>\n<tr>\n<td>9.\u00a0 Aerospace Blockset<\/td>\n<td>51. MATLAB Web App Server<\/td>\n<td>93. Simscape Multibody<\/td>\n<\/tr>\n<tr>\n<td>10. AUTOSAR Blockset<\/td>\n<td>52. Medical Imaging Toolbox<\/td>\n<td>94. Simulink 3D Animation<\/td>\n<\/tr>\n<tr>\n<td>11. Bioinformatics Toolbox<\/td>\n<td>53. Mixed-Signal Blockset<\/td>\n<td>95. Simulink Check<\/td>\n<\/tr>\n<tr>\n<td>12. Bluetooth Toolbox<\/td>\n<td>54. Model Predictive Control Toolbox<\/td>\n<td>96. Simulink Code Inspector<\/td>\n<\/tr>\n<tr>\n<td>13. C2000 Microcontroller Blockset<\/td>\n<td>55. Model-Based Calibration Toolbox<\/td>\n<td>97. Simulink Coder<\/td>\n<\/tr>\n<tr>\n<td>14. Communications Toolbox<\/td>\n<td>56. Motor Control Blockset<\/td>\n<td>98. Simulink Compiler<\/td>\n<\/tr>\n<tr>\n<td>15. Computer Vision Toolbox<\/td>\n<td>57. Navigation Toolbox<\/td>\n<td>99. Simulink Control Design<\/td>\n<\/tr>\n<tr>\n<td>16. Control System Toolbox<\/td>\n<td>58. Optimization Toolbox<\/td>\n<td>100. Simulink Coverage<\/td>\n<\/tr>\n<tr>\n<td>17. Curve Fitting Toolbox<\/td>\n<td>59. Parallel Computing Toolbox<\/td>\n<td>101. Simulink Design Optimization<\/td>\n<\/tr>\n<tr>\n<td>18. Data Acquisition Toolbox<\/td>\n<td>60. Partial Differential Equation Toolbox<\/td>\n<td>102. Simulink Design Verifier<\/td>\n<\/tr>\n<tr>\n<td>19. Database Toolbox<\/td>\n<td>61. Phased Array System Toolbox<\/td>\n<td>103. Simulink Desktop Real-Time<\/td>\n<\/tr>\n<tr>\n<td>20. Datafeed Toolbox<\/td>\n<td>62. Polyspace Bug Finder<\/td>\n<td>104. Simulink Fault Analizer<\/td>\n<\/tr>\n<tr>\n<td>21. DDS Blockset<\/td>\n<td>63. Polyspace Code Prover<\/td>\n<td>105. Simulink PLC Coder<\/td>\n<\/tr>\n<tr>\n<td>22. Deep Learning Toolbox<\/td>\n<td>64. Polyspace Test<\/td>\n<td>106. Simulink Real-Time<\/td>\n<\/tr>\n<tr>\n<td>23. Deep Learning HDL Toolbox<\/td>\n<td>65. Powertrain Blockset<\/td>\n<td>107. Simulink Report Generator<\/td>\n<\/tr>\n<tr>\n<td>24. DSP HDL Toolbox<\/td>\n<td>66. Predictive Maintenance Toolbox<\/td>\n<td>108. Simulink Test<\/td>\n<\/tr>\n<tr>\n<td>25. DSP System Toolbox<\/td>\n<td>67. Radar Toolbox<\/td>\n<td>109. SoC Blockset<\/td>\n<\/tr>\n<tr>\n<td>26. Econometrics Toolbox<\/td>\n<td>68. Reinforcement Learning Toolbox<\/td>\n<td>110. Spreadsheet Link<\/td>\n<\/tr>\n<tr>\n<td>27. Embedded Coder<\/td>\n<td>69. Requirements Toolbox<\/td>\n<td>111. Stateflow<\/td>\n<\/tr>\n<tr>\n<td>28. Filter Design HDL Coder<\/td>\n<td>70. RF Blockset<\/td>\n<td>112. Statistics and Machine Learning Toolbox<\/td>\n<\/tr>\n<tr>\n<td>29. Financial Instruments Toolbox<\/td>\n<td>71. RF PCB Toolbox<\/td>\n<td>113. Symbolic Math Toolbox<\/td>\n<\/tr>\n<tr>\n<td>30. Financial Toolbox<\/td>\n<td>72. RF Toolbox<\/td>\n<td>114. System Composer<\/td>\n<\/tr>\n<tr>\n<td>31. Fixed-Point Designer<\/td>\n<td>73. Risk Management Toolbox<\/td>\n<td>115. System Identification Toolbox<\/td>\n<\/tr>\n<tr>\n<td>32. Fuzzy Logic Toolbox<\/td>\n<td>74. Roadrunner<\/td>\n<td>116. Text Analytics Toolbox<\/td>\n<\/tr>\n<tr>\n<td>33. Global Optimization Toolbox<\/td>\n<td>75. Roadrunner Asset Library<\/td>\n<td>117. UAV Toolbox<\/td>\n<\/tr>\n<tr>\n<td>34. GPU Coder<\/td>\n<td>76. RoadRunner Scenario<\/td>\n<td>118. Vehicle Dynamics Blockset<\/td>\n<\/tr>\n<tr>\n<td>35. HDL Coder<\/td>\n<td>77. RoadRunner Scene Builder<\/td>\n<td>119. Vehicle Network Toolbox<\/td>\n<\/tr>\n<tr>\n<td>36. HDL Verifier<\/td>\n<td>78. Robotics System Toolbox<\/td>\n<td>120. Vision HDL Toolbox<\/td>\n<\/tr>\n<tr>\n<td>37. Image Acquisition Toolbox<\/td>\n<td>79. Robust Control Toolbox<\/td>\n<td>121. Wavelet Toolbox<\/td>\n<\/tr>\n<tr>\n<td>38. Image Processing Toolbox<\/td>\n<td>80. ROS Toolbox<\/td>\n<td>122. Wireless HDL Toolbox<\/td>\n<\/tr>\n<tr>\n<td>39. Industrial Communication Toolbox<\/td>\n<td>81. Satellite Communications Toolbox<\/td>\n<td>123. Wireless Testbench<\/td>\n<\/tr>\n<tr>\n<td>40. Instrument Control Toolbox<\/td>\n<td>82. Sensor Fusion and Tracking Toolbox<\/td>\n<td>124. WLAN Toolbox<\/td>\n<\/tr>\n<tr>\n<td>41. Lidar Toolbox<\/td>\n<td>83. SerDes Toolbox<\/td>\n<td><\/td>\n<\/tr>\n<tr>\n<td>42. LTE Toolbox<\/td>\n<td>84. Signal Integrity Toolbox<\/td>\n<td><\/td>\n<\/tr>\n<\/tbody>\n<\/table>\n<p>&nbsp;<\/p>\n<p data-path-to-node=\"31\"><b data-path-to-node=\"31\" data-index-in-node=\"0\">Destinataris:<\/b><\/p>\n<ul data-path-to-node=\"32\">\n<li>\n<p data-path-to-node=\"32,0,0\">Personal UMH i estudiants UMH.<\/p>\n<\/li>\n<\/ul>\n<p data-path-to-node=\"33\"><b data-path-to-node=\"33\" data-index-in-node=\"0\">Acc\u00e9s i instal\u00b7laci\u00f3:<\/b><\/p>\n<ul data-path-to-node=\"34\">\n<li>\n<p data-path-to-node=\"34,0,0\">Per a l&#8217;\u00fas d&#8217;estes llic\u00e8ncies, s&#8217;ha d&#8217;accedir al portal de MATLAB (<a class=\"ng-star-inserted\" href=\"https:\/\/matlab.mathworks.com\/\" target=\"_blank\" rel=\"noopener\" data-hveid=\"0\" data-ved=\"0CAAQ_4QMahgKEwjr3LXjl4uTAxUAAAAAHQAAAAAQ9wI\">https:\/\/matlab.mathworks.com\/<\/a>) i iniciar sessi\u00f3 amb el correu de la Universitat (xxxxx@umh.es o xxxxx@goumh.umh.es).<\/p>\n<\/li>\n<li>\n<p data-path-to-node=\"34,1,0\">La primera vegada, el sistema sol\u00b7licitar\u00e0 crear un compte de MATLAB. Una vegada dins del portal, apareixeran les opcions &#8220;Obrir MATLAB Online&#8221; o &#8220;Instal\u00b7lar MATLAB&#8221;.<\/p>\n<\/li>\n<\/ul>\n<p data-path-to-node=\"35\"><b data-path-to-node=\"35\" data-index-in-node=\"0\">Instal\u00b7laci\u00f3 de MATLAB:<\/b><\/p>\n<ol start=\"1\" data-path-to-node=\"36\">\n<li>\n<p data-path-to-node=\"36,0,0\">Dins del portal, polse en &#8220;Instal\u00b7lar MATLAB&#8221;.<\/p>\n<\/li>\n<li>\n<p data-path-to-node=\"36,1,0\">Descarregue la versi\u00f3 de MATLAB i el sistema operatiu desitjat (Windows, macOS o Linux) i execute l&#8217;instal\u00b7lador.<\/p>\n<\/li>\n<li>\n<p data-path-to-node=\"36,2,0\">Durant la instal\u00b7laci\u00f3, se sol\u00b7licitar\u00e0 de nou el correu de la Universitat (xxxxx@umh.es o xxxxxxx@goumh.umh.es).<\/p>\n<\/li>\n<li>\n<p data-path-to-node=\"36,3,0\">Realitze la instal\u00b7laci\u00f3 per defecte, seleccionant els productes que vulga instal\u00b7lar.<\/p>\n<\/li>\n<\/ol>\n<p><\/p>","protected":false},"excerpt":{"rendered":"<p>Descripci\u00f3: La Universitat ha adquirit la Llic\u00e8ncia Campus del programari MATLAB, la qual proporciona llic\u00e8ncies il\u00b7limitades de tots els seus productes en les aules, laboratoris, despatxos de professors i ordinadors particulars, tant del personal com dels alumnes matriculats.<br \/>\nEntre altres opcions, des d&#8217;este portal es podr\u00e0:<\/p>\n<p>Obrir MATLAB de manera online.<\/p>\n<p>Instal\u00b7lar MATLAB en el seu equip (Windows, [&#8230;]<\/p>\n","protected":false},"author":61,"featured_media":0,"parent":346,"menu_order":4,"comment_status":"closed","ping_status":"closed","template":"","meta":{"_links_to":"","_links_to_target":""},"_links":{"self":[{"href":"https:\/\/sii.umh.es\/ca\/wp-json\/wp\/v2\/pages\/4087"}],"collection":[{"href":"https:\/\/sii.umh.es\/ca\/wp-json\/wp\/v2\/pages"}],"about":[{"href":"https:\/\/sii.umh.es\/ca\/wp-json\/wp\/v2\/types\/page"}],"author":[{"embeddable":true,"href":"https:\/\/sii.umh.es\/ca\/wp-json\/wp\/v2\/users\/61"}],"replies":[{"embeddable":true,"href":"https:\/\/sii.umh.es\/ca\/wp-json\/wp\/v2\/comments?post=4087"}],"version-history":[{"count":0,"href":"https:\/\/sii.umh.es\/ca\/wp-json\/wp\/v2\/pages\/4087\/revisions"}],"up":[{"embeddable":true,"href":"https:\/\/sii.umh.es\/ca\/wp-json\/wp\/v2\/pages\/346"}],"wp:attachment":[{"href":"https:\/\/sii.umh.es\/ca\/wp-json\/wp\/v2\/media?parent=4087"}],"curies":[{"name":"wp","href":"https:\/\/api.w.org\/{rel}","templated":true}]}}