{"id":4,"date":"2008-04-23T10:34:25","date_gmt":"2008-04-23T08:34:25","guid":{"rendered":"http:\/\/si.zeus.umh.es\/presentacion\/"},"modified":"2026-03-09T13:23:16","modified_gmt":"2026-03-09T12:23:16","slug":"presentacion","status":"publish","type":"page","link":"https:\/\/sii.umh.es\/ca\/presentacion\/","title":{"rendered":"Presentaci\u00f3"},"content":{"rendered":"<p>El <strong>Servei d&#8217;Infraestructura Inform\u00e0tica<\/strong>, d&#8217;acord amb la direcci\u00f3 de la Universitat Miguel Hern\u00e1ndez, t\u00e9 com a funcions:<\/p>\n<ul>\n<li>Gesti\u00f3 del Centre d&#8217;Atenci\u00f3 a l&#8217;Usuari (CAU):\n<ul>\n<li>Gesti\u00f3 d&#8217;incid\u00e8ncies inform\u00e0tiques.<\/li>\n<li>Gesti\u00f3 de reparacions microinform\u00e0tiques.<\/li>\n<\/ul>\n<\/li>\n<li>Gesti\u00f3 de l&#8217;equipament inform\u00e0tic i del programari corporatiu:\n<ul>\n<li>Gesti\u00f3 de l&#8217;equipament inform\u00e0tic per a PDI i PAS.<\/li>\n<li>Instal\u00b7laci\u00f3 del programari corporatiu.<\/li>\n<li>Servei centralitzat d&#8217;impressi\u00f3 del PAS.<\/li>\n<li>Bases de dades corporatives &#8211; Oracle.<\/li>\n<\/ul>\n<\/li>\n<li>Gesti\u00f3 dels serveis de comunicacions:\n<ul>\n<li>Gesti\u00f3 de la xarxa de telefonia:\n<ul>\n<li>Telefonia fixa.<\/li>\n<li>Telefonia m\u00f2bil.<\/li>\n<li>Videoconfer\u00e8ncia.<\/li>\n<\/ul>\n<\/li>\n<li>Gesti\u00f3 de la xarxa de la UMH:\n<ul>\n<li>Xarxa cablejada.<\/li>\n<li>Xarxa WIFI.<\/li>\n<li>Acc\u00e9s remot a la xarxa (VPN).<\/li>\n<\/ul>\n<\/li>\n<\/ul>\n<\/li>\n<li>Gesti\u00f3 d&#8217;aules inform\u00e0tiques:\n<ul>\n<li>Gesti\u00f3 i manteniment d&#8217;equips d&#8217;aules docents.<\/li>\n<li>Gesti\u00f3 i manteniment d&#8217;equips de laboratoris docents.<\/li>\n<\/ul>\n<\/li>\n<li>Gesti\u00f3 de llic\u00e8ncies campus i docents:\n<ul>\n<li>Llic\u00e8ncia campus de Microsoft.<\/li>\n<li>Llic\u00e8ncies programari docents.<\/li>\n<li>Llic\u00e8ncies programari institucional.<\/li>\n<li>Portal Office 365 (MiUMH).<\/li>\n<\/ul>\n<\/li>\n<li>Gesti\u00f3 de mitjans audiovisuals:\n<ul>\n<li>Gesti\u00f3 i manteniment de mitjans audiovisuals.<\/li>\n<\/ul>\n<\/li>\n<li>Gesti\u00f3 del CPD:\n<ul>\n<li>Gesti\u00f3 i manteniment dels CPD d&#8217;Elx i Sant Joan.<\/li>\n<\/ul>\n<\/li>\n<\/ul>\n<div align=\"center\"><a href=\"https:\/\/www.facebook.com\/ssiiumh\" target=\"_blank\" rel=\"noopener noreferrer\"><img src=\"https:\/\/sii.umh.es\/files\/2013\/05\/icono-fb-e1368634017341.png\" alt=\"facebook\" border=\"0\" \/><\/a>&nbsp; <a href=\"https:\/\/twitter.com\/SI_UMH\" target=\"_blank\" rel=\"noopener noreferrer\"><img src=\"https:\/\/sii.umh.es\/files\/2013\/05\/icono-twitter-e1368634040842.png\" alt=\"twitter\" border=\"0\" \/><\/a>&nbsp; <a href=\"https:\/\/www.youtube.com\/ssiiumh\" target=\"_blank\" rel=\"noopener noreferrer\"><img src=\"https:\/\/sii.umh.es\/files\/2013\/05\/icono-utube-e1368634058925.png\" alt=\"youtube\" border=\"0\" \/><\/a><\/div>\n<p><\/p>","protected":false},"excerpt":{"rendered":"<p>El Servei d&#8217;Infraestructura Inform\u00e0tica, d&#8217;acord amb la direcci\u00f3 de la Universitat Miguel Hern\u00e1ndez, t\u00e9 com a funcions:<\/p>\n<p>Gesti\u00f3 del Centre d&#8217;Atenci\u00f3 a l&#8217;Usuari (CAU):<\/p>\n<p>Gesti\u00f3 d&#8217;incid\u00e8ncies inform\u00e0tiques.<br \/>\nGesti\u00f3 de reparacions microinform\u00e0tiques.<\/p>\n<p>Gesti\u00f3 de l&#8217;equipament inform\u00e0tic i del programari corporatiu:<\/p>\n<p>Gesti\u00f3 de l&#8217;equipament inform\u00e0tic per a PDI i PAS.<br \/>\nInstal\u00b7laci\u00f3 del programari corporatiu.<br \/>\nServei centralitzat d&#8217;impressi\u00f3 del PAS.<br \/>\nBases de dades corporatives &#8211; Oracle.<\/p>\n<p>Gesti\u00f3 [&#8230;]<\/p>\n","protected":false},"author":61,"featured_media":0,"parent":0,"menu_order":0,"comment_status":"closed","ping_status":"open","template":"","meta":{"_links_to":"","_links_to_target":""},"_links":{"self":[{"href":"https:\/\/sii.umh.es\/ca\/wp-json\/wp\/v2\/pages\/4"}],"collection":[{"href":"https:\/\/sii.umh.es\/ca\/wp-json\/wp\/v2\/pages"}],"about":[{"href":"https:\/\/sii.umh.es\/ca\/wp-json\/wp\/v2\/types\/page"}],"author":[{"embeddable":true,"href":"https:\/\/sii.umh.es\/ca\/wp-json\/wp\/v2\/users\/61"}],"replies":[{"embeddable":true,"href":"https:\/\/sii.umh.es\/ca\/wp-json\/wp\/v2\/comments?post=4"}],"version-history":[{"count":0,"href":"https:\/\/sii.umh.es\/ca\/wp-json\/wp\/v2\/pages\/4\/revisions"}],"wp:attachment":[{"href":"https:\/\/sii.umh.es\/ca\/wp-json\/wp\/v2\/media?parent=4"}],"curies":[{"name":"wp","href":"https:\/\/api.w.org\/{rel}","templated":true}]}}