{"id":3953,"date":"2025-03-17T11:34:33","date_gmt":"2025-03-17T10:34:33","guid":{"rendered":"https:\/\/sii.umh.es\/?page_id=3953"},"modified":"2026-02-09T13:42:58","modified_gmt":"2026-02-09T12:42:58","slug":"herramientas-anotaciones-synetech","status":"publish","type":"page","link":"https:\/\/sii.umh.es\/ca\/servicios\/gestion-de-aulas-informaticas\/pantallas-interactivas\/synetech-2\/herramientas-anotaciones-synetech\/","title":{"rendered":"Eina d&#8217;anotacions"},"content":{"rendered":"<p>Quan s&#8217;est\u00e0 presentant a trav\u00e9s d&#8217;un port\u00e0til o PC, tenim l&#8217;opci\u00f3 de realitzar anotacions sobre la pantalla activant el men\u00fa <strong>Marcar<\/strong>, accedint des de tots dos extrems de la pantalla.<img loading=\"lazy\" class=\"size-full wp-image-3956 aligncenter\" src=\"https:\/\/sii.umh.es\/files\/2025\/03\/synetech-menu-ANOTACIONES.jpg\" alt=\"\" width=\"600\" height=\"277\" srcset=\"https:\/\/sii.umh.es\/files\/2025\/03\/synetech-menu-ANOTACIONES.jpg 600w, https:\/\/sii.umh.es\/files\/2025\/03\/synetech-menu-ANOTACIONES-300x139.jpg 300w\" sizes=\"(max-width: 600px) 100vw, 600px\" \/><\/p>\n<hr \/>\n<p>En seleccionar Marcar, apareixer\u00e0 una barra amb una s\u00e8rie d&#8217;eines, que podem moure per la pantalla del panell.<\/p>\n<ul>\n<li><strong>Seleccionar<\/strong>: Aquesta eina ens permet seleccionar elements.<\/li>\n<li><strong>Bol\u00edgraf i Pinzell<\/strong>: Aquestes eines ens permeten dibuixar i escriure sobre la pantalla. Polsant sobre elles, podem seleccionar el color.<\/li>\n<li><strong>Eliminar<\/strong>: S&#8217;eliminaran totes les marques realitzades en la pantalla.<\/li>\n<li><strong>Guardar<\/strong>: Es fa de manera autom\u00e0tica una captura de pantalla i es guarda en arxius locals.<\/li>\n<li><strong>M\u00e9s<\/strong>: Ens permet guardar el document en una carpeta seleccionada, compartir-lo a trav\u00e9s de QR, pujar-lo al n\u00favol o insertar-lo en la pissarra com a imatge per a poder continuar treballant sobre el contingut ressaltat.<\/li>\n<li><strong>Tancar<\/strong>: Eixir de l&#8217;eina.\n<div style=\"font-size: 14px;border: solid 1px grey;padding: 10px;margin: 10px auto;width: 65%\"><strong>Nota:<\/strong> Per a ampliar m\u00e9s informaci\u00f3 sobre l&#8217;\u00fas d&#8217;aquesta aplicaci\u00f3, cal consultar el <a href=\"https:\/\/sii.umh.es\/files\/2025\/03\/Manual_PISCIS_PXX79_red.pdf\" target=\"_blank\" rel=\"noopener\">manual d&#8217;\u00fas de la pantalla<\/a>.<\/div>\n<\/li>\n<\/ul>\n<hr \/>\n<p><\/p>","protected":false},"excerpt":{"rendered":"<p>Quan s&#8217;est\u00e0 presentant a trav\u00e9s d&#8217;un port\u00e0til o PC, tenim l&#8217;opci\u00f3 de realitzar anotacions sobre la pantalla activant el men\u00fa Marcar, accedint des de tots dos extrems de la pantalla.<\/p>\n<p>En seleccionar Marcar, apareixer\u00e0 una barra amb una s\u00e8rie d&#8217;eines, que podem moure per la pantalla del panell.<\/p>\n<p>Seleccionar: Aquesta eina ens permet seleccionar elements.<br \/>\nBol\u00edgraf i Pinzell: [&#8230;]<\/p>\n","protected":false},"author":24275,"featured_media":0,"parent":3842,"menu_order":0,"comment_status":"closed","ping_status":"closed","template":"","meta":{"_links_to":"","_links_to_target":""},"_links":{"self":[{"href":"https:\/\/sii.umh.es\/ca\/wp-json\/wp\/v2\/pages\/3953"}],"collection":[{"href":"https:\/\/sii.umh.es\/ca\/wp-json\/wp\/v2\/pages"}],"about":[{"href":"https:\/\/sii.umh.es\/ca\/wp-json\/wp\/v2\/types\/page"}],"author":[{"embeddable":true,"href":"https:\/\/sii.umh.es\/ca\/wp-json\/wp\/v2\/users\/24275"}],"replies":[{"embeddable":true,"href":"https:\/\/sii.umh.es\/ca\/wp-json\/wp\/v2\/comments?post=3953"}],"version-history":[{"count":0,"href":"https:\/\/sii.umh.es\/ca\/wp-json\/wp\/v2\/pages\/3953\/revisions"}],"up":[{"embeddable":true,"href":"https:\/\/sii.umh.es\/ca\/wp-json\/wp\/v2\/pages\/3842"}],"wp:attachment":[{"href":"https:\/\/sii.umh.es\/ca\/wp-json\/wp\/v2\/media?parent=3953"}],"curies":[{"name":"wp","href":"https:\/\/api.w.org\/{rel}","templated":true}]}}