{"id":389,"date":"2011-04-11T14:06:07","date_gmt":"2011-04-11T12:06:07","guid":{"rendered":"http:\/\/si.zeus.umh.es\/?page_id=389"},"modified":"2026-03-09T12:19:04","modified_gmt":"2026-03-09T11:19:04","slug":"buzon-de-sugerencias","status":"publish","type":"page","link":"https:\/\/sii.umh.es\/ca\/presentacion\/buzon-de-sugerencias\/","title":{"rendered":"Buz\u00f3n de sugerencias"},"content":{"rendered":"<p>Pot fer-nos arribar qualsevol suggeriment a trav\u00e9s del correu electr\u00f2nic <a href=\"mailto:sii@umh.es\">sii@umh.es<\/a>.<\/p>\n<p>Gr\u00e0cies per la seua col\u00b7laboraci\u00f3.<\/p>","protected":false},"excerpt":{"rendered":"<p>Pot fer-nos arribar qualsevol suggeriment a trav\u00e9s del correu electr\u00f2nic sii@umh.es.<br \/>\nGr\u00e0cies per la seua col\u00b7laboraci\u00f3.<\/p>\n","protected":false},"author":3,"featured_media":0,"parent":4,"menu_order":30,"comment_status":"closed","ping_status":"open","template":"","meta":{"_links_to":"","_links_to_target":""},"_links":{"self":[{"href":"https:\/\/sii.umh.es\/ca\/wp-json\/wp\/v2\/pages\/389"}],"collection":[{"href":"https:\/\/sii.umh.es\/ca\/wp-json\/wp\/v2\/pages"}],"about":[{"href":"https:\/\/sii.umh.es\/ca\/wp-json\/wp\/v2\/types\/page"}],"author":[{"embeddable":true,"href":"https:\/\/sii.umh.es\/ca\/wp-json\/wp\/v2\/users\/3"}],"replies":[{"embeddable":true,"href":"https:\/\/sii.umh.es\/ca\/wp-json\/wp\/v2\/comments?post=389"}],"version-history":[{"count":0,"href":"https:\/\/sii.umh.es\/ca\/wp-json\/wp\/v2\/pages\/389\/revisions"}],"up":[{"embeddable":true,"href":"https:\/\/sii.umh.es\/ca\/wp-json\/wp\/v2\/pages\/4"}],"wp:attachment":[{"href":"https:\/\/sii.umh.es\/ca\/wp-json\/wp\/v2\/media?parent=389"}],"curies":[{"name":"wp","href":"https:\/\/api.w.org\/{rel}","templated":true}]}}