{"id":3863,"date":"2025-03-13T13:41:02","date_gmt":"2025-03-13T12:41:02","guid":{"rendered":"https:\/\/sii.umh.es\/?page_id=3863"},"modified":"2026-02-09T13:31:15","modified_gmt":"2026-02-09T12:31:15","slug":"uso-de-la-pizarra-pantallas-synetech","status":"publish","type":"page","link":"https:\/\/sii.umh.es\/ca\/servicios\/gestion-de-aulas-informaticas\/pantallas-interactivas\/synetech-2\/uso-de-la-pizarra-pantallas-synetech\/","title":{"rendered":"\u00das de la pissarra &#8211; Pantalles Synetech"},"content":{"rendered":"<p><\/p>\n<ol>\n<li>Encendre la <strong>regleta<\/strong> situada en la part posterior de la pantalla.<br \/>\n<hr \/>\n<\/li>\n<li><a href=\"https:\/\/sii.umh.es\/files\/2025\/03\/synetech-encendido.png\"><img loading=\"lazy\" class=\" wp-image-3896 alignleft\" src=\"https:\/\/sii.umh.es\/files\/2025\/03\/synetech-encendido.png\" alt=\"\" width=\"25\" height=\"30\" \/><\/a>Encendre la pantalla interactiva des del <strong>bot\u00f3 d&#8217;encesa<\/strong> situat en la part frontal inferior dreta.\n<div style=\"font-size: 14px;border: solid 1px grey;padding: 10px;margin: 10px auto;width: 65%\"><strong><img loading=\"lazy\" class=\"aligncenter size-full wp-image-3887\" src=\"https:\/\/sii.umh.es\/files\/2025\/03\/sinetech-interruptor.jpg\" alt=\"\" width=\"200\" height=\"90\" \/>Nota:<\/strong> si la pantalla no s&#8217;enc\u00e9n, comprovar que l&#8217;<a style=\"font-size: 14px\" href=\"https:\/\/sii.umh.es\/files\/2025\/03\/sinetech-interruptor.jpg\" target=\"_blank\" rel=\"noopener\"> interruptor situat en la part posterior de l&#8217;equip<\/a> estiga enc\u00e9s.<\/div>\n<hr \/>\n<\/li>\n<li>Des de tots dos extrems de la pantalla podem expandir el quadre d&#8217;opcions.<img loading=\"lazy\" class=\"aligncenter size-full wp-image-3932\" src=\"https:\/\/sii.umh.es\/files\/2025\/03\/synetech-menuc-1.jpg\" alt=\"\" width=\"800\" height=\"369\" srcset=\"https:\/\/sii.umh.es\/files\/2025\/03\/synetech-menuc-1.jpg 800w, https:\/\/sii.umh.es\/files\/2025\/03\/synetech-menuc-1-300x138.jpg 300w, https:\/\/sii.umh.es\/files\/2025\/03\/synetech-menuc-1-768x354.jpg 768w\" sizes=\"(max-width: 800px) 100vw, 800px\" \/><br \/>\n<hr \/>\n<\/li>\n<li><a href=\"https:\/\/sii.umh.es\/files\/2025\/03\/synetech-entradas-2.png\"><img loading=\"lazy\" class=\"wp-image-3899 alignleft\" src=\"https:\/\/sii.umh.es\/files\/2025\/03\/synetech-entradas-2.png\" alt=\"\" width=\"37\" height=\"45\" \/><\/a>\n<ol>\n<li>Polsar sobre la icona Men\u00fa i seleccionar l&#8217;entrada <strong>ANDROID<\/strong>. El <img loading=\"lazy\" class=\"size-full wp-image-3914 alignnone\" src=\"https:\/\/sii.umh.es\/files\/2025\/03\/puntoVerde.jpg\" alt=\"\" width=\"12\" height=\"14\" \/> <strong>punt verd<\/strong>, al costat del nom de l&#8217;entrada, ressalta aquelles entrades que estan connectades. La <img loading=\"lazy\" class=\"wp-image-3911 alignnone\" src=\"https:\/\/sii.umh.es\/files\/2025\/03\/iconoVerde.jpg\" alt=\"\" width=\"20\" height=\"20\" \/> <strong>icona en verd<\/strong> indica l&#8217;entrada en la qual est\u00e0s actiu.<\/li>\n<\/ol>\n<p> <a href=\"https:\/\/sii.umh.es\/files\/2025\/03\/synetech-tipos-de-entradas.png\"><img loading=\"lazy\" class=\"aligncenter wp-image-3860\" src=\"https:\/\/sii.umh.es\/files\/2025\/03\/synetech-tipos-de-entradas.png\" alt=\"\" width=\"394\" height=\"215\" srcset=\"https:\/\/sii.umh.es\/files\/2025\/03\/synetech-tipos-de-entradas.png 586w, https:\/\/sii.umh.es\/files\/2025\/03\/synetech-tipos-de-entradas-300x163.png 300w\" sizes=\"(max-width: 394px) 100vw, 394px\" \/><\/a><\/li>\n<\/ol>\n<p> <img loading=\"lazy\" class=\" wp-image-3869 alignleft\" src=\"https:\/\/sii.umh.es\/files\/2025\/03\/synetech-pizarra-icono.png\" alt=\"\" width=\"45\" height=\"41\" \/> En la pantalla d&#8217;inici, polsem sobre l&#8217;aplicaci\u00f3 pissarra.<\/p>\n<p><img loading=\"lazy\" class=\"aligncenter size-full wp-image-3935\" src=\"https:\/\/sii.umh.es\/files\/2025\/03\/synetech-menu-pizarra.png\" alt=\"\" width=\"600\" height=\"307\" srcset=\"https:\/\/sii.umh.es\/files\/2025\/03\/synetech-menu-pizarra.png 600w, https:\/\/sii.umh.es\/files\/2025\/03\/synetech-menu-pizarra-300x154.png 300w\" sizes=\"(max-width: 600px) 100vw, 600px\" \/><\/p>\n<p>Una vegada dins de l&#8217;aplicaci\u00f3, les eines b\u00e0siques per al maneig de les funcionalitats de la pissarra s\u00f3n:<\/p>\n<p><img loading=\"lazy\" class=\"aligncenter size-full wp-image-3938\" src=\"https:\/\/sii.umh.es\/files\/2025\/03\/Synetech-barraherramientaspizarra.jpg\" alt=\"\" width=\"1120\" height=\"66\" srcset=\"https:\/\/sii.umh.es\/files\/2025\/03\/Synetech-barraherramientaspizarra.jpg 1120w, https:\/\/sii.umh.es\/files\/2025\/03\/Synetech-barraherramientaspizarra-300x18.jpg 300w, https:\/\/sii.umh.es\/files\/2025\/03\/Synetech-barraherramientaspizarra-1024x60.jpg 1024w, https:\/\/sii.umh.es\/files\/2025\/03\/Synetech-barraherramientaspizarra-768x45.jpg 768w\" sizes=\"(max-width: 1120px) 100vw, 1120px\" \/><\/p>\n<p><img loading=\"lazy\" class=\"size-full wp-image-3950 alignnone\" src=\"https:\/\/sii.umh.es\/files\/2025\/03\/Synetech-lapiz.jpg\" alt=\"\" width=\"41\" height=\"45\" \/><strong> Pen\/Llapis<\/strong>, ens permet dibuixar en la pissarra (mantenint polsat expandim les diferents opcions que t\u00e9 l&#8217;eina: color, grand\u00e0ria, etc.).<\/p>\n<p><img loading=\"lazy\" class=\"size-full wp-image-3947 alignnone\" src=\"https:\/\/sii.umh.es\/files\/2025\/03\/synetech-selector.jpg\" alt=\"\" width=\"41\" height=\"45\" \/><strong> Selector<\/strong>, ens permetr\u00e0 seleccionar els elements de la pissarra per a la seua edici\u00f3 (modificar grand\u00e0ria, moure, esborrar).<\/p>\n<p><img loading=\"lazy\" class=\"size-full wp-image-3944 alignnone\" src=\"https:\/\/sii.umh.es\/files\/2025\/03\/synetech-borrador.jpg\" alt=\"\" width=\"41\" height=\"45\" \/><strong>Esborrador<\/strong>, per a esborrar elements dibuixats.<\/p>\n<p><img loading=\"lazy\" class=\"size-full wp-image-3941 alignnone\" src=\"https:\/\/sii.umh.es\/files\/2025\/03\/synetech-salir.jpg\" alt=\"\" width=\"41\" height=\"45\" \/><strong>Exit\/Eixir<\/strong>, permet eixir de l&#8217;aplicaci\u00f3.<\/p>\n<div style=\"font-size: 14px;border: solid 1px grey;padding: 10px;margin: 10px auto;width: 65%\"><strong>Nota:<\/strong> Per a ampliar m\u00e9s informaci\u00f3 sobre l&#8217;\u00fas d&#8217;aquesta aplicaci\u00f3, cal consultar el <a href=\"https:\/\/sii.umh.es\/files\/2025\/03\/Manual_PISCIS_PXX79_red.pdf\" target=\"_blank\" rel=\"noopener\">manual d&#8217;\u00fas de la pantalla<\/a>.<\/div>\n<hr \/>\n<p><\/p>","protected":false},"excerpt":{"rendered":"<p>Encendre la regleta situada en la part posterior de la pantalla.<\/p>\n<p>Encendre la pantalla interactiva des del bot\u00f3 d&#8217;encesa situat en la part frontal inferior dreta.<br \/>\nNota: si la pantalla no s&#8217;enc\u00e9n, comprovar que l&#8217; interruptor situat en la part posterior de l&#8217;equip estiga enc\u00e9s.<\/p>\n<p>Des de tots dos extrems de la pantalla podem expandir el quadre d&#8217;opcions.<\/p>\n<p>Polsar [&#8230;]<\/p>\n","protected":false},"author":24275,"featured_media":0,"parent":3842,"menu_order":0,"comment_status":"closed","ping_status":"closed","template":"","meta":{"_links_to":"","_links_to_target":""},"_links":{"self":[{"href":"https:\/\/sii.umh.es\/ca\/wp-json\/wp\/v2\/pages\/3863"}],"collection":[{"href":"https:\/\/sii.umh.es\/ca\/wp-json\/wp\/v2\/pages"}],"about":[{"href":"https:\/\/sii.umh.es\/ca\/wp-json\/wp\/v2\/types\/page"}],"author":[{"embeddable":true,"href":"https:\/\/sii.umh.es\/ca\/wp-json\/wp\/v2\/users\/24275"}],"replies":[{"embeddable":true,"href":"https:\/\/sii.umh.es\/ca\/wp-json\/wp\/v2\/comments?post=3863"}],"version-history":[{"count":0,"href":"https:\/\/sii.umh.es\/ca\/wp-json\/wp\/v2\/pages\/3863\/revisions"}],"up":[{"embeddable":true,"href":"https:\/\/sii.umh.es\/ca\/wp-json\/wp\/v2\/pages\/3842"}],"wp:attachment":[{"href":"https:\/\/sii.umh.es\/ca\/wp-json\/wp\/v2\/media?parent=3863"}],"curies":[{"name":"wp","href":"https:\/\/api.w.org\/{rel}","templated":true}]}}