{"id":3854,"date":"2025-03-13T13:26:16","date_gmt":"2025-03-13T12:26:16","guid":{"rendered":"https:\/\/sii.umh.es\/?page_id=3854"},"modified":"2026-02-09T13:28:04","modified_gmt":"2026-02-09T12:28:04","slug":"como-conectar-un-portatil-pantallas-synetech","status":"publish","type":"page","link":"https:\/\/sii.umh.es\/ca\/servicios\/gestion-de-aulas-informaticas\/pantallas-interactivas\/synetech-2\/como-conectar-un-portatil-pantallas-synetech\/","title":{"rendered":"Com connectar un port\u00e0til a una pantalla interactiva Synetech"},"content":{"rendered":"<p><\/p>\n<ol>\n<li>Encendre la <strong>regleta<\/strong> situada en la part posterior de la pantalla.<br \/>\n<hr \/>\n<\/li>\n<li><a href=\"https:\/\/sii.umh.es\/files\/2025\/03\/synetech-encendido.png\"><img loading=\"lazy\" class=\" wp-image-3896 alignleft\" src=\"https:\/\/sii.umh.es\/files\/2025\/03\/synetech-encendido.png\" alt=\"\" width=\"25\" height=\"30\" \/><\/a>Encendre la pantalla interactiva des del <strong>bot\u00f3 d&#8217;encesa<\/strong> situat en la part frontal inferior dreta.\n<div style=\"font-size: 14px;border: solid 1px grey;padding: 10px;margin: 10px auto;width: 65%\"><strong><img loading=\"lazy\" class=\"aligncenter size-full wp-image-3887\" src=\"https:\/\/sii.umh.es\/files\/2025\/03\/sinetech-interruptor.jpg\" alt=\"\" width=\"200\" height=\"90\" \/>Nota:<\/strong> si la pantalla no s&#8217;enc\u00e9n, comprovar que l&#8217;<a style=\"font-size: 14px\" href=\"https:\/\/sii.umh.es\/files\/2025\/03\/sinetech-interruptor.jpg\" target=\"_blank\" rel=\"noopener\"> interruptor situat en la part posterior de l&#8217;equip<\/a> estiga enc\u00e9s.<\/div>\n<\/li>\n<li>\n<hr \/>\n<p><span style=\"font-weight: 400\">Connectar el <\/span><b>port\u00e0til <\/b><span style=\"font-weight: 400\">al port <\/span><b>HDMI-1<\/b><span style=\"font-weight: 400\"><span style=\"font-weight: 400\"> situat en la part lateral dreta de la pantalla interactiva.<img loading=\"lazy\" class=\"aligncenter size-full wp-image-3986\" src=\"https:\/\/sii.umh.es\/files\/2025\/03\/synetech-conectarHDMI-1.png\" alt=\"\" width=\"800\" height=\"369\" srcset=\"https:\/\/sii.umh.es\/files\/2025\/03\/synetech-conectarHDMI-1.png 800w, https:\/\/sii.umh.es\/files\/2025\/03\/synetech-conectarHDMI-1-300x138.png 300w, https:\/\/sii.umh.es\/files\/2025\/03\/synetech-conectarHDMI-1-768x354.png 768w\" sizes=\"(max-width: 800px) 100vw, 800px\" \/><\/span><\/span><\/p>\n<hr \/>\n<\/li>\n<li>Des de tots dos extrems de la pantalla podem expandir el quadre d&#8217;opcions.<img loading=\"lazy\" class=\"aligncenter size-full wp-image-3932\" src=\"https:\/\/sii.umh.es\/files\/2025\/03\/synetech-menuc-1.jpg\" alt=\"\" width=\"800\" height=\"369\" srcset=\"https:\/\/sii.umh.es\/files\/2025\/03\/synetech-menuc-1.jpg 800w, https:\/\/sii.umh.es\/files\/2025\/03\/synetech-menuc-1-300x138.jpg 300w, https:\/\/sii.umh.es\/files\/2025\/03\/synetech-menuc-1-768x354.jpg 768w\" sizes=\"(max-width: 800px) 100vw, 800px\" \/><br \/>\n<hr \/>\n<\/li>\n<li><a href=\"https:\/\/sii.umh.es\/files\/2025\/03\/synetech-entradas-2.png\"><img loading=\"lazy\" class=\"wp-image-3899 alignleft\" src=\"https:\/\/sii.umh.es\/files\/2025\/03\/synetech-entradas-2.png\" alt=\"\" width=\"37\" height=\"45\" \/><\/a>Polsar sobre la icona Men\u00fa i seleccionar l&#8217;entrada <strong>HDMI 1<\/strong>. El <img loading=\"lazy\" class=\"alignnone wp-image-3914 size-full\" src=\"https:\/\/sii.umh.es\/files\/2025\/03\/puntoVerde.jpg\" alt=\"\" width=\"12\" height=\"14\" \/> <strong>punt verd<\/strong>, al costat del nom de l&#8217;entrada, ressalta aquelles entrades que estan connectades. La <img loading=\"lazy\" class=\"alignnone wp-image-3977\" src=\"https:\/\/sii.umh.es\/files\/2025\/03\/hdmi.png\" alt=\"\" width=\"30\" height=\"31\" \/> <strong>icona en verd<\/strong> indica l&#8217;entrada en la qual est\u00e0s actiu.<\/li>\n<\/ol>\n<p> <a href=\"https:\/\/sii.umh.es\/files\/2025\/03\/synetech-tipos-de-entradas.png\"><img loading=\"lazy\" class=\" wp-image-3974 aligncenter\" src=\"https:\/\/sii.umh.es\/files\/2025\/03\/hdmi-1.png\" alt=\"\" width=\"450\" height=\"245\" srcset=\"https:\/\/sii.umh.es\/files\/2025\/03\/hdmi-1.png 586w, https:\/\/sii.umh.es\/files\/2025\/03\/hdmi-1-300x163.png 300w\" sizes=\"(max-width: 450px) 100vw, 450px\" \/><\/a><\/p>\n<hr \/>\n<h3>Habilitar funcionalitat t\u00e0ctil del port\u00e0til en pantalla interactiva<\/h3>\n<p> La pantalla interactiva incorpora un <strong>USB Touch<\/strong>, que permet habilitar la interactivitat del panell amb el port\u00e0til connectat mitjan\u00e7ant <strong>HDMI<\/strong>. Per a aconseguir-ho, s&#8217;han de realitzar dues connexions: <\/p>\n<ol>\n<li><strong>HDMI<\/strong>: Connectar el cable <strong>HDMI<\/strong> des del port\u00e0til al port de la pantalla <strong>HDMI-1<\/strong> per a transmetre la imatge. (veure punt 3 &#8211; \u00daS DE LA PANTALLA AMB PORT\u00c0TIL)<br \/>\n<hr \/>\n<\/li>\n<li><strong>USB Touch<\/strong>: Connectar el cable <span style=\"text-decoration: underline\">USB amb l&#8217;extrem Tipus-A<\/span> al port\u00e0til i l&#8217;extrem amb connector <span style=\"text-decoration: underline\">Tipus-B (<em>Touch<\/em>)<\/span> al panell per a activar la funcionalitat t\u00e0ctil. Amb aquestes connexions, la pantalla interactiva funciona com una extensi\u00f3 t\u00e0ctil del dispositiu, permetent una experi\u00e8ncia fluida i precisa.<img loading=\"lazy\" class=\"aligncenter size-full wp-image-3989\" src=\"https:\/\/sii.umh.es\/files\/2025\/03\/synetech-conectartouch2.png\" alt=\"\" width=\"800\" height=\"369\" srcset=\"https:\/\/sii.umh.es\/files\/2025\/03\/synetech-conectartouch2.png 800w, https:\/\/sii.umh.es\/files\/2025\/03\/synetech-conectartouch2-300x138.png 300w, https:\/\/sii.umh.es\/files\/2025\/03\/synetech-conectartouch2-768x354.png 768w\" sizes=\"(max-width: 800px) 100vw, 800px\" \/><\/li>\n<li>Repetir els passos 4 i 5 de la secci\u00f3 anterior per a mostrar el contingut del port\u00e0til en la pantalla interactiva.\n<div style=\"font-size: 14px;border: solid 1px grey;padding: 10px;margin: 10px auto;width: 65%\"><strong>Nota:<\/strong> Ser\u00e0 necessari sol\u00b7licitar els cables HDMI i USB Tipus-B (Touch) a la consergeria de l&#8217;edifici.<\/div>\n<\/li>\n<\/ol>\n<p> &nbsp;<\/p>\n<hr \/>\n<p><\/p>","protected":false},"excerpt":{"rendered":"<p>Encendre la regleta situada en la part posterior de la pantalla.<\/p>\n<p>Encendre la pantalla interactiva des del bot\u00f3 d&#8217;encesa situat en la part frontal inferior dreta.<br \/>\nNota: si la pantalla no s&#8217;enc\u00e9n, comprovar que l&#8217; interruptor situat en la part posterior de l&#8217;equip estiga enc\u00e9s.<\/p>\n<p>Connectar el port\u00e0til al port HDMI-1 situat en la part lateral dreta de [&#8230;]<\/p>\n","protected":false},"author":24275,"featured_media":0,"parent":3842,"menu_order":0,"comment_status":"closed","ping_status":"closed","template":"","meta":{"_links_to":"","_links_to_target":""},"_links":{"self":[{"href":"https:\/\/sii.umh.es\/ca\/wp-json\/wp\/v2\/pages\/3854"}],"collection":[{"href":"https:\/\/sii.umh.es\/ca\/wp-json\/wp\/v2\/pages"}],"about":[{"href":"https:\/\/sii.umh.es\/ca\/wp-json\/wp\/v2\/types\/page"}],"author":[{"embeddable":true,"href":"https:\/\/sii.umh.es\/ca\/wp-json\/wp\/v2\/users\/24275"}],"replies":[{"embeddable":true,"href":"https:\/\/sii.umh.es\/ca\/wp-json\/wp\/v2\/comments?post=3854"}],"version-history":[{"count":0,"href":"https:\/\/sii.umh.es\/ca\/wp-json\/wp\/v2\/pages\/3854\/revisions"}],"up":[{"embeddable":true,"href":"https:\/\/sii.umh.es\/ca\/wp-json\/wp\/v2\/pages\/3842"}],"wp:attachment":[{"href":"https:\/\/sii.umh.es\/ca\/wp-json\/wp\/v2\/media?parent=3854"}],"curies":[{"name":"wp","href":"https:\/\/api.w.org\/{rel}","templated":true}]}}