{"id":3851,"date":"2025-03-13T13:04:04","date_gmt":"2025-03-13T12:04:04","guid":{"rendered":"https:\/\/sii.umh.es\/?page_id=3851"},"modified":"2026-02-09T13:26:24","modified_gmt":"2026-02-09T12:26:24","slug":"newline","status":"publish","type":"page","link":"https:\/\/sii.umh.es\/ca\/servicios\/gestion-de-aulas-informaticas\/pantallas-interactivas\/newline\/","title":{"rendered":"NEWLINE"},"content":{"rendered":"<p><img loading=\"lazy\" class=\"aligncenter size-full wp-image-4055\" src=\"https:\/\/sii.umh.es\/files\/2025\/05\/newline-portada.png\" alt=\"\" width=\"500\" height=\"300\" srcset=\"https:\/\/sii.umh.es\/files\/2025\/05\/newline-portada.png 500w, https:\/\/sii.umh.es\/files\/2025\/05\/newline-portada-300x180.png 300w\" sizes=\"(max-width: 500px) 100vw, 500px\" \/><\/p>\n<h2>Pantalles Newline<\/h2>\n<p> Videotutorial: <a href=\"https:\/\/youtu.be\/pTMCZ--pvDs?si=VAG0JxXICrEcVIih\" target=\"_blank\" rel=\"noopener\">\u00das de pantalla interactiva NEWLINE <img loading=\"lazy\" class=\"alignnone size-full wp-image-3400\" src=\"https:\/\/sii.umh.es\/files\/2024\/01\/abre-en-nueva-ventana.png\" alt=\"Obre en finestra nova\" width=\"15\" height=\"15\" \/><\/a><\/p>\n<p>A trav\u00e9s d&#8217;aquest v\u00eddeo podr\u00e0s veure com fer \u00fas de la pantalla a trav\u00e9s del MiniPc o connectar el teu port\u00e0til i com accedir a la funci\u00f3 de pissarra.<\/p>\n<iframe  style=\"display: block; margin: 0px auto;\"  id=\"_ytid_99527\"  width=\"480\" height=\"270\"  data-origwidth=\"480\" data-origheight=\"270\" src=\"https:\/\/www.youtube.com\/embed\/pTMCZ--pvDs?enablejsapi=1&autoplay=0&cc_load_policy=0&cc_lang_pref=&iv_load_policy=1&loop=0&modestbranding=0&rel=1&fs=1&playsinline=0&autohide=2&theme=dark&color=red&controls=1&\" class=\"__youtube_prefs__  no-lazyload\" title=\"YouTube player\"  allow=\"accelerometer; autoplay; clipboard-write; encrypted-media; gyroscope; picture-in-picture\" allowfullscreen data-no-lazy=\"1\" data-skipgform_ajax_framebjll=\"\"><\/iframe>\n<div style=\"font-size: 14px;border: 1px solid grey;padding: 10px;margin: 10px auto;width: 65%\"><strong>Nota:<\/strong> Per a l&#8217;\u00fas de les pantalles interactives existeixen a la disposici\u00f3 de l&#8217;usuari:<\/p>\n<p><em>Teclat i ratol\u00ed inal\u00e0mbrics<\/em><\/p>\n<p><em>Llapis <\/em>per a pantalles t\u00e0ctils.<\/p>\n<p>Cable <em>HDMI<\/em> (connectar dispositius externs: port\u00e0til, PC&#8230;)<\/p>\n<p>Cable <em>USB Tipus-B<\/em> Touch (per a incorporar la capacitat interactiva del port\u00e0til) Aquests materials poden sol\u00b7licitar-se a la consergeria de l&#8217;edifici on estiga ubicada la pantalla.<\/div>\n<p> Tutorials d&#8217;accessos r\u00e0pid: <\/p>\n<div class=\"editar-cuerpo\">\n<p class=\"editar-link\">Com connectar un port\u00e0til <span style=\"color: #ff0000\">(Pr\u00f2ximament)<\/span><\/p>\n<p class=\"editar-link\">\u00das de l&#8217;App pissarra (Android) <span style=\"color: #ff0000\">(Pr\u00f2ximament)<\/span><\/p>\n<p class=\"editar-link\">Eina d&#8217;anotacions <span style=\"color: #ff0000\">(Pr\u00f2ximament)<\/span><\/p>\n<p> Pots trobar informaci\u00f3 ampliada sobre l&#8217;\u00fas d&#8217;aquesta pantalla en el manual d&#8217;usuari del fabricant: <\/p>\n<p class=\"editar-link\"><a href=\"https:\/\/sii.umh.es\/files\/2025\/05\/Manual_LYRA_23QAS_red.pdf\" target=\"_blank\" rel=\"noopener\">Manual d&#8217;Usuari Newline LYRA s\u00e8rie 23QAS<\/a><\/p>\n<\/div>\n<hr \/>\n<p><\/p>","protected":false},"excerpt":{"rendered":"<p>Pantalles Newline<br \/>\n Videotutorial: \u00das de pantalla interactiva NEWLINE<br \/>\nA trav\u00e9s d&#8217;aquest v\u00eddeo podr\u00e0s veure com fer \u00fas de la pantalla a trav\u00e9s del MiniPc o connectar el teu port\u00e0til i com accedir a la funci\u00f3 de pissarra.<\/p>\n<p>Nota: Per a l&#8217;\u00fas de les pantalles interactives existeixen a la disposici\u00f3 de l&#8217;usuari:<br \/>\nTeclat i ratol\u00ed inal\u00e0mbrics<br \/>\nLlapis per a [&#8230;]<\/p>\n","protected":false},"author":24275,"featured_media":0,"parent":3349,"menu_order":0,"comment_status":"closed","ping_status":"closed","template":"","meta":{"_links_to":"","_links_to_target":""},"_links":{"self":[{"href":"https:\/\/sii.umh.es\/ca\/wp-json\/wp\/v2\/pages\/3851"}],"collection":[{"href":"https:\/\/sii.umh.es\/ca\/wp-json\/wp\/v2\/pages"}],"about":[{"href":"https:\/\/sii.umh.es\/ca\/wp-json\/wp\/v2\/types\/page"}],"author":[{"embeddable":true,"href":"https:\/\/sii.umh.es\/ca\/wp-json\/wp\/v2\/users\/24275"}],"replies":[{"embeddable":true,"href":"https:\/\/sii.umh.es\/ca\/wp-json\/wp\/v2\/comments?post=3851"}],"version-history":[{"count":0,"href":"https:\/\/sii.umh.es\/ca\/wp-json\/wp\/v2\/pages\/3851\/revisions"}],"up":[{"embeddable":true,"href":"https:\/\/sii.umh.es\/ca\/wp-json\/wp\/v2\/pages\/3349"}],"wp:attachment":[{"href":"https:\/\/sii.umh.es\/ca\/wp-json\/wp\/v2\/media?parent=3851"}],"curies":[{"name":"wp","href":"https:\/\/api.w.org\/{rel}","templated":true}]}}