{"id":3796,"date":"2025-03-27T13:48:24","date_gmt":"2025-03-27T12:48:24","guid":{"rendered":"https:\/\/sii.umh.es\/?page_id=3796"},"modified":"2026-02-09T09:41:11","modified_gmt":"2026-02-09T08:41:11","slug":"3-fase-de-compra-o-pedido","status":"publish","type":"page","link":"https:\/\/sii.umh.es\/ca\/acuerdos_marco\/2024_am_09-acuerdo-marco-de-material-informatico-inventariable\/procedimiento-completo-de-compra-de-material-informatico-inventariable\/3-fase-de-compra-o-pedido\/","title":{"rendered":"3.- Fase de compra o comanda"},"content":{"rendered":"<p><\/p>\n<h3>3.1 Recepci\u00f3 de la comanda<\/h3>\n<p style=\"padding-left: 40px\"><span style=\"font-weight: 400\"><img loading=\"lazy\" class=\"size-full wp-image-3809 aligncenter\" src=\"https:\/\/sii.umh.es\/files\/2025\/02\/recepcionPedidoTransp.png\" alt=\"\" width=\"300\" height=\"168\" \/>Una vegada rebuda la comanda, hem de comprovar que l&#8217;equip rebut es correspon amb el sol\u00b7licitat i que a m\u00e9s ve <span style=\"text-decoration: underline\">serigrafiat<\/span> amb el logotip institucional<\/span><\/p>\n<p style=\"text-align: justify;max-width: 90%;border: 2px red solid;padding: 13px;margin: 30px auto\"><b>IMPORTANT: <\/b>Tots els equips del <b>lot 2<\/b><span style=\"font-weight: 400\">, excepte els <\/span><strong><span style=\"text-decoration: underline\">Smartphones, smartwatches<\/span><\/strong><span style=\"font-weight: 400\"> i els <\/span><strong><span style=\"text-decoration: underline\">lectors de codis de barres<\/span><\/strong><span style=\"font-weight: 400\">, vindran serigrafiats en la part externa amb mitjans indelebles.<\/span> En cas que un equip s&#8217;entregue sense serigrafiar ser\u00e0 retornat a l&#8217;empresa adjudicat\u00e0ria utilitzant el bot\u00f3 <strong>\u201cReclamar comanda\u201d<\/strong> perqu\u00e8 procedisca a la serigrafia, corrent aquesta amb totes les despeses de recollida i entrega de l&#8217;equip.<\/p>\n<p style=\"padding-left: 40px\">En aquest cas pr\u00e0ctic, sol\u00b7licitem un equip de sobretaula, per tant, haur\u00edem de comprovar que l&#8217;equip \u00e9s de la marca i model sol\u00b7licitat (<em>i5, 16GB RAM, 512GB SSD Teclat Ratol\u00ed \u00f2ptic i Serigrafiat<\/em>). A m\u00e9s, en tractar-se d&#8217;un equip de sobretaula, hem de comprovar que ens inclou <b>Teclat i <\/b><b>Ratol\u00ed \u00f2ptic.<\/b><\/p>\n<p> <img loading=\"lazy\" class=\" wp-image-3806 aligncenter\" src=\"https:\/\/sii.umh.es\/files\/2025\/02\/recepcionPedido.png\" alt=\"\" width=\"362\" height=\"241\" srcset=\"https:\/\/sii.umh.es\/files\/2025\/02\/recepcionPedido.png 505w, https:\/\/sii.umh.es\/files\/2025\/02\/recepcionPedido-300x200.png 300w\" sizes=\"(max-width: 362px) 100vw, 362px\" \/><\/p>\n<p style=\"padding-left: 40px\"><strong>Qu\u00e8 he de fer si he rebut un article sense serigrafiar?<\/strong><\/p>\n<p style=\"padding-left: 40px\">En primer lloc, cal comprovar si l&#8217;article pertany a alguna de les seg\u00fcents categories:<br data-start=\"253\" data-end=\"256\" \/><strong data-start=\"256\" data-end=\"398\">ordinadors de sobretaula, monitors, port\u00e0tils, tablets, tablets de tinta electr\u00f2nica, equips Mac, impressores, impressores 3D o esc\u00e0ners<\/strong>.<\/p>\n<p style=\"padding-left: 40px\">Si l&#8217;equip <strong data-start=\"414\" data-end=\"455\">no presenta la serigrafia obligat\u00f2ria<\/strong>, haur\u00e0 de comunicar-se amb l&#8217;empresa subministradora per a sol\u00b7licitar la seua recollida i posterior serigrafiat.<\/p>\n<p style=\"padding-left: 40px\">Aquesta gesti\u00f3 s&#8217;ha de realitzar a trav\u00e9s de l&#8217;aplicaci\u00f3 de <strong data-start=\"618\" data-end=\"629\">Comandes<\/strong>, utilitzant el bot\u00f3 <strong data-start=\"651\" data-end=\"672\">\u201cReclamar Comanda\u201d<\/strong> dins de la p\u00e0gina de la comanda corresponent. En el camp d&#8217; <strong data-start=\"736\" data-end=\"771\">observacions de la reclamaci\u00f3<\/strong>, s&#8217;ha d&#8217;incloure el seg\u00fcent text (ajustat segons el cas):<strong> <\/strong><\/p>\n<p style=\"padding-left: 40px\"><i>&#8220;L&#8217;article corresponent a esta comanda s&#8217;ha rebut sense el serigrafiat obligatori estipulat en el Plec de Prescripcions T\u00e8cniques (PPT), per la qual cosa us sol\u00b7licitem la recollida d&#8217;aquest per a efectuar el seu serigrafiat.&#8221;<\/i><\/p>\n<p style=\"padding-left: 40px\"><b style=\"background-color: #ffe000\">\u00c9s important destacar que, des del <span style=\"text-decoration: underline\"><strong data-start=\"1102\" data-end=\"1154\">Servei de Gesti\u00f3 Pressupost\u00e0ria i Patrimonial<\/strong><\/span>, s&#8217;exigeix que <strong data-start=\"1169\" data-end=\"1207\">tots els articles inventariables<\/strong> mencionats s&#8217;entreguen <strong data-start=\"1233\" data-end=\"1264\">correctament serigrafiats<\/strong>, tal com estableix el plec. Aquesta condici\u00f3 \u00e9s <strong data-start=\"1314\" data-end=\"1332\">imprescindible<\/strong> per a tramitar el <strong data-start=\"1350\" data-end=\"1372\">pagament de la factura<\/strong> corresponent.<\/b><\/p>\n<p> &nbsp;<\/p>\n<hr style=\"border: none;padding-top: 20px\" \/>\n<h3>3.2 Rebutjar \/ Reclamar comanda \/ Confirmar entrega<\/h3>\n<p style=\"padding-left: 40px\"><img loading=\"lazy\" class=\"aligncenter wp-image-3812\" src=\"https:\/\/sii.umh.es\/files\/2025\/02\/RechazarReclamarConfirmar.png\" alt=\"\" width=\"800\" height=\"153\" srcset=\"https:\/\/sii.umh.es\/files\/2025\/02\/RechazarReclamarConfirmar.png 800w, https:\/\/sii.umh.es\/files\/2025\/02\/RechazarReclamarConfirmar-300x57.png 300w, https:\/\/sii.umh.es\/files\/2025\/02\/RechazarReclamarConfirmar-768x147.png 768w\" sizes=\"(max-width: 800px) 100vw, 800px\" \/>Les empreses tenen un termini de lliurament de 15 dies. Una vegada complit aquest per\u00edode, podrem gestionar la comanda directament des de l&#8217;aplicaci\u00f3, ja siga reclamant-la, cancel\u00b7lant-la si fora necessari o confirmant la seua entrega.<\/p>\n<hr style=\"border: none;padding-top: 20px\" \/>\n<h4 style=\"padding-left: 40px\">3.2.1.- Rebutjar comanda<\/h4>\n<p style=\"padding-left: 40px\"><b style=\"background-color: #ffe000\">\u00c9s important recordar que la cancel\u00b7laci\u00f3 nom\u00e9s s&#8217;ha de realitzar en casos degudament justificats.<\/b><\/p>\n<hr style=\"border: none;padding-top: 20px\" \/>\n<h4 style=\"padding-left: 40px\">3.2.2.- Reclamar comanda<\/h4>\n<p style=\"padding-left: 40px\">Es pot utilitzar el bot\u00f3 <strong>&#8220;Reclamar comanda&#8221;<\/strong> per a contactar amb l&#8217;empresa, per exemple per a informar-nos d&#8217;algun problema amb la recepci\u00f3 de la comanda o per a sol\u00b7licitar l&#8217;enviament de la factura.<b style=\"background-color: #ffe000\"><\/b><\/p>\n<hr style=\"border: none;padding-top: 20px\" \/>\n<h4 style=\"padding-left: 40px\">3.2.3 Confirmar entrega<\/h4>\n<p style=\"padding-left: 40px\">Si l&#8217;entrega s&#8217;ha realitzat correctament, podrem tancar la comanda en l&#8217;aplicaci\u00f3 des del bot\u00f3 <strong>&#8220;Confirmar entrega&#8221;<\/strong>, registrant la data de recepci\u00f3 de l&#8217;article. Aquesta data ser\u00e0 utilitzada com a refer\u00e8ncia per a l&#8217;inici del per\u00edode de garantia.<\/p>\n<p> &nbsp; <\/p>\n<div class=\"editar-cuerpo\">\n<p class=\"editar-link\">Pas seg\u00fcent: <a href=\"https:\/\/sii.umh.es\/ca\/acuerdos_marco\/2024_am_09-acuerdo-marco-de-material-informatico-inventariable\/procedimiento-completo-de-compra-de-material-informatico-inventariable\/4-recepcion-inventario-facturacion-y-registro-del-material\/\">4.- Recepci\u00f3, Inventari, Facturaci\u00f3 i Registre del Material.<\/a><\/p>\n<p class=\"editar-link\">Tornar al pas <a href=\"https:\/\/sii.umh.es\/ca\/acuerdos_marco\/2024_am_09-acuerdo-marco-de-material-informatico-inventariable\/procedimiento-completo-de-compra-de-material-informatico-inventariable\/2-fase-de-autorizacion-y-retencion-de-credito\/\">2.- Fase d&#8217;autoritzaci\u00f3 i retenci\u00f3 de cr\u00e8dit.<\/a><\/p>\n<\/div>\n<p><\/p>","protected":false},"excerpt":{"rendered":"<p>3.1 Recepci\u00f3 de la comanda<br \/>\nUna vegada rebuda la comanda, hem de comprovar que l&#8217;equip rebut es correspon amb el sol\u00b7licitat i que a m\u00e9s ve serigrafiat amb el logotip institucional<br \/>\nIMPORTANT: Tots els equips del lot 2, excepte els Smartphones, smartwatches i els lectors de codis de barres, vindran serigrafiats en la part externa amb mitjans [&#8230;]<\/p>\n","protected":false},"author":24275,"featured_media":0,"parent":3758,"menu_order":0,"comment_status":"closed","ping_status":"closed","template":"","meta":{"_links_to":"","_links_to_target":""},"_links":{"self":[{"href":"https:\/\/sii.umh.es\/ca\/wp-json\/wp\/v2\/pages\/3796"}],"collection":[{"href":"https:\/\/sii.umh.es\/ca\/wp-json\/wp\/v2\/pages"}],"about":[{"href":"https:\/\/sii.umh.es\/ca\/wp-json\/wp\/v2\/types\/page"}],"author":[{"embeddable":true,"href":"https:\/\/sii.umh.es\/ca\/wp-json\/wp\/v2\/users\/24275"}],"replies":[{"embeddable":true,"href":"https:\/\/sii.umh.es\/ca\/wp-json\/wp\/v2\/comments?post=3796"}],"version-history":[{"count":0,"href":"https:\/\/sii.umh.es\/ca\/wp-json\/wp\/v2\/pages\/3796\/revisions"}],"up":[{"embeddable":true,"href":"https:\/\/sii.umh.es\/ca\/wp-json\/wp\/v2\/pages\/3758"}],"wp:attachment":[{"href":"https:\/\/sii.umh.es\/ca\/wp-json\/wp\/v2\/media?parent=3796"}],"curies":[{"name":"wp","href":"https:\/\/api.w.org\/{rel}","templated":true}]}}