{"id":3773,"date":"2025-03-27T13:47:28","date_gmt":"2025-03-27T12:47:28","guid":{"rendered":"https:\/\/sii.umh.es\/?page_id=3773"},"modified":"2026-02-26T09:42:02","modified_gmt":"2026-02-26T08:42:02","slug":"1-fase-de-ofertas","status":"publish","type":"page","link":"https:\/\/sii.umh.es\/ca\/acuerdos_marco\/2024_am_09-acuerdo-marco-de-material-informatico-inventariable\/procedimiento-completo-de-compra-de-material-informatico-inventariable\/1-fase-de-ofertas\/","title":{"rendered":"Fase d&#8217;ofertes"},"content":{"rendered":"<p><img loading=\"lazy\" class=\"wp-image-3776 alignright\" src=\"https:\/\/sii.umh.es\/files\/2025\/02\/FaseOferta0001-287x300.png\" alt=\"\" width=\"254\" height=\"266\" srcset=\"https:\/\/sii.umh.es\/files\/2025\/02\/FaseOferta0001-287x300.png 287w, https:\/\/sii.umh.es\/files\/2025\/02\/FaseOferta0001.png 300w\" sizes=\"(max-width: 254px) 100vw, 254px\" \/><\/p>\n<p>Per a explicar el proc\u00e9s de compra, realitzarem un sup\u00f2sit pr\u00e0ctic basat en l&#8217;adquisici\u00f3 d&#8217;un ordinador de sobretaula.<\/p>\n<p>En aquest cas, partim d&#8217;un producte amb caracter\u00edstiques espec\u00edfiques: <em>un PC amb processador Intel Core i5, 16 GB de RAM i 512 GB d&#8217;emmagatzematge SSD<\/em>.<\/p>\n<hr style=\"border: none;padding-top: 20px\" \/>\n<h3><span style=\"font-weight: 400\">1.1.- La Cerca en el cat\u00e0leg i Cistella.<\/span><\/h3>\n<p style=\"padding-left: 40px\">Des del cercador que es troba en la pestanya &#8220;Cat\u00e0leg&#8221; de la <a href=\"https:\/\/universite.umh.es\/pedidos\" target=\"_blank\" rel=\"noopener\"><strong>Aplicaci\u00f3 de Comandes <\/strong><img loading=\"lazy\" class=\"alignnone size-full wp-image-3805\" src=\"https:\/\/sii.umh.es\/files\/2025\/02\/ICONO-abre-en-nueva-ventana.png\" alt=\"\" width=\"15\" height=\"15\" \/><\/a> afegirem els par\u00e0metres necessaris per a filtrar la cerca.<\/p>\n<p> <a href=\"https:\/\/sii.umh.es\/files\/2025\/02\/FaseOferta0002-1.png\" target=\"_blank\" rel=\"noopener\"><img class=\"size-medium wp-image-3782 aligncenter\" src=\"https:\/\/sii.umh.es\/files\/2025\/02\/FaseOferta0002-1.png\" alt=\"\" width=\"80%\" srcset=\"https:\/\/sii.umh.es\/files\/2025\/02\/FaseOferta0002-1.png 1916w, https:\/\/sii.umh.es\/files\/2025\/02\/FaseOferta0002-1-300x87.png 300w, https:\/\/sii.umh.es\/files\/2025\/02\/FaseOferta0002-1-1024x297.png 1024w, https:\/\/sii.umh.es\/files\/2025\/02\/FaseOferta0002-1-768x222.png 768w, https:\/\/sii.umh.es\/files\/2025\/02\/FaseOferta0002-1-1536x445.png 1536w\" sizes=\"(max-width: 1916px) 100vw, 1916px\" \/><\/a> <\/p>\n<ol>\n<li style=\"list-style-type: none\">\n<ol>\n<li>Fem clic sobre el bot\u00f3 de filtre <strong>&#8220;Avan\u00e7at&#8221;<\/strong><\/li>\n<li>Afegim els criteris de <strong>&#8220;Cerca general&#8221;<\/strong>, si no hem decidit la configuraci\u00f3 de l&#8217;equip a sol\u00b7licitar, i triar els par\u00e0metres adequats en una segona cerca. En aquest cas indicarem &#8220;i5 512GB 16GB&#8221;<\/li>\n<li>Seleccionem el contracte <strong>&#8220;2024_AM_09 &#8211; Subministrament de material inform\u00e0tic per a la Universitat Miguel Hern\u00e1ndez d&#8217;Elx&#8221;<\/strong><\/li>\n<li>Seleccionem el <strong>&#8220;Lot 2 &#8211; Equips per a llocs de treball&#8221;<\/strong><\/li>\n<li>Seleccionem la categoria <strong>&#8220;Ordinadors de sobretaula&#8221;<\/strong><\/li>\n<\/ol>\n<\/li>\n<\/ol>\n<p> <a href=\"https:\/\/sii.umh.es\/files\/2025\/02\/FaseOferta0003.png\" target=\"_blank\" rel=\"noopener\"><img class=\"size-medium wp-image-3785 aligncenter\" src=\"https:\/\/sii.umh.es\/files\/2025\/02\/FaseOferta0003.png\" alt=\"\" width=\"70%\" srcset=\"https:\/\/sii.umh.es\/files\/2025\/02\/FaseOferta0003.png 800w, https:\/\/sii.umh.es\/files\/2025\/02\/FaseOferta0003-300x110.png 300w, https:\/\/sii.umh.es\/files\/2025\/02\/FaseOferta0003-768x280.png 768w\" sizes=\"(max-width: 800px) 100vw, 800px\" \/><\/a><\/p>\n<p style=\"text-align: center;max-width: 80%;border: 2px red solid;padding: 13px;margin: 20px 10px 23px 10%\">Nota: El preu dels productes indicats en els cat\u00e0legs mai s\u00f3n els definitius, ser\u00e0 necessari llan\u00e7ar una sol\u00b7licitud d&#8217;oferta del producte desitjat per a con\u00e9ixer el preu final al qual pot ser adquirit<\/p>\n<p style=\"padding-left: 40px\">Si tenim dubtes sobre les caracter\u00edstiques d&#8217;un equip podem visitar l&#8217;enlla\u00e7 al producte facilitat pel prove\u00efdor.<\/p>\n<p style=\"padding-left: 40px\">Una vegada localitzat l&#8217;equip que desitgem adquirir <span style=\"font-weight: 400\">, <\/span><b style=\"background-color: #ffe000\">hem de comprovar si est\u00e0 disponible en altres empreses homologades<\/b><span style=\"font-weight: 400\">, per a aix\u00f2 polsarem en el bot\u00f3 <strong>&#8220;Afegir tots&#8221;.<\/strong><\/span><\/p>\n<p style=\"padding-left: 40px\">En la cistella, abans d&#8217;enviar l&#8217;oferta als prove\u00efdors, ser\u00e0 necessari confirmar que s&#8217;est\u00e0 enviant una oferta de millora a tots els prove\u00efdors que poden proporcionar l&#8217;article.<\/p>\n<p> <a href=\"https:\/\/sii.umh.es\/files\/2025\/02\/FaseOferta0004.png\" target=\"_blank\" rel=\"noopener\"><img loading=\"lazy\" class=\"aligncenter wp-image-3788\" src=\"https:\/\/sii.umh.es\/files\/2025\/02\/FaseOferta0004.png\" alt=\"\" width=\"520\" height=\"104\" srcset=\"https:\/\/sii.umh.es\/files\/2025\/02\/FaseOferta0004.png 761w, https:\/\/sii.umh.es\/files\/2025\/02\/FaseOferta0004-300x60.png 300w\" sizes=\"(max-width: 520px) 100vw, 520px\" \/><\/a><\/p>\n<hr style=\"border: none;padding-top: 20px\" \/>\n<h3>1.2.- Completar el proc\u00e9s d&#8217;oferta.<\/h3>\n<hr style=\"border: none;padding-top: 20px\" \/>\n<h4>1.2.1.- Dades del peticionari.<\/h4>\n<p style=\"padding-left: 40px\">A continuaci\u00f3, haurem de completar tota la informaci\u00f3 relacionada amb el peticionari de l&#8217;oferta.<\/p>\n<p style=\"padding-left: 40px\">\u00c9s fonamental seleccionar el peticionari correcte, ja que en els seg\u00fcents passos nom\u00e9s es podran triar partides pressupost\u00e0ries en les quals aquest peticionari siga responsable. Si el responsable no apareix en el camp &#8220;En nom de&#8221;, ser\u00e0 necessari consultar l&#8217;apartat <strong>&#8220;Com delegar compres&#8221;<\/strong> en la secci\u00f3 de<a href=\"https:\/\/sii.umh.es\/ca\/acuerdos_marco\/2024_am_09-acuerdo-marco-de-material-informatico-inventariable\/preguntas-frecuentes\/\" target=\"_blank\" rel=\"noopener\"> preguntes freq\u00fcents <\/a><a href=\"https:\/\/universite.umh.es\/pedidos\" target=\"_blank\" rel=\"noopener\"><img loading=\"lazy\" class=\"alignnone size-full wp-image-3805\" src=\"https:\/\/sii.umh.es\/files\/2025\/02\/ICONO-abre-en-nueva-ventana.png\" alt=\"\" width=\"15\" height=\"15\" \/><\/a> d&#8217;aquest acord marc.<\/p>\n<hr style=\"border: none;padding-top: 20px\" \/>\n<h4>1.2.2.- Data de fi de presentaci\u00f3 d&#8217;ofertes.<\/h4>\n<p> <a href=\"https:\/\/sii.umh.es\/files\/2025\/02\/FaseOferta0005.png\" target=\"_blank\" rel=\"noopener\"><img loading=\"lazy\" class=\"wp-image-3791 alignright\" src=\"https:\/\/sii.umh.es\/files\/2025\/02\/FaseOferta0005.png\" alt=\"\" width=\"432\" height=\"504\" srcset=\"https:\/\/sii.umh.es\/files\/2025\/02\/FaseOferta0005.png 500w, https:\/\/sii.umh.es\/files\/2025\/02\/FaseOferta0005-257x300.png 257w\" sizes=\"(max-width: 432px) 100vw, 432px\" \/><\/a> <\/p>\n<p style=\"padding-left: 40px\">Per defecte, l&#8217;aplicaci\u00f3 estableix un termini de resposta a l&#8217;oferta de<strong> 5 dies naturals<\/strong>.<\/p>\n<p style=\"padding-left: 40px\">Si l&#8217;oferta es publica a finals de la setmana, ser\u00e0 necessari revisar i, si \u00e9s necessari, ampliar aquest termini per a garantir un temps de resposta raonable per als prove\u00efdors<\/p>\n<p> &nbsp; <\/p>\n<p style=\"text-align: center;max-width: 300px;border: 2px red solid;padding: 13px;margin: 0 10px 0 10%\"><strong>Data fi presentaci\u00f3 d&#8217;ofertes<\/strong> Ser\u00e0 necessari comprovar i ajustar aquest termini, si correspon, per a permetre una resposta en termini per part del prove\u00efdor<\/p>\n<hr style=\"border: none;padding-top: 20px\" \/>\n<h4 style=\"clear: both\">1.2.3.- Missatge per al prove\u00efdor.<\/h4>\n<p style=\"padding-left: 40px\">En aquest pas, podem proporcionar qualsevol informaci\u00f3 rellevant que el prove\u00efdor dega tindre en compte per a valorar correctament l&#8217;oferta.<\/p>\n<hr style=\"border: none;padding-top: 20px\" \/>\n<h4>1.2.4.- Enviament de sol\u00b7licitud d&#8217;oferta<\/h4>\n<p style=\"padding-left: 40px\">Una vegada completats els detalls del formulari, polsarem el bot\u00f3 &#8220;Enviar sol\u00b7licitud d&#8217;oferta&#8221; per a remetre la comanda a les empreses.<\/p>\n<p style=\"padding-left: 40px\">En aquest moment, es generar\u00e0 un n\u00famero d&#8217;oferta amb la seg\u00fcent estructura: O-2025\/XXXX.<\/p>\n<hr style=\"border: none;padding-top: 20px\" \/>\n<h3>1.3 Valoraci\u00f3 de l&#8217;oferta.<\/h3>\n<p style=\"padding-left: 40px\">Una vegada enviades les sol\u00b7licituds d&#8217;oferta, haurem d&#8217;esperar que els prove\u00efdors envien les seues propostes per a procedir amb la seua valoraci\u00f3.<\/p>\n<p style=\"padding-left: 40px\">Podrem accedir a la valoraci\u00f3 de l&#8217;oferta a trav\u00e9s de:<\/p>\n<ul>\n<li style=\"list-style-type: none\">\n<ul>\n<li>El correu electr\u00f2nic rebut.<\/li>\n<li>El bot\u00f3 &#8220;<a href=\"https:\/\/universite.umh.es\/pedidos\/ofertas\/lista#pendientes_valoracion\" target=\"_blank\" rel=\"noopener\">Pdtes. Valoraci\u00f3 <\/a><a href=\"https:\/\/universite.umh.es\/pedidos\" target=\"_blank\" rel=\"noopener\"><img loading=\"lazy\" class=\"alignnone size-full wp-image-3805\" src=\"https:\/\/sii.umh.es\/files\/2025\/02\/ICONO-abre-en-nueva-ventana.png\" alt=\"\" width=\"15\" height=\"15\" \/><\/a>&#8221; dins de la secci\u00f3 Ofertes de l&#8217;aplicaci\u00f3 de comandes.<\/li>\n<\/ul>\n<\/li>\n<\/ul>\n<hr style=\"border: none;padding-top: 20px\" \/>\n<h4>1.3.1.- Av\u00eds de Valoraci\u00f3 d&#8217;oferta<\/h4>\n<p style=\"padding-left: 40px\">Dins de l&#8217;oferta, accedirem a la pestanya &#8220;Detalls Valoraci\u00f3&#8221;. En aquest punt, hem de tindre en compte el seg\u00fcent:<\/p>\n<ul>\n<li style=\"list-style-type: none\">\n<ul>\n<li style=\"font-weight: 400\"><span style=\"font-weight: 400\">No podrem veure la valoraci\u00f3 realitzada per cada prove\u00efdor fins que no polsem el bot\u00f3 <strong>&#8220;Valorar ofertes&#8221;<\/strong>.<\/span><\/li>\n<li style=\"font-weight: 400\">El sistema adjudicar\u00e0 l&#8217;oferta autom\u00e0ticament a l&#8217;empresa que haja presentat el menor preu. En l&#8217;\u00faltima columna podrem comprovar a quina empresa s&#8217;ha adjudicat l&#8217;oferta, aix\u00ed com els detalls de cada proposta rebuda.<\/li>\n<\/ul>\n<\/li>\n<\/ul>\n<p style=\"padding-left: 40px\">En aquest pas, tindrem l&#8217;opci\u00f3 de <strong>&#8220;Sol\u00b7licitar autoritzaci\u00f3&#8221;<\/strong> per a continuar amb el proc\u00e9s o <strong>&#8220;Descartar la valoraci\u00f3&#8221;<\/strong> si desitgem cancel\u00b7lar la petici\u00f3 d&#8217;oferta.<\/p>\n<hr style=\"border: none;padding-top: 20px\" \/>\n<h4>1.4.- Sol\u00b7licitud d&#8217;autoritzaci\u00f3 de compra<\/h4>\n<p style=\"padding-left: 40px\">Despr\u00e9s de la valoraci\u00f3 de l&#8217;oferta, polsarem en el bot\u00f3 <strong>&#8220;Sol\u00b7licitar autoritzaci\u00f3&#8221;.<\/strong> En la finestra emergent hem d&#8217;incloure el seg\u00fcent:<\/p>\n<ul>\n<li>APLICACI\u00d3 PRESSUPOST\u00c0RIA: \u00c9s fonamental seleccionar la partida des de la qual es realitzar\u00e0 la compra, ja que no podr\u00e0 modificar-se en la resta del proc\u00e9s.<\/li>\n<li>MOTIVACI\u00d3 DE LA COMPRA: Especificar la finalitat de la compra, justificant la seua necessitat.<\/li>\n<\/ul>\n<p> La sol\u00b7licitud de compra ser\u00e0 enviada per a la seua autoritzaci\u00f3 al responsable del servei d&#8217;Infraestructura Inform\u00e0tica. <\/p>\n<div class=\"editar-cuerpo\">\n<p class=\"editar-link\"> Pas seg\u00fcent: <a href=\"https:\/\/sii.umh.es\/ca\/acuerdos_marco\/2024_am_09-acuerdo-marco-de-material-informatico-inventariable\/procedimiento-completo-de-compra-de-material-informatico-inventariable\/2-fase-de-autorizacion-y-retencion-de-credito\/\">2.- Fase d&#8217;autoritzaci\u00f3 i retenci\u00f3 de cr\u00e8dit.<\/a><\/p>\n<\/p><\/div>\n<p><\/p>","protected":false},"excerpt":{"rendered":"<p>Per a explicar el proc\u00e9s de compra, realitzarem un sup\u00f2sit pr\u00e0ctic basat en l&#8217;adquisici\u00f3 d&#8217;un ordinador de sobretaula.<br \/>\nEn aquest cas, partim d&#8217;un producte amb caracter\u00edstiques espec\u00edfiques: un PC amb processador Intel Core i5, 16 GB de RAM i 512 GB d&#8217;emmagatzematge SSD.<\/p>\n<p>1.1.- La Cerca en el cat\u00e0leg i Cistella.<br \/>\nDes del cercador que es troba en [&#8230;]<\/p>\n","protected":false},"author":24275,"featured_media":0,"parent":3758,"menu_order":0,"comment_status":"closed","ping_status":"closed","template":"","meta":{"_links_to":"","_links_to_target":""},"_links":{"self":[{"href":"https:\/\/sii.umh.es\/ca\/wp-json\/wp\/v2\/pages\/3773"}],"collection":[{"href":"https:\/\/sii.umh.es\/ca\/wp-json\/wp\/v2\/pages"}],"about":[{"href":"https:\/\/sii.umh.es\/ca\/wp-json\/wp\/v2\/types\/page"}],"author":[{"embeddable":true,"href":"https:\/\/sii.umh.es\/ca\/wp-json\/wp\/v2\/users\/24275"}],"replies":[{"embeddable":true,"href":"https:\/\/sii.umh.es\/ca\/wp-json\/wp\/v2\/comments?post=3773"}],"version-history":[{"count":0,"href":"https:\/\/sii.umh.es\/ca\/wp-json\/wp\/v2\/pages\/3773\/revisions"}],"up":[{"embeddable":true,"href":"https:\/\/sii.umh.es\/ca\/wp-json\/wp\/v2\/pages\/3758"}],"wp:attachment":[{"href":"https:\/\/sii.umh.es\/ca\/wp-json\/wp\/v2\/media?parent=3773"}],"curies":[{"name":"wp","href":"https:\/\/api.w.org\/{rel}","templated":true}]}}