{"id":3755,"date":"2025-03-27T13:58:33","date_gmt":"2025-03-27T12:58:33","guid":{"rendered":"https:\/\/sii.umh.es\/?page_id=3755"},"modified":"2026-03-17T08:39:08","modified_gmt":"2026-03-17T07:39:08","slug":"proveedores-homologados-garantias-y-plazos-de-entrega","status":"publish","type":"page","link":"https:\/\/sii.umh.es\/ca\/acuerdos_marco\/2024_am_09-acuerdo-marco-de-material-informatico-inventariable\/proveedores-homologados-garantias-y-plazos-de-entrega\/","title":{"rendered":"Prove\u00efdors homologats, garanties i terminis de lliurament"},"content":{"rendered":"<p><b>Distribuci\u00f3 lots\/empreses homologades en el present acord marc:<\/b><\/p>\n<table align=\"center\">\n<tbody>\n<tr>\n<td><strong>Empresa<\/strong><\/td>\n<td style=\"text-align: center\"><strong>Lot 1<\/strong><br \/>\n<small>Equips per a videoprojecci\u00f3<\/small><\/td>\n<td style=\"text-align: center\"><strong>Lot 2<\/strong><br \/>\n<small>Equips per a llocs de treball, doc\u00e8ncia i investigaci\u00f3<\/small><\/td>\n<\/tr>\n<tr style=\"background-color: #f5f5f5\">\n<td><span style=\"font-weight: 400\">BIOS TECHNOLOGY SOLUTIONS S.L.<\/span><\/td>\n<td style=\"text-align: center\"><\/td>\n<td style=\"text-align: center\">\n<ul style=\"margin: 0 auto;width: 20px\">\n<li><\/li>\n<\/ul>\n<\/td>\n<\/tr>\n<tr>\n<td><span style=\"font-weight: 400\">COMERCIAL DE SUMINISTROS PARA LA INFORM\u00c1TICA<\/span><\/td>\n<td style=\"text-align: center\"><\/td>\n<td>\n<ul style=\"margin: 0 auto;width: 20px\">\n<li style=\"text-align: center\"><\/li>\n<\/ul>\n<\/td>\n<\/tr>\n<tr style=\"background-color: #f5f5f5\">\n<td><span style=\"font-weight: 400\">ECONOCOM PRODUCTS &amp; SOLUTIONS S.A.U.<\/span><\/td>\n<td>\n<ul style=\"margin: 0 auto;width: 20px\">\n<li style=\"text-align: center\"><\/li>\n<\/ul>\n<\/td>\n<td>\n<ul style=\"margin: 0 auto;width: 20px\">\n<li style=\"text-align: center\"><\/li>\n<\/ul>\n<\/td>\n<\/tr>\n<tr>\n<td><span style=\"font-weight: 400\">GENUIX AUDIO, S.L.<\/span><\/td>\n<td>\n<ul style=\"margin: 0 auto;width: 20px\">\n<li><\/li>\n<\/ul>\n<\/td>\n<td><\/td>\n<\/tr>\n<tr style=\"background-color: #f5f5f5\">\n<td><span style=\"font-weight: 400\">INFOREIN, S.A.<\/span><\/td>\n<td><\/td>\n<td>\n<ul style=\"margin: 0 auto;width: 20px\">\n<li><\/li>\n<\/ul>\n<\/td>\n<\/tr>\n<tr>\n<td><span style=\"font-weight: 400\">M\u00c1QUINAS Y EQUIPOS DE OFICINA JES\u00daS ESTEVE S.L.U.<\/span><\/td>\n<td>\n<ul style=\"margin: 0 auto;width: 20px\">\n<li><\/li>\n<\/ul>\n<\/td>\n<td><\/td>\n<\/tr>\n<tr style=\"background-color: #f5f5f5\">\n<td><span style=\"font-weight: 400\">ECONOCOM SEMIC S.A.U.<\/span><\/td>\n<td><\/td>\n<td>\n<ul style=\"margin: 0 auto;width: 20px\">\n<li><\/li>\n<\/ul>\n<\/td>\n<\/tr>\n<tr>\n<td><span style=\"font-weight: 400\">SPECIALIST COMPUTER CENTRES<\/span><\/td>\n<td><\/td>\n<td>\n<ul style=\"margin: 0 auto;width: 20px\">\n<li><\/li>\n<\/ul>\n<\/td>\n<\/tr>\n<tr style=\"background-color: #f5f5f5\">\n<td><span style=\"font-weight: 400\">TEKNOSERVICE S.L.<\/span><\/td>\n<td>\n<ul style=\"margin: 0 auto;width: 20px\">\n<li><\/li>\n<\/ul>\n<\/td>\n<td>\n<ul style=\"margin: 0 auto;width: 20px\">\n<li><\/li>\n<\/ul>\n<\/td>\n<\/tr>\n<tr>\n<td><span style=\"font-weight: 400\">TP INFORM\u00c1TICA Y SERVICIOS S.L.<\/span><\/td>\n<td style=\"text-align: center\"><\/td>\n<td>\n<ul style=\"margin: 0 auto;width: 20px\">\n<li style=\"text-align: center\"><\/li>\n<\/ul>\n<\/td>\n<\/tr>\n<\/tbody>\n<\/table>\n<p> &nbsp;<\/p>\n<p><b>Condicions de termini de lliurament, garantia i devoluci\u00f3<\/b><b> <\/b><\/p>\n<p><span style=\"font-weight: 400\">Amb car\u00e0cter general, el termini comen\u00e7ar\u00e0 a comptar des de la confirmaci\u00f3 de la comanda per a tots dos lots i s&#8217;aplicaran els seg\u00fcents terminis:<\/span><\/p>\n<table align=\"center\">\n<tbody>\n<tr>\n<td><\/td>\n<td style=\"text-align: center\"><b>LOT 1 <\/b><\/td>\n<td style=\"text-align: center\"><b>LOT 2 <\/b><\/td>\n<\/tr>\n<tr style=\"background-color: #f5f5f5\">\n<td>TERMINI DE LLIURAMENT:<\/td>\n<td style=\"text-align: center\">20 dies laborables<b>*<\/b><\/td>\n<td style=\"text-align: center\">15 dies laborables<\/td>\n<\/tr>\n<tr>\n<td>GARANTIA:<\/td>\n<td style=\"text-align: center\" colspan=\"2\">24 mesos<b> <\/b><small style=\"font-weight: 400\">a comptar des de la data de la seua recepci\u00f3<\/small><\/td>\n<\/tr>\n<tr style=\"background-color: #f5f5f5\">\n<td>DEVOLUCI\u00d3:<\/td>\n<td style=\"text-align: center\" colspan=\"2\">15 dies naturals<b>**<\/b><\/td>\n<\/tr>\n<\/tbody>\n<\/table>\n<p> <small style=\"font-weight: 400\"><\/p>\n<p>* Per al <strong>lot 1<\/strong> El termini de lliurament dels equips inclou la instal\u00b7laci\u00f3 d&#8217;aquests.<\/small><br \/>\n<small style=\"font-weight: 400\"> ** S&#8217;acceptaran devolucions dins dels primers 15 dies si el producte \u00e9s incorrecte o defectu\u00f3s, amb despeses a c\u00e0rrec del prove\u00efdor. Per a productes no serigrafiats, el peticionari podr\u00e0 retornar-los en un termini de 14 dies naturals, sempre que no hagen estat desembalats, assumint la UMH les despeses.<\/small><\/p>","protected":false},"excerpt":{"rendered":"<p>Distribuci\u00f3 lots\/empreses homologades en el present acord marc:<\/p>\n<p>Empresa<br \/>\nLot 1<br \/>\nEquips per a videoprojecci\u00f3<br \/>\nLot 2<br \/>\nEquips per a llocs de treball, doc\u00e8ncia i investigaci\u00f3<\/p>\n<p>BIOS TECHNOLOGY SOLUTIONS S.L.<\/p>\n<p>COMERCIAL DE SUMINISTROS PARA LA INFORM\u00c1TICA<\/p>\n<p>ECONOCOM PRODUCTS &amp; SOLUTIONS S.A.U.<\/p>\n<p>GENUIX AUDIO, S.L.<\/p>\n<p>INFOREIN, S.A.<\/p>\n<p>M\u00c1QUINAS Y EQUIPOS DE OFICINA JES\u00daS ESTEVE S.L.U.<\/p>\n<p>ECONOCOM SEMIC S.A.U.<\/p>\n<p>SPECIALIST COMPUTER CENTRES<\/p>\n<p>TEKNOSERVICE S.L.<\/p>\n<p>TP INFORM\u00c1TICA Y SERVICIOS S.L.<\/p>\n<p> &nbsp;<br \/>\nCondicions de termini [&#8230;]<\/p>\n","protected":false},"author":24275,"featured_media":0,"parent":3749,"menu_order":0,"comment_status":"closed","ping_status":"closed","template":"","meta":{"_links_to":"","_links_to_target":""},"_links":{"self":[{"href":"https:\/\/sii.umh.es\/ca\/wp-json\/wp\/v2\/pages\/3755"}],"collection":[{"href":"https:\/\/sii.umh.es\/ca\/wp-json\/wp\/v2\/pages"}],"about":[{"href":"https:\/\/sii.umh.es\/ca\/wp-json\/wp\/v2\/types\/page"}],"author":[{"embeddable":true,"href":"https:\/\/sii.umh.es\/ca\/wp-json\/wp\/v2\/users\/24275"}],"replies":[{"embeddable":true,"href":"https:\/\/sii.umh.es\/ca\/wp-json\/wp\/v2\/comments?post=3755"}],"version-history":[{"count":0,"href":"https:\/\/sii.umh.es\/ca\/wp-json\/wp\/v2\/pages\/3755\/revisions"}],"up":[{"embeddable":true,"href":"https:\/\/sii.umh.es\/ca\/wp-json\/wp\/v2\/pages\/3749"}],"wp:attachment":[{"href":"https:\/\/sii.umh.es\/ca\/wp-json\/wp\/v2\/media?parent=3755"}],"curies":[{"name":"wp","href":"https:\/\/api.w.org\/{rel}","templated":true}]}}