{"id":3749,"date":"2025-02-20T14:43:51","date_gmt":"2025-02-20T13:43:51","guid":{"rendered":"https:\/\/sii.umh.es\/?page_id=3749"},"modified":"2026-02-12T12:49:19","modified_gmt":"2026-02-12T11:49:19","slug":"2024_am_09-acuerdo-marco-de-material-informatico-inventariable","status":"publish","type":"page","link":"https:\/\/sii.umh.es\/ca\/acuerdos_marco\/2024_am_09-acuerdo-marco-de-material-informatico-inventariable\/","title":{"rendered":"2024_AM_09 \u2013 Acord Marc de Material Inform\u00e0tic Inventariable"},"content":{"rendered":"<p><img loading=\"lazy\" src=\"https:\/\/sii.umh.es\/files\/2026\/02\/materialinventariable.png\" alt=\"\" width=\"1036\" height=\"261\" class=\"aligncenter size-full wp-image-4237\" srcset=\"https:\/\/sii.umh.es\/files\/2026\/02\/materialinventariable.png 1036w, https:\/\/sii.umh.es\/files\/2026\/02\/materialinventariable-300x76.png 300w, https:\/\/sii.umh.es\/files\/2026\/02\/materialinventariable-1024x258.png 1024w, https:\/\/sii.umh.es\/files\/2026\/02\/materialinventariable-768x193.png 768w\" sizes=\"(max-width: 1036px) 100vw, 1036px\" \/>La Universitat Miguel Hern\u00e1ndez d&#8217;Elx ha homologat divers material inform\u00e0tic inventariable a trav\u00e9s de l&#8217;expedient <a href=\"https:\/\/contrataciondelestado.es\/wps\/portal\/!ut\/p\/b0\/04_Sj9CPykssy0xPLMnMz0vMAfIjU1JTC3Iy87KtUlJLEnNyUuNzMpMzSxKTgQr0w_Wj9KMyU1zLcvQjLVNVDUrCcwu9wsJMLaMyVA0qg7zSfS3KbW31C3JzHQE7DQBo\/\" target=\"_blank\" rel=\"noopener\">2024_AM_09 Acord Marc per al subministrament de material inform\u00e0tic <img loading=\"lazy\" class=\"alignnone size-full wp-image-3400\" src=\"https:\/\/sii.umh.es\/files\/2024\/01\/abre-en-nueva-ventana.png\" alt=\"Abre en nueva ventana\" width=\"15\" height=\"15\" \/><\/a><\/p>\n<p>L&#8217;objecte de l&#8217;AM \u00e9s que es gestionen a trav\u00e9s d&#8217;aquest tots els subministraments de material inform\u00e0tic inventariable necessari per a les activitats de gesti\u00f3, doc\u00e8ncia i investigaci\u00f3 pr\u00f2pies dels diferents Departaments, Unitats, Facultats i Escoles, Instituts d&#8217;Investigaci\u00f3 i Serveis de la Universitat Miguel Hern\u00e1ndez d&#8217;Elx.<\/p>\n<hr style=\"clear:both;border:none\" \/>\n<p style=\"max-width: 429.7px;border: 2px red solid;padding: 12px 9px 13px 13px;margin: 0 auto\"><img loading=\"lazy\" class=\"wp-image-3767 alignleft\" src=\"https:\/\/sii.umh.es\/files\/2026\/02\/duracion.png\" alt=\"\" width=\"91\" height=\"101\"><strong>Data inici:<\/strong> 28 de mar\u00e7 de 2025 <br \/>\n<strong>Data fi:<\/strong> 27 de mar\u00e7 de 2027<\/p>\n<hr style=\"clear:both;border:none\" \/>\n<ul>\n<li><a href=\"https:\/\/sii.umh.es\/ca\/acuerdos_marco\/2024_am_09-acuerdo-marco-de-material-informatico-inventariable\/lotes-y-productos-del-acuerdo-marco\/\" rel=\"noopener\">Lots i productes de l&#8217;acord marc<\/a><\/li>\n<li><a href=\"https:\/\/sii.umh.es\/ca\/acuerdos_marco\/2024_am_09-acuerdo-marco-de-material-informatico-inventariable\/proveedores-homologados-garantias-y-plazos-de-entrega\/\" rel=\"noopener\">Prove\u00efdors homologats, garanties i terminis de lliurament <\/a><\/li>\n<li><a href=\"https:\/\/sii.umh.es\/ca\/acuerdos_marco\/2024_am_09-acuerdo-marco-de-material-informatico-inventariable\/procedimiento-completo-de-compra-de-material-informatico-inventariable\/\" rel=\"noopener\">Procediment complet de compra de material inform\u00e0tic inventariable <\/a><\/li>\n<li><a href=\"https:\/\/sii.umh.es\/ca\/acuerdos_marco\/2024_am_09-acuerdo-marco-de-material-informatico-inventariable\/preguntas-frecuentes\/\">Preguntes freq\u00fcents <\/a><\/li>\n<\/ul>\n<p> Si t\u00e9 qualsevol dubte sobre alguna compra o el procediment a seguir, pot posar-se en contacte amb nosaltres obrint una petici\u00f3 en <a href=\"http:\/\/cau.umh.es\">cau.umh.es <img loading=\"lazy\" class=\"alignnone size-full wp-image-3400\" src=\"https:\/\/sii.umh.es\/files\/2024\/01\/abre-en-nueva-ventana.png\" alt=\"Abre en nueva ventana\" width=\"15\" height=\"15\" \/><\/a><\/p>","protected":false},"excerpt":{"rendered":"<p>La Universitat Miguel Hern\u00e1ndez d&#8217;Elx ha homologat divers material inform\u00e0tic inventariable a trav\u00e9s de l&#8217;expedient 2024_AM_09 Acord Marc per al subministrament de material inform\u00e0tic<br \/>\nL&#8217;objecte de l&#8217;AM \u00e9s que es gestionen a trav\u00e9s d&#8217;aquest tots els subministraments de material inform\u00e0tic inventariable necessari per a les activitats de gesti\u00f3, doc\u00e8ncia i investigaci\u00f3 pr\u00f2pies dels diferents Departaments, [&#8230;]<\/p>\n","protected":false},"author":24275,"featured_media":0,"parent":2973,"menu_order":1,"comment_status":"closed","ping_status":"closed","template":"","meta":{"_links_to":"","_links_to_target":""},"_links":{"self":[{"href":"https:\/\/sii.umh.es\/ca\/wp-json\/wp\/v2\/pages\/3749"}],"collection":[{"href":"https:\/\/sii.umh.es\/ca\/wp-json\/wp\/v2\/pages"}],"about":[{"href":"https:\/\/sii.umh.es\/ca\/wp-json\/wp\/v2\/types\/page"}],"author":[{"embeddable":true,"href":"https:\/\/sii.umh.es\/ca\/wp-json\/wp\/v2\/users\/24275"}],"replies":[{"embeddable":true,"href":"https:\/\/sii.umh.es\/ca\/wp-json\/wp\/v2\/comments?post=3749"}],"version-history":[{"count":0,"href":"https:\/\/sii.umh.es\/ca\/wp-json\/wp\/v2\/pages\/3749\/revisions"}],"up":[{"embeddable":true,"href":"https:\/\/sii.umh.es\/ca\/wp-json\/wp\/v2\/pages\/2973"}],"wp:attachment":[{"href":"https:\/\/sii.umh.es\/ca\/wp-json\/wp\/v2\/media?parent=3749"}],"curies":[{"name":"wp","href":"https:\/\/api.w.org\/{rel}","templated":true}]}}