{"id":365,"date":"2011-04-11T11:48:58","date_gmt":"2011-04-11T09:48:58","guid":{"rendered":"http:\/\/si.zeus.umh.es\/?page_id=365"},"modified":"2026-03-09T13:14:56","modified_gmt":"2026-03-09T12:14:56","slug":"alta-de-una-extension","status":"publish","type":"page","link":"https:\/\/sii.umh.es\/ca\/servicios\/red-telecomunicaciones-e-internet\/telefonia\/alta-de-una-extension\/","title":{"rendered":"Sol\u00b7licitud d&#8217;extensi\u00f3 telef\u00f2nica fixa"},"content":{"rendered":"<p><strong>Descripci\u00f3:<\/strong><br \/>\nEl Servei d&#8217;Infraestructura Inform\u00e0tica oferix la possibilitat de sol\u00b7licitar una nova extensi\u00f3 o terminal fix al personal de la Universitat.<\/p>\n<p><strong>Destinataris:<\/strong><br \/>\nEste servei es presta a tot el PAS i PDI.<\/p>\n<p><strong>Requisits:<\/strong><br \/>\nLa sol\u00b7licitud d&#8217;un nou n\u00famero i\/o terminal fix l&#8217;ha de cursar la persona responsable de la partida pressupost\u00e0ria, a trav\u00e9s de l&#8217;aplicaci\u00f3 de <a href=\"https:\/\/universite.umh.es\/app\/gestionTelefoniaUMH\/\" target=\"_blank\" rel=\"noopener noreferrer\">Gesti\u00f3 Telefonia UMH <img loading=\"lazy\" class=\"alignnone size-full wp-image-3400\" src=\"https:\/\/sii.umh.es\/files\/2024\/01\/abre-en-nueva-ventana.png\" alt=\"Obri en una finestra nova\" width=\"15\" height=\"15\" \/><\/a>.<\/p>\n<p><strong>Sol\u00b7licitud del servei:<\/strong><br \/>\nLa sol\u00b7licitud d&#8217;un nou n\u00famero i\/o terminal fix s&#8217;ha de realitzar des de l&#8217;aplicaci\u00f3 de <a href=\"https:\/\/universite.umh.es\/app\/gestionTelefoniaUMH\/\" target=\"_blank\" rel=\"noopener noreferrer\">Gesti\u00f3 Telefonia UMH <img loading=\"lazy\" class=\"alignnone size-full wp-image-3400\" src=\"https:\/\/sii.umh.es\/files\/2024\/01\/abre-en-nueva-ventana.png\" alt=\"Obri en una finestra nova\" width=\"15\" height=\"15\" \/><\/a>. La persona responsable pot accedir a esta aplicaci\u00f3 des del seu acc\u00e9s identificat.<\/p>","protected":false},"excerpt":{"rendered":"<p>Descripci\u00f3:<br \/>\nEl Servei d&#8217;Infraestructura Inform\u00e0tica oferix la possibilitat de sol\u00b7licitar una nova extensi\u00f3 o terminal fix al personal de la Universitat.<br \/>\nDestinataris:<br \/>\nEste servei es presta a tot el PAS i PDI.<br \/>\nRequisits:<br \/>\nLa sol\u00b7licitud d&#8217;un nou n\u00famero i\/o terminal fix l&#8217;ha de cursar la persona responsable de la partida pressupost\u00e0ria, a trav\u00e9s de l&#8217;aplicaci\u00f3 de Gesti\u00f3 Telefonia UMH .<br \/>\nSol\u00b7licitud [&#8230;]<\/p>\n","protected":false},"author":62,"featured_media":0,"parent":362,"menu_order":0,"comment_status":"closed","ping_status":"open","template":"","meta":{"_links_to":"","_links_to_target":""},"_links":{"self":[{"href":"https:\/\/sii.umh.es\/ca\/wp-json\/wp\/v2\/pages\/365"}],"collection":[{"href":"https:\/\/sii.umh.es\/ca\/wp-json\/wp\/v2\/pages"}],"about":[{"href":"https:\/\/sii.umh.es\/ca\/wp-json\/wp\/v2\/types\/page"}],"author":[{"embeddable":true,"href":"https:\/\/sii.umh.es\/ca\/wp-json\/wp\/v2\/users\/62"}],"replies":[{"embeddable":true,"href":"https:\/\/sii.umh.es\/ca\/wp-json\/wp\/v2\/comments?post=365"}],"version-history":[{"count":0,"href":"https:\/\/sii.umh.es\/ca\/wp-json\/wp\/v2\/pages\/365\/revisions"}],"up":[{"embeddable":true,"href":"https:\/\/sii.umh.es\/ca\/wp-json\/wp\/v2\/pages\/362"}],"wp:attachment":[{"href":"https:\/\/sii.umh.es\/ca\/wp-json\/wp\/v2\/media?parent=365"}],"curies":[{"name":"wp","href":"https:\/\/api.w.org\/{rel}","templated":true}]}}