{"id":360,"date":"2011-04-11T11:46:03","date_gmt":"2011-04-11T09:46:03","guid":{"rendered":"http:\/\/si.zeus.umh.es\/?page_id=360"},"modified":"2026-03-09T13:04:57","modified_gmt":"2026-03-09T12:04:57","slug":"acceso-fisico-a-la-red-de-la-umh","status":"publish","type":"page","link":"https:\/\/sii.umh.es\/ca\/servicios\/red-telecomunicaciones-e-internet\/acceso-fisico-a-la-red-de-la-umh\/","title":{"rendered":"La xarxa de la UMH"},"content":{"rendered":"<p><strong><a href=\"https:\/\/sii.umh.es\/files\/2011\/04\/esquema_red2.jpg\"><img loading=\"lazy\" alt=\"Esquema de la xarxa UMH\" class=\" wp-image-1626 size-medium alignleft\" src=\"https:\/\/si.umh.es\/files\/2011\/04\/esquema_red2-300x227.jpg\" width=\"300\" height=\"227\" srcset=\"https:\/\/sii.umh.es\/files\/2011\/04\/esquema_red2-300x227.jpg 300w, https:\/\/sii.umh.es\/files\/2011\/04\/esquema_red2.jpg 898w\" sizes=\"(max-width: 300px) 100vw, 300px\" \/><\/a>Descripci\u00f3:<\/strong><br \/>\nEl Servei d&#8217;Infraestructura Inform\u00e0tica mant\u00e9 la xarxa de comunicacions de la Universitat Miguel Hern\u00e1ndez en les seues 5 ubicacions: Elx, Altea, Oriola Desemparats, Oriola Saleses i Sant Joan, les quals es corresponen amb els 4 campus en els quals es troba dividida.<\/p>\n<p>Esta xarxa ens permet gestionar tots els serveis que necessiten transmissi\u00f3 d&#8217;informaci\u00f3: dades, imatges, veu, etc., i per a fer-ho es mantenen els serveis de xarxa necessaris per a estos: DHCP, DNS, WINS, etc.<\/p>\n<p>La xarxa es gestiona d&#8217;una forma coherent i unificada, permetent l&#8217;evoluci\u00f3 tecnol\u00f2gica d&#8217;esta i dels serveis oferts sense que aix\u00f2 haguera de requerir modificacions substancials en la seua concepci\u00f3. Igualment, la infraestructura instal\u00b7lada ha d&#8217;arribar a tots els llocs de treball perqu\u00e8 puga ser utilitzada en el treball quotidi\u00e0 de tots els usuaris.<\/p>\n<p>L&#8217;estructura general consta de cinc nodes situats cada un en els 4 campus actuals (Elx, Sant Joan, Oriola Desemparats i Altea) i en la seu d&#8217;Oriola Saleses. Unint estos nodes, existeixen una s\u00e8rie d&#8217;enlla\u00e7os de comunicacions de dades intercampus basats en la tecnologia DWDM sobre fibra fosca formada per tres nodes, un node situat a Elx, un altre a Sant Joan i un altre a Oriola Desemparats, sent la topologia en forma d&#8217;estrela, situant-se el centre d&#8217;esta a Elx i sent els extrems el node de Sant Joan i el d&#8217;Oriola Desemparats.<\/p>\n<p>Entre els nodes d&#8217;Elx &#8211; Sant Joan existeixen ara mateix els serveis de 10G, Fibre Channel 4G i multiplexaci\u00f3 4 canals E1. Entre els nodes d&#8217;Elx \u2013 Oriola existeixen els serveis d&#8217;1G. Per a fer-ho s&#8217;ha disposat d&#8217;una doble cabina DUSAC en cada node en configuraci\u00f3 TWIN (protecci\u00f3 1+1), cada cabina DUSAC disposa d&#8217;un transponedor FTX-6G per al transport dels serveis de canals E1 i un altre transponedor FTX-7G per al transport de Fibre Channel 4G.<\/p>\n<p>Per al transport dels canals E1 entre Elx i Sant Joan i entre Elx i Oriola s&#8217;ha disposat al mateix temps una targeta MUX-703 insertable dins d&#8217;una cabina DUSAC que \u00e9s l&#8217;encarregada de multiplexar i convertir els senyals el\u00e8ctrics dels E1 i convertir-los a \u00f2ptics per a lliurar als dos transponedors FTX-6G.<\/p>\n<p>El campus d&#8217;Altea i la seu de Saleses disposen d&#8217;un acc\u00e9s Metrolan de cabal 20 Mbps. Els accessos Metrolan en totes les seus s&#8217;entreguen mitjan\u00e7ant interf\u00edcie FastEthernet o Ethernet depenent del cabal d&#8217;acc\u00e9s, actualment estos accessos estan connectats a l&#8217;electr\u00f2nica de core de xarxa del Campus d&#8217;Elx i Sant Joan.<\/p>\n<p>La connexi\u00f3 Macrolan existent al campus d&#8217;Elx, a m\u00e9s de proporcionar connectivitat IP als campus d&#8217;Altea i seu de Saleses, serveix com a punt central de comunicaci\u00f3 per a 3 aules de formaci\u00f3 amb sistemes de videoconfer\u00e8ncia situades als Hospitals d&#8217;Elx, Alacant i Elda.<\/p>\n<p>Dins de cada un dels quatre campus s&#8217;han realitzat les canalitzacions necess\u00e0ries per a enlla\u00e7ar tots els edificis mitjan\u00e7ant m\u00e0negues de fibra \u00f2ptica i parell m\u00faltiple telef\u00f2nic.<\/p>","protected":false},"excerpt":{"rendered":"<p>Descripci\u00f3:<br \/>\nEl Servei d&#8217;Infraestructura Inform\u00e0tica mant\u00e9 la xarxa de comunicacions de la Universitat Miguel Hern\u00e1ndez en les seues 5 ubicacions: Elx, Altea, Oriola Desemparats, Oriola Saleses i Sant Joan, les quals es corresponen amb els 4 campus en els quals es troba dividida.<br \/>\nEsta xarxa ens permet gestionar tots els serveis que necessiten transmissi\u00f3 d&#8217;informaci\u00f3: dades, imatges, [&#8230;]<\/p>\n","protected":false},"author":3,"featured_media":0,"parent":345,"menu_order":-1,"comment_status":"closed","ping_status":"open","template":"","meta":{"_links_to":"","_links_to_target":""},"_links":{"self":[{"href":"https:\/\/sii.umh.es\/ca\/wp-json\/wp\/v2\/pages\/360"}],"collection":[{"href":"https:\/\/sii.umh.es\/ca\/wp-json\/wp\/v2\/pages"}],"about":[{"href":"https:\/\/sii.umh.es\/ca\/wp-json\/wp\/v2\/types\/page"}],"author":[{"embeddable":true,"href":"https:\/\/sii.umh.es\/ca\/wp-json\/wp\/v2\/users\/3"}],"replies":[{"embeddable":true,"href":"https:\/\/sii.umh.es\/ca\/wp-json\/wp\/v2\/comments?post=360"}],"version-history":[{"count":0,"href":"https:\/\/sii.umh.es\/ca\/wp-json\/wp\/v2\/pages\/360\/revisions"}],"up":[{"embeddable":true,"href":"https:\/\/sii.umh.es\/ca\/wp-json\/wp\/v2\/pages\/345"}],"wp:attachment":[{"href":"https:\/\/sii.umh.es\/ca\/wp-json\/wp\/v2\/media?parent=360"}],"curies":[{"name":"wp","href":"https:\/\/api.w.org\/{rel}","templated":true}]}}