{"id":359,"date":"2011-04-11T11:45:48","date_gmt":"2011-04-11T09:45:48","guid":{"rendered":"http:\/\/si.zeus.umh.es\/?page_id=359"},"modified":"2026-03-24T12:28:34","modified_gmt":"2026-03-24T11:28:34","slug":"acceso-a-redes-inalambricas","status":"publish","type":"page","link":"https:\/\/sii.umh.es\/ca\/servicios\/red-telecomunicaciones-e-internet\/acceso-a-redes-inalambricas\/","title":{"rendered":"Xarxes inal\u00e0mbriques (Wireless)"},"content":{"rendered":"<p><\/p>\n<table style=\"border: none\">\n<tbody>\n<tr style=\"border-bottom: none\">\n<td><strong><img loading=\"lazy\" class=\"alignleft size-full wp-image-993\" title=\"wireless\" src=\"https:\/\/sii.umh.es\/files\/2011\/04\/wireless.gif\" alt=\"Logo Punt d'acc\u00e9s UMH Wireless\" width=\"125\" height=\"118\" \/><\/strong><\/td>\n<td style=\"vertical-align: baseline\"><strong>Acc\u00e9s a xarxes inal\u00e0mbriques: Iumhnet, Iumhweb i Eduroam<\/strong><\/td>\n<\/tr>\n<\/tbody>\n<\/table>\n<p><strong>Descripci\u00f3<\/strong>:<br \/>\nLa UMH disposa d&#8217;una xarxa inal\u00e0mbrica, concebuda com a m\u00e8tode de connexi\u00f3 alternatiu a les connexions tradicionals per cable. D&#8217;esta manera es pret\u00e9n cobrir les necessitats dels usuaris que requereixen connexions puntuals de manera din\u00e0mica i flexible.<\/p>\n<p>La cobertura \u00e9s total en zones d&#8217;\u00fas com\u00fa o de perman\u00e8ncia temporal com ara biblioteques, sales de reunions, salons d&#8217;actes, vest\u00edbuls o distribu\u00efdors amplis, sales de lectura o estudi, cafeteries, etc.<\/p>\n<p>Hi ha tres tipus de connexions disponibles:<\/p>\n<p>&nbsp;<\/p>\n<ol style=\"margin-top: -30px\">\n<li>Connexi\u00f3 segura: <strong>Iumhnet<\/strong><\/li>\n<li>Connexi\u00f3 en obert: <strong>Iumhweb<\/strong><\/li>\n<li>Connexi\u00f3 segura: <strong>eduroam<\/strong><\/li>\n<\/ol>\n<p>Tota la informaci\u00f3 sobre la configuraci\u00f3 i l&#8217;acc\u00e9s a la xarxa inal\u00e0mbrica de la UMH es troba en <a href=\"https:\/\/sii.umh.es\/files\/2022\/06\/manual-Conexion-a-la-red-Wifi-UMHv2-1.pdf\" target=\"_blank\" rel=\"noopener noreferrer\">este document (PDF) <img loading=\"lazy\" class=\"alignnone size-full wp-image-3400\" src=\"https:\/\/sii.umh.es\/files\/2024\/01\/abre-en-nueva-ventana.png\" alt=\"Obri en una finestra nova\" width=\"15\" height=\"15\" \/><\/a>.<\/p>\n<p><strong><img loading=\"lazy\" class=\" alignleft\" src=\"https:\/\/si.umh.es\/files\/2011\/04\/eduroamlogo.gif\" alt=\"Logo Eduroam\" width=\"120\" height=\"46\" \/><\/strong><\/p>\n<p>Finalment, la UMH est\u00e0 adherida al projecte <strong>Eduroam<\/strong> (Educational Roaming), iniciativa de RedIris. D&#8217;esta manera, un usuari d&#8217;una altra instituci\u00f3 que estiga adscrita a este projecte podria connectar-se des de la nostra Universitat sense fer canvis en la configuraci\u00f3 del seu equip, amb l&#8217;identificador i la clau de qu\u00e8 disposa en la seua instituci\u00f3. Igualment, un usuari de la nostra universitat podria connectar-se a Internet des de qualsevol de les xarxes incloses en Eduroam.<br \/>\nPer a m\u00e9s informaci\u00f3 sobre eduroam, pot visitar els llocs oficials d&#8217;eduroam a Internet: <a href=\"http:\/\/www.eduroam.es\" target=\"_blank\" rel=\"noopener noreferrer\">www.eduroam.es <img loading=\"lazy\" class=\"alignnone size-full wp-image-3400\" src=\"https:\/\/sii.umh.es\/files\/2024\/01\/abre-en-nueva-ventana.png\" alt=\"Obri en una finestra nova\" width=\"15\" height=\"15\" \/><\/a> i <a href=\"http:\/\/www.eduroam.org\" target=\"_blank\" rel=\"noopener noreferrer\">www.eduroam.org <img loading=\"lazy\" class=\"alignnone size-full wp-image-3400\" src=\"https:\/\/sii.umh.es\/files\/2024\/01\/abre-en-nueva-ventana.png\" alt=\"Obri en una finestra nova\" width=\"15\" height=\"15\" \/><\/a><\/p>\n<p><iframe  style=\"display: block; margin: 0px auto;\"  id=\"_ytid_54728\"  width=\"480\" height=\"270\"  data-origwidth=\"480\" data-origheight=\"270\" src=\"https:\/\/www.youtube.com\/embed\/1HQbU4KELtk?enablejsapi=1&autoplay=0&cc_load_policy=0&cc_lang_pref=&iv_load_policy=1&loop=0&modestbranding=0&rel=1&fs=1&playsinline=0&autohide=2&theme=dark&color=red&controls=1&\" class=\"__youtube_prefs__  no-lazyload\" title=\"YouTube player\"  allow=\"accelerometer; autoplay; clipboard-write; encrypted-media; gyroscope; picture-in-picture\" allowfullscreen data-no-lazy=\"1\" data-skipgform_ajax_framebjll=\"\"><\/iframe><br \/>\n<strong><br \/>\nDestinataris:<\/strong><br \/>\nPAS, PDI, Estudiants i Visitants de la UMH.<br \/>\n<strong><br \/>\n<\/strong><strong>Requisits:<\/strong><\/p>\n<p>&nbsp;<\/p>\n<ul style=\"margin-top: -30px\">\n<li>Per a connectar amb la xarxa Iumhnet s&#8217;ha de disposar d&#8217;usuari de domini per a validar-se.<\/li>\n<li>Per a connectar amb la xarxa Iumhweb es podr\u00e0 validar amb l&#8217;usuari de domini i amb el DNI\/PIN d&#8217;estudiant.<\/li>\n<li>En cas dels <strong>usuaris visitants<\/strong> que no disposen ni d&#8217;usuari de domini ni de DNI\/PIN, podran obtindre una contrasenya connectant amb la xarxa <strong>Iumhweb<\/strong> i seguint les instruccions que es detallen.<\/li>\n<\/ul>\n<p><strong>Sol\u00b7licitud del servei:<\/strong><br \/>\nEste servei est\u00e0 actiu, per la qual cosa tan sols s&#8217;ha de configurar correctament per al seu \u00fas.<\/p>\n<p>En el cas que, despr\u00e9s de fer la configuraci\u00f3, no puga connectar, pot sol\u00b7licitar assist\u00e8ncia a trav\u00e9s del <a href=\"https:\/\/si.umh.es\/servicios\/soporte-y-resolucion-de-incidencias\/\" target=\"_blank\" rel=\"noopener noreferrer\">Centre d&#8217;Atenci\u00f3 a l&#8217;Usuari (CAU) <img loading=\"lazy\" class=\"alignnone size-full wp-image-3400\" src=\"https:\/\/sii.umh.es\/files\/2024\/01\/abre-en-nueva-ventana.png\" alt=\"Obri en una finestra nova\" width=\"15\" height=\"15\" \/><\/a> del Servei d&#8217;Infraestructura Inform\u00e0tica.<\/p>\n<p><strong>Informaci\u00f3 i manuals:<\/strong><br \/>\nPer a configurar la connexi\u00f3 a la xarxa Wifi des del seu dispositiu, pot utilitzar el <a href=\"https:\/\/cat.eduroam.org\/?idp=26\" target=\"_blank\" rel=\"noopener noreferrer\">servei d&#8217;Eduroam de configuraci\u00f3 autom\u00e0tica <img loading=\"lazy\" class=\"alignnone size-full wp-image-3400\" src=\"https:\/\/sii.umh.es\/files\/2024\/01\/abre-en-nueva-ventana.png\" alt=\"Obri en una finestra nova\" width=\"15\" height=\"15\" \/><\/a>, o accedir-hi mitjan\u00e7ant el seg\u00fcent codi QR:<\/p>\n<p><img loading=\"lazy\" class=\"alignnone wp-image-1163 size-full\" title=\"cat.eduroam.org\" src=\"https:\/\/sii.umh.es\/files\/2011\/04\/cat.eduroam.png\" alt=\"Codi QR Eduroam\" width=\"111\" height=\"111\" \/><\/p>\n<p><a title=\"Nota lector QR\" href=\"https:\/\/sii.umh.es\/servicios\/red-telecomunicaciones-e-internet\/acceso-a-redes-inalambricas\/nota-lector-qr\/\" rel=\"noopener noreferrer\">Nota important sobre lectors de codis QR<\/a><\/p>\n<p>Consulte tota la informaci\u00f3 sobre este servei en el: <a href=\"https:\/\/sii.umh.es\/files\/2022\/06\/manual-Conexion-a-la-red-Wifi-UMHv2-1.pdf\" target=\"_blank\" rel=\"noopener noreferrer\">Document de Connexi\u00f3 (PDF) <img loading=\"lazy\" class=\"alignnone size-full wp-image-3400\" src=\"https:\/\/sii.umh.es\/files\/2024\/01\/abre-en-nueva-ventana.png\" alt=\"Obri en una finestra nova\" width=\"15\" height=\"15\" \/><\/a>.<\/p>","protected":false},"excerpt":{"rendered":"<p>Acc\u00e9s a xarxes inal\u00e0mbriques: Iumhnet, Iumhweb i Eduroam<\/p>\n<p>Descripci\u00f3:<br \/>\nLa UMH disposa d&#8217;una xarxa inal\u00e0mbrica, concebuda com a m\u00e8tode de connexi\u00f3 alternatiu a les connexions tradicionals per cable. D&#8217;esta manera es pret\u00e9n cobrir les necessitats dels usuaris que requereixen connexions puntuals de manera din\u00e0mica i flexible.<br \/>\nLa cobertura \u00e9s total en zones d&#8217;\u00fas com\u00fa o de perman\u00e8ncia temporal [&#8230;]<\/p>\n","protected":false},"author":3,"featured_media":0,"parent":345,"menu_order":1,"comment_status":"closed","ping_status":"open","template":"","meta":{"_links_to":"","_links_to_target":""},"_links":{"self":[{"href":"https:\/\/sii.umh.es\/ca\/wp-json\/wp\/v2\/pages\/359"}],"collection":[{"href":"https:\/\/sii.umh.es\/ca\/wp-json\/wp\/v2\/pages"}],"about":[{"href":"https:\/\/sii.umh.es\/ca\/wp-json\/wp\/v2\/types\/page"}],"author":[{"embeddable":true,"href":"https:\/\/sii.umh.es\/ca\/wp-json\/wp\/v2\/users\/3"}],"replies":[{"embeddable":true,"href":"https:\/\/sii.umh.es\/ca\/wp-json\/wp\/v2\/comments?post=359"}],"version-history":[{"count":0,"href":"https:\/\/sii.umh.es\/ca\/wp-json\/wp\/v2\/pages\/359\/revisions"}],"up":[{"embeddable":true,"href":"https:\/\/sii.umh.es\/ca\/wp-json\/wp\/v2\/pages\/345"}],"wp:attachment":[{"href":"https:\/\/sii.umh.es\/ca\/wp-json\/wp\/v2\/media?parent=359"}],"curies":[{"name":"wp","href":"https:\/\/api.w.org\/{rel}","templated":true}]}}