{"id":3522,"date":"2024-09-18T14:11:59","date_gmt":"2024-09-18T12:11:59","guid":{"rendered":"https:\/\/sii.umh.es\/?page_id=3522"},"modified":"2026-02-26T09:44:08","modified_gmt":"2026-02-26T08:44:08","slug":"procedimiento-completo-de-compra-de-consumibles-de-impresion-2024_am_01","status":"publish","type":"page","link":"https:\/\/sii.umh.es\/ca\/acuerdos_marco\/acuerdo-marco-para-el-suministro-de-consumibles-de-impresion-para-la-universidad-miguel-hernandez-de-elche\/procedimiento-completo-de-compra-de-consumibles-de-impresion-2024_am_01\/","title":{"rendered":"Procediment complet de compra de consumibles d&#8217;impressi\u00f3 (2024_AM_01)"},"content":{"rendered":"<p>Els contractes basats en l&#8217;AM nom\u00e9s podran celebrar-se entre la UMH i les empreses que han sigut homologades. Per a facilitar les compres, la UMH disposa d&#8217;una <a href=\"https:\/\/universite.umh.es\/pedidos\/\" target=\"_blank\" rel=\"noopener\">Aplicaci\u00f3 de Gesti\u00f3 de Comandes <img loading=\"lazy\" class=\"alignnone size-full wp-image-3400\" src=\"https:\/\/sii.umh.es\/files\/2024\/01\/abre-en-nueva-ventana.png\" alt=\"Obre en finestra nova\" width=\"15\" height=\"15\" \/><\/a> que s&#8217;utilitzar\u00e0 per a realitzar la gesti\u00f3 d&#8217;aquestes.<\/p>\n<p>Es tindran en compte els seg\u00fcents criteris:<\/p>\n<ul>\n<li>Si l&#8217;import de la <strong>compra \u00e9s inferior a 1.000\u20ac (IVA excl\u00f2s)<\/strong> es podr\u00e0 seleccionar el producte que millor satisfa\u00e7a les nostres necessitats i realitzar la petici\u00f3 al prove\u00efdor<\/li>\n<li>Si l&#8217;import de la <strong>compra \u00e9s igual o superior a 1.000\u20ac (IVA excl\u00f2s)<\/strong>, es sol\u00b7licitar\u00e0 oferta a diversos prove\u00efdors sent els criteris d&#8217;adjudicaci\u00f3: preu (70 punts) i grau d&#8217;ajust a les necessitats (30 punts)<\/li>\n<\/ul>\n<p style=\"padding-left: 40px\"><strong>Grau d&#8217;ajust a les necessitats de l&#8217;equip dest\u00ed<\/strong><\/p>\n<ul>\n<li>Es puntuar\u00e0 amb 30 punts aquells productes de la mateixa marca de l&#8217;equip al qual es destina.<\/li>\n<li>Es puntuar\u00e0 amb 15 punts aquells productes que no sent de la mateixa marca, el fabricant indique que s\u00f3n compatibles amb l&#8217;equip al qual es destina.<\/li>\n<\/ul>\n<p>En el cas d&#8217;articles que no vagen destinats a cap equip es puntuar\u00e0 amb la m\u00e0xima puntuaci\u00f3 per a tots els productes ofertats.<\/p>\n<p style=\"text-align: center;max-width: 80%;border: 2px red solid;padding: 13px;margin: 20px 10px 23px 10%\">Nota: El preu dels productes indicats en els cat\u00e0legs mai s\u00f3n els definitius, ser\u00e0 necessari llan\u00e7ar una sol\u00b7licitud d&#8217;oferta del producte desitjat per a con\u00e9ixer el preu final al qual pot ser adquirit<\/p>\n<h3>Els passos a seguir per a realitzar una compra s\u00f3n els seg\u00fcents:<\/h3>\n<ul>\n<li>\n<h4 style=\"padding-top: 20px\"><strong>FASE D&#8217;OFERTES (O-2024\/XXX)<\/strong><\/h4>\n<\/li>\n<\/ul>\n<ol type=\"1\">\n<li>Entrar en l&#8217;aplicaci\u00f3 de <a href=\"https:\/\/universite.umh.es\/pedidos\/\" target=\"_blank\" rel=\"noopener\">gesti\u00f3 de comandes <img loading=\"lazy\" class=\"alignnone size-full wp-image-3400\" src=\"https:\/\/sii.umh.es\/files\/2024\/01\/abre-en-nueva-ventana.png\" alt=\"Obre en finestra nova\" width=\"15\" height=\"15\" \/><\/a><\/li>\n<li>Buscar el producte que desitgem adquirir usant el cercador avan\u00e7at. Abans de realitzar la cerca seleccionem el contracte <span style=\"text-decoration: underline\">AM: Subministrament de consumibles d&#8217;impressi\u00f3 per a la Universitat Miguel Hern\u00e1ndez d&#8217;Elx<\/span> i el Lot i la Categoria desitjada.<\/li>\n<li>Entre els resultats de la cerca, veure quin \u00e9s l&#8217;article que volem adquirir.<\/li>\n<li>Podem buscar per refer\u00e8ncia per a veure si un article el tenen diversos prove\u00efdors.<\/li>\n<li>Afegir a la cistella tots els articles dels quals volem sol\u00b7licitar oferta. <strong> ARTICLES AL MATEIX PROVE\u00cfDOR<\/strong> Si tots els articles s\u00f3n del mateix prove\u00efdor podem realitzar la comanda directament o enviar sol\u00b7licitud d&#8217;oferta per si el prove\u00efdor ens pot realitzar un descompte major a l&#8217;aplicat. Si s&#8217;ha realitzat la comanda directament, passarem a la fase de comanda (Punt 8). <strong> ARTICLES A DIFERENTS PROVE\u00cfDORS<\/strong> Si els articles s\u00f3n de diferents prove\u00efdors sempre s&#8217;enviar\u00e0 una sol\u00b7licitud d&#8217;oferta. Hem de tindre en compte incloure la mateixa quantitat i producte\/s a cada prove\u00efdor, ja que guanyar\u00e0 l&#8217;oferta m\u00e9s econ\u00f2mica. Si un prove\u00efdor tinguera diferent quantitat de productes la valoraci\u00f3 no seria correcta.<\/li>\n<li>Si hem sol\u00b7licitat oferta a un o diversos prove\u00efdors haurem d&#8217;esperar que els prove\u00efdors ens envien la seua proposta per a poder realitzar la valoraci\u00f3 d&#8217;aquestes. Rebrem un correu electr\u00f2nic quan ja estiguen disponibles. La comanda estar\u00e0 en el Llistat d&#8217;Ofertes que estan <a href=\"https:\/\/universite.umh.es\/pedidos\/ofertas\/lista#pendiente_recepcion_mejora\">Pdtes. Recepci\u00f3 Millora<\/a>.<\/li>\n<li>Una vegada rebudes totes les ofertes passarem a realitzar la valoraci\u00f3 d&#8217;aquestes. Per a fer-ho seleccionarem l&#8217;enlla\u00e7 del correu que hem rebut o b\u00e9 entrarem en l&#8217;aplicaci\u00f3 i buscarem la nostra oferta en el Llistat d&#8217;Ofertes que estan <a href=\"https:\/\/universite.umh.es\/pedidos\/ofertas\/lista#pendientes_valoracion\">Pendents de Valoraci\u00f3<\/a> i polsarem el bot\u00f3 \u201cValorar\u201d. La valoraci\u00f3 de les ofertes consisteix a indicar un \u201cPercentatge d&#8217;adequaci\u00f3\u201d per a cada oferta de prove\u00efdor introduint el valor 50% o 100% en funci\u00f3 del <strong>Grau d&#8217;ajust a les necessitats de l&#8217;equip dest\u00ed<\/strong>:<br \/>\n&#8211; Es puntuar\u00e0 amb <strong>100% (30 punts)<\/strong> aquells <strong>productes de la mateixa marca de l&#8217;equip al qual es destina<\/strong>.<br \/>\n&#8211; Es puntuar\u00e0 amb <strong>50% (15 punts)<\/strong> aquells productes que no sent de la mateixa marca, el <strong>fabricant indique que s\u00f3n compatibles amb l&#8217;equip al qual es destina<\/strong>.<\/p>\n<h4 style=\"padding-top: 20px\"><strong>FASE D&#8217;AUTORITZACI\u00d3 (A-202x\/NNNN) <\/strong><\/h4>\n<p>Despr\u00e9s de la valoraci\u00f3 de l&#8217;oferta, polsarem en el bot\u00f3 <strong>\u00abSol\u00b7licitar autoritzaci\u00f3\u00bb.<\/strong> En la finestra emergent hem d&#8217;incloure el seg\u00fcent:<\/p>\n<ul>\n<li><span style=\"text-decoration: underline\">APLICACI\u00d3 PRESSUPOST\u00c0RIA<\/span>: \u00c9s fonamental seleccionar la partida des de la qual es realitzar\u00e0 la compra, ja que no podr\u00e0 modificar-se en la resta del proc\u00e9s.<\/li>\n<li><span style=\"text-decoration: underline\">MOTIVACI\u00d3 DE LA COMPRA<\/span>: Ser\u00e0 necessari indicar a m\u00e9s de la finalitat de la compra, el <strong>n\u00famero d&#8217;inventari <\/strong>i <strong>ubicaci\u00f3<\/strong> de la impressora per a la qual es sol\u00b7licita el consumible.<\/li>\n<\/ul>\n<p>La sol\u00b7licitud de compra ser\u00e0 enviada per a la seua autoritzaci\u00f3 al responsable del servei d&#8217;Infraestructura Inform\u00e0tica.<\/p>\n<h4 style=\"padding-top: 20px\"><strong>FASE DE COMANDA (P-2024\/NNNN)<\/strong><\/h4>\n<\/li>\n<li>El <strong>termini de lliurament<\/strong> de les comandes s\u00f3n <strong>2 dies<\/strong> des que realitzem la petici\u00f3 i despr\u00e9s de complir-se <strong>podrem des de la pr\u00f2pia aplicaci\u00f3 reclamar-los la comanda<\/strong> o <strong>cancel\u00b7lar-la<\/strong> si f\u00f3ra necessari, tenint en compte que la cancel\u00b7laci\u00f3 nom\u00e9s s&#8217;haur\u00e0 de realitzar per a casos degudament justificats.<\/li>\n<li>Despr\u00e9s de la <strong>recepci\u00f3 de la comanda<\/strong> introduirem en l&#8217;aplicaci\u00f3 la <strong>data de recepci\u00f3<\/strong>.<\/li>\n<\/ol>\n<p style=\"padding-left: 40px\"><strong>Dubtes sobre l&#8217;AM:<\/strong> Servei de Planificaci\u00f3 i Seguimient de la contractaci\u00f3: <a href=\"mailto:spscontratacion@umh.es\">spscontratacion@umh.es<\/a> Si es necessitara realitzar alguna consulta sobre una compra es pot sol\u00b7licitar ajuda d&#8217;un t\u00e8cnic del Servei d&#8217;Infraestructures Inform\u00e0tiques donant d&#8217;alta un CAU a trav\u00e9s de <a href=\"http:\/\/cau.umh.es\/\" target=\"_blank\" rel=\"noopener\">cau.umh.es <img loading=\"lazy\" class=\"alignnone size-full wp-image-3400\" src=\"https:\/\/sii.umh.es\/files\/2024\/01\/abre-en-nueva-ventana.png\" alt=\"Obre en finestra nova\" width=\"15\" height=\"15\" \/><\/a><\/p>\n<p><\/p>","protected":false},"excerpt":{"rendered":"<p>Els contractes basats en l&#8217;AM nom\u00e9s podran celebrar-se entre la UMH i les empreses que han sigut homologades. Per a facilitar les compres, la UMH disposa d&#8217;una Aplicaci\u00f3 de Gesti\u00f3 de Comandes  que s&#8217;utilitzar\u00e0 per a realitzar la gesti\u00f3 d&#8217;aquestes.<br \/>\nEs tindran en compte els seg\u00fcents criteris:<\/p>\n<p>Si l&#8217;import de la compra \u00e9s inferior a 1.000\u20ac [&#8230;]<\/p>\n","protected":false},"author":24275,"featured_media":0,"parent":3513,"menu_order":0,"comment_status":"closed","ping_status":"closed","template":"","meta":{"_links_to":"","_links_to_target":""},"_links":{"self":[{"href":"https:\/\/sii.umh.es\/ca\/wp-json\/wp\/v2\/pages\/3522"}],"collection":[{"href":"https:\/\/sii.umh.es\/ca\/wp-json\/wp\/v2\/pages"}],"about":[{"href":"https:\/\/sii.umh.es\/ca\/wp-json\/wp\/v2\/types\/page"}],"author":[{"embeddable":true,"href":"https:\/\/sii.umh.es\/ca\/wp-json\/wp\/v2\/users\/24275"}],"replies":[{"embeddable":true,"href":"https:\/\/sii.umh.es\/ca\/wp-json\/wp\/v2\/comments?post=3522"}],"version-history":[{"count":0,"href":"https:\/\/sii.umh.es\/ca\/wp-json\/wp\/v2\/pages\/3522\/revisions"}],"up":[{"embeddable":true,"href":"https:\/\/sii.umh.es\/ca\/wp-json\/wp\/v2\/pages\/3513"}],"wp:attachment":[{"href":"https:\/\/sii.umh.es\/ca\/wp-json\/wp\/v2\/media?parent=3522"}],"curies":[{"name":"wp","href":"https:\/\/api.w.org\/{rel}","templated":true}]}}