{"id":3519,"date":"2024-09-18T14:00:55","date_gmt":"2024-09-18T12:00:55","guid":{"rendered":"https:\/\/sii.umh.es\/?page_id=3519"},"modified":"2026-03-17T08:40:06","modified_gmt":"2026-03-17T07:40:06","slug":"proveedores-homologados-y-plazos-de-entrega-2024_am_01","status":"publish","type":"page","link":"https:\/\/sii.umh.es\/ca\/acuerdos_marco\/acuerdo-marco-para-el-suministro-de-consumibles-de-impresion-para-la-universidad-miguel-hernandez-de-elche\/proveedores-homologados-y-plazos-de-entrega-2024_am_01\/","title":{"rendered":"Prove\u00efdors homologats i terminis de lliurament (2024_AM_01)"},"content":{"rendered":"<p><\/p>\n<h3 style=\"padding-bottom: 20px\"><strong>Prove\u00efdors homologats:<\/strong><\/h3>\n<h4>NUNSYS S.L<\/h4>\n<h4>ECONOCOM SEMIC S.A.U.<\/h4>\n<h4>TP INFORM\u00c1TICA Y SERVICIOS S.L.<\/h4>\n<p> &nbsp; <\/p>\n<h3><\/h3>\n<h3><strong>Terminis de lliurament:<\/strong><\/h3>\n<p> El termini de lliurament de les comandes \u00e9s de 2 dies des que realitzem la petici\u00f3. Una vegada complit aquest termini, podrem, des de la mateixa aplicaci\u00f3, reclamar la comanda o cancel\u00b7lar-la si f\u00f3ra necessari, tenint en compte que la cancel\u00b7laci\u00f3 nom\u00e9s s&#8217;haur\u00e0 de realitzar en casos degudament justificats.<\/p>","protected":false},"excerpt":{"rendered":"<p>Prove\u00efdors homologats:<br \/>\nNUNSYS S.L<br \/>\nECONOCOM SEMIC S.A.U.<br \/>\nTP INFORM\u00c1TICA Y SERVICIOS S.L.<br \/>\n &nbsp; <\/p>\n<p>Terminis de lliurament:<br \/>\n El termini de lliurament de les comandes \u00e9s de 2 dies des que realitzem la petici\u00f3. Una vegada complit aquest termini, podrem, des de la mateixa aplicaci\u00f3, reclamar la comanda o cancel\u00b7lar-la si f\u00f3ra necessari, tenint en compte que la cancel\u00b7laci\u00f3 nom\u00e9s [&#8230;]<\/p>\n","protected":false},"author":24275,"featured_media":0,"parent":3513,"menu_order":0,"comment_status":"closed","ping_status":"closed","template":"","meta":{"_links_to":"","_links_to_target":""},"_links":{"self":[{"href":"https:\/\/sii.umh.es\/ca\/wp-json\/wp\/v2\/pages\/3519"}],"collection":[{"href":"https:\/\/sii.umh.es\/ca\/wp-json\/wp\/v2\/pages"}],"about":[{"href":"https:\/\/sii.umh.es\/ca\/wp-json\/wp\/v2\/types\/page"}],"author":[{"embeddable":true,"href":"https:\/\/sii.umh.es\/ca\/wp-json\/wp\/v2\/users\/24275"}],"replies":[{"embeddable":true,"href":"https:\/\/sii.umh.es\/ca\/wp-json\/wp\/v2\/comments?post=3519"}],"version-history":[{"count":0,"href":"https:\/\/sii.umh.es\/ca\/wp-json\/wp\/v2\/pages\/3519\/revisions"}],"up":[{"embeddable":true,"href":"https:\/\/sii.umh.es\/ca\/wp-json\/wp\/v2\/pages\/3513"}],"wp:attachment":[{"href":"https:\/\/sii.umh.es\/ca\/wp-json\/wp\/v2\/media?parent=3519"}],"curies":[{"name":"wp","href":"https:\/\/api.w.org\/{rel}","templated":true}]}}