{"id":3513,"date":"2024-09-18T13:47:31","date_gmt":"2024-09-18T11:47:31","guid":{"rendered":"https:\/\/sii.umh.es\/?page_id=3513"},"modified":"2026-02-12T12:51:49","modified_gmt":"2026-02-12T11:51:49","slug":"acuerdo-marco-para-el-suministro-de-consumibles-de-impresion-para-la-universidad-miguel-hernandez-de-elche","status":"publish","type":"page","link":"https:\/\/sii.umh.es\/ca\/acuerdos_marco\/acuerdo-marco-para-el-suministro-de-consumibles-de-impresion-para-la-universidad-miguel-hernandez-de-elche\/","title":{"rendered":"2024_AM_01 &#8211; Acord Marc per al subministrament de Consumibles d&#8217;Impressi\u00f3"},"content":{"rendered":"<p>La Universitat Miguel Hern\u00e1ndez d&#8217;Elx ha homologat divers material consumible d&#8217;impressi\u00f3 a trav\u00e9s de l&#8217;expedient <a href=\"https:\/\/contrataciondelestado.es\/wps\/poc?uri=deeplink:detalle_licitacion&amp;idEvl=67FUVwzh3iwzjChw4z%2FXvw%3D%3D\" target=\"_blank\" rel=\"noopener\">2024_AM_01 Acord marc per al subministrament de consumibles d&#8217;impressi\u00f3<\/a><a href=\"https:\/\/contrataciondelestado.es\/wps\/portal\/!ut\/p\/b0\/04_Sj9CPykssy0xPLMnMz0vMAfIjU1JTC3Iy87KtUlJLEnNyUuNzMpMzSxKTgQr0w_Wj9KMyU1zLcvQjzczdQsPKqzKMM8urspwzyk2qVA0iysptbfULcnMdAXJrNjc!\/\" target=\"_blank\" rel=\"noopener\"><img loading=\"lazy\" class=\"alignnone wp-image-3400 size-full\" src=\"https:\/\/sii.umh.es\/files\/2024\/01\/abre-en-nueva-ventana.png\" alt=\"Obre en finestra nova\" width=\"15\" height=\"15\" \/><\/a><\/p>\n<p>L&#8217;objecte de l&#8217;AM \u00e9s que es gestionen a trav\u00e9s d&#8217;aquest, tots els subministraments de consumibles d&#8217;impressi\u00f3 necessaris per a les activitats de gesti\u00f3, doc\u00e8ncia i investigaci\u00f3 pr\u00f2pies dels diferents Departaments, Unitats, Facultats i Escoles, Instituts d&#8217;Investigaci\u00f3 i Serveis de la Universitat Miguel Hern\u00e1ndez d&#8217;Elx.<\/p>\n<hr style=\"clear:both;border:none\" \/>\n<p style=\"max-width: 429.7px;border: 2px red solid;padding: 12px 9px 13px 13px;margin: 0 auto\"><img loading=\"lazy\" class=\"wp-image-3767 alignleft\" src=\"https:\/\/sii.umh.es\/files\/2026\/02\/duracion.png\" alt=\"\" width=\"91\" height=\"101\"><strong>Data inici:<\/strong> 1 de setembre de 2024<br \/>\n<strong>Data fi:<\/strong> 31 d&#8217;agost de 2026<\/p>\n<hr style=\"clear:both;border:none\" \/>\n<ul>\n<li><a href=\"https:\/\/sii.umh.es\/ca\/acuerdos_marco\/acuerdo-marco-para-el-suministro-de-consumibles-de-impresion-para-la-universidad-miguel-hernandez-de-elche\/lotes-y-productos-del-acuerdo-marco-2024_am_01\/\">Lots i productes de l&#8217;acord marc<\/a><\/li>\n<li><a href=\"https:\/\/sii.umh.es\/ca\/acuerdos_marco\/acuerdo-marco-para-el-suministro-de-consumibles-de-impresion-para-la-universidad-miguel-hernandez-de-elche\/proveedores-homologados-y-plazos-de-entrega-2024_am_01\/\">Prove\u00efdors homologats i terminis de lliurament<\/a><\/li>\n<li><a href=\"https:\/\/sii.umh.es\/ca\/acuerdos_marco\/acuerdo-marco-para-el-suministro-de-consumibles-de-impresion-para-la-universidad-miguel-hernandez-de-elche\/procedimiento-completo-de-compra-de-consumibles-de-impresion-2024_am_01\/\">Procediment complet de compra de consumibles d&#8217;impressi\u00f3<\/a><\/li>\n<li><a href=\"https:\/\/sii.umh.es\/ca\/acuerdos_marco\/acuerdo-marco-para-el-suministro-de-consumibles-de-impresion-para-la-universidad-miguel-hernandez-de-elche\/preguntas-frecuentes-2024_am_01\/\">Preguntes freq\u00fcents<\/a><\/li>\n<\/ul>\n<p> <a href=\"https:\/\/sii.umh.es\/ca\/acuerdos_marco\/acuerdo-marco-para-el-suministro-de-consumibles-de-impresion-para-la-universidad-miguel-hernandez-de-elche\/presentaciones-2024_am_01\/\">Presentacions<\/a><\/p>\n<p>Si t\u00e9 qualsevol dubte sobre alguna compra o el procediment a seguir, pot posar-se en contacte amb nosaltres obrint una petici\u00f3 en <a href=\"http:\/\/cau.umh.es\/\" target=\"_blank\" rel=\"noopener\">cau.umh.es <img loading=\"lazy\" class=\"alignnone size-full wp-image-3400\" src=\"https:\/\/sii.umh.es\/files\/2024\/01\/abre-en-nueva-ventana.png\" alt=\"Obre en finestra nova\" width=\"15\" height=\"15\" \/><\/a><\/p>","protected":false},"excerpt":{"rendered":"<p>La Universitat Miguel Hern\u00e1ndez d&#8217;Elx ha homologat divers material consumible d&#8217;impressi\u00f3 a trav\u00e9s de l&#8217;expedient 2024_AM_01 Acord marc per al subministrament de consumibles d&#8217;impressi\u00f3<br \/>\nL&#8217;objecte de l&#8217;AM \u00e9s que es gestionen a trav\u00e9s d&#8217;aquest, tots els subministraments de consumibles d&#8217;impressi\u00f3 necessaris per a les activitats de gesti\u00f3, doc\u00e8ncia i investigaci\u00f3 pr\u00f2pies dels diferents Departaments, Unitats, Facultats [&#8230;]<\/p>\n","protected":false},"author":24275,"featured_media":0,"parent":2973,"menu_order":2,"comment_status":"closed","ping_status":"closed","template":"","meta":{"_links_to":"","_links_to_target":""},"_links":{"self":[{"href":"https:\/\/sii.umh.es\/ca\/wp-json\/wp\/v2\/pages\/3513"}],"collection":[{"href":"https:\/\/sii.umh.es\/ca\/wp-json\/wp\/v2\/pages"}],"about":[{"href":"https:\/\/sii.umh.es\/ca\/wp-json\/wp\/v2\/types\/page"}],"author":[{"embeddable":true,"href":"https:\/\/sii.umh.es\/ca\/wp-json\/wp\/v2\/users\/24275"}],"replies":[{"embeddable":true,"href":"https:\/\/sii.umh.es\/ca\/wp-json\/wp\/v2\/comments?post=3513"}],"version-history":[{"count":0,"href":"https:\/\/sii.umh.es\/ca\/wp-json\/wp\/v2\/pages\/3513\/revisions"}],"up":[{"embeddable":true,"href":"https:\/\/sii.umh.es\/ca\/wp-json\/wp\/v2\/pages\/2973"}],"wp:attachment":[{"href":"https:\/\/sii.umh.es\/ca\/wp-json\/wp\/v2\/media?parent=3513"}],"curies":[{"name":"wp","href":"https:\/\/api.w.org\/{rel}","templated":true}]}}