{"id":346,"date":"2011-04-11T11:18:29","date_gmt":"2011-04-11T09:18:29","guid":{"rendered":"http:\/\/si.zeus.umh.es\/?page_id=346"},"modified":"2026-03-05T14:19:27","modified_gmt":"2026-03-05T13:19:27","slug":"gestion-de-licencias","status":"publish","type":"page","link":"https:\/\/sii.umh.es\/ca\/servicios\/gestion-de-licencias\/","title":{"rendered":"Llic\u00e8ncies de programari"},"content":{"rendered":"<p><\/p>\n<p data-path-to-node=\"15\">El <b data-path-to-node=\"15\" data-index-in-node=\"3\">Servei d&#8217;Infraestructura Inform\u00e0tica<\/b> gestiona la contractaci\u00f3 de llic\u00e8ncies campus d&#8217;aquells programes d&#8217;\u00fas com\u00fa per a tot el PAS i PDI de la UMH, els quals denominem &#8220;programari de base institucional&#8221;.<\/p>\n<p data-path-to-node=\"16\">El servei de manteniment o de resoluci\u00f3 d&#8217;incid\u00e8ncies est\u00e0 contractat de tal manera que s&#8217;assegura el correcte funcionament o la resoluci\u00f3 de problemes pel que fa a este conjunt de programes d&#8217;\u00fas com\u00fa.<\/p>\n<p data-path-to-node=\"17\">Es disposa de les seg\u00fcents llic\u00e8ncies campus i acords:<\/p>\n<ul data-path-to-node=\"18\">\n<li>\n<p data-path-to-node=\"18,0,0\"><b data-path-to-node=\"18,0,0\" data-index-in-node=\"0\">Llic\u00e8ncies campus del programari de Microsoft<\/b>, gr\u00e0cies al qual es podr\u00e0 fer \u00fas dels seg\u00fcents programes:<\/p>\n<ul data-path-to-node=\"18,0,1\">\n<li>\n<p data-path-to-node=\"18,0,1,0,0\">Office Professional com a programari d&#8217;ofim\u00e0tica.<\/p>\n<\/li>\n<li>\n<p data-path-to-node=\"18,0,1,1,0\">Microsoft Outlook per al correu electr\u00f2nic.<\/p>\n<\/li>\n<li>\n<p data-path-to-node=\"18,0,1,2,0\">Sistemes Operatius Client: Actualitzacions del sistema operatiu Microsoft Windows, sempre que els equips disposen d&#8217;una llic\u00e8ncia base.<\/p>\n<\/li>\n<\/ul>\n<\/li>\n<li>\n<p data-path-to-node=\"18,1,0\"><b data-path-to-node=\"18,1,0\" data-index-in-node=\"0\">Llic\u00e8ncia campus del programari Adobe Acrobat Professional.<\/b><\/p>\n<\/li>\n<li>\n<p data-path-to-node=\"18,2,0\"><b data-path-to-node=\"18,2,0\" data-index-in-node=\"0\">Acord Microsoft Select Acad\u00e8mic (SELECT)<\/b>, que oferix un sistema de preus senzill i flexible.<\/p>\n<\/li>\n<li>\n<p data-path-to-node=\"18,3,0\"><b data-path-to-node=\"18,3,0\" data-index-in-node=\"0\">Antivirus<\/b>: Actualment est\u00e0 en vigor una llic\u00e8ncia campus dels productes de Trend Micro.<\/p>\n<\/li>\n<li>\n<p data-path-to-node=\"18,4,0\"><b data-path-to-node=\"18,4,0\" data-index-in-node=\"0\">Portal Universitari Autodesk<\/b>, a trav\u00e9s del qual els estudiants i professors podran accedir de forma gratu\u00efta als programes de l&#8217;empresa Autodesk.<\/p>\n<\/li>\n<li>\n<p data-path-to-node=\"18,5,0\"><b data-path-to-node=\"18,5,0\" data-index-in-node=\"0\">Eina Turnitin<\/b>: A disposici\u00f3 dels professors, permet verificar el grau de similitud entre documents, i \u00e9s d&#8217;especial utilitat per als treballs de fi de grau, fi de m\u00e0ster i tesis doctorals.<\/p>\n<\/li>\n<li>\n<p data-path-to-node=\"18,6,0\"><b data-path-to-node=\"18,6,0\" data-index-in-node=\"0\">Acord Cype<\/b>, que permet la desc\u00e0rrega del programari als estudiants de l&#8217;Escola Polit\u00e8cnica Superior de la UMH.<\/p>\n<\/li>\n<li>\n<p data-path-to-node=\"18,7,0\"><b data-path-to-node=\"18,7,0\" data-index-in-node=\"0\">Office 365<\/b> per a la comunitat universit\u00e0ria.<\/p>\n<\/li>\n<\/ul>\n<p><\/p>","protected":false},"excerpt":{"rendered":"<p>El Servei d&#8217;Infraestructura Inform\u00e0tica gestiona la contractaci\u00f3 de llic\u00e8ncies campus d&#8217;aquells programes d&#8217;\u00fas com\u00fa per a tot el PAS i PDI de la UMH, els quals denominem &#8220;programari de base institucional&#8221;.<br \/>\nEl servei de manteniment o de resoluci\u00f3 d&#8217;incid\u00e8ncies est\u00e0 contractat de tal manera que s&#8217;assegura el correcte funcionament o la resoluci\u00f3 de problemes pel que [&#8230;]<\/p>\n","protected":false},"author":3,"featured_media":0,"parent":320,"menu_order":50,"comment_status":"closed","ping_status":"open","template":"","meta":{"_links_to":"","_links_to_target":""},"_links":{"self":[{"href":"https:\/\/sii.umh.es\/ca\/wp-json\/wp\/v2\/pages\/346"}],"collection":[{"href":"https:\/\/sii.umh.es\/ca\/wp-json\/wp\/v2\/pages"}],"about":[{"href":"https:\/\/sii.umh.es\/ca\/wp-json\/wp\/v2\/types\/page"}],"author":[{"embeddable":true,"href":"https:\/\/sii.umh.es\/ca\/wp-json\/wp\/v2\/users\/3"}],"replies":[{"embeddable":true,"href":"https:\/\/sii.umh.es\/ca\/wp-json\/wp\/v2\/comments?post=346"}],"version-history":[{"count":0,"href":"https:\/\/sii.umh.es\/ca\/wp-json\/wp\/v2\/pages\/346\/revisions"}],"up":[{"embeddable":true,"href":"https:\/\/sii.umh.es\/ca\/wp-json\/wp\/v2\/pages\/320"}],"wp:attachment":[{"href":"https:\/\/sii.umh.es\/ca\/wp-json\/wp\/v2\/media?parent=346"}],"curies":[{"name":"wp","href":"https:\/\/api.w.org\/{rel}","templated":true}]}}