{"id":342,"date":"2011-04-11T11:13:40","date_gmt":"2011-04-11T09:13:40","guid":{"rendered":"http:\/\/si.zeus.umh.es\/?page_id=342"},"modified":"2026-03-09T12:35:33","modified_gmt":"2026-03-09T11:35:33","slug":"equipamiento-informatico-e-instalacion-de-software","status":"publish","type":"page","link":"https:\/\/sii.umh.es\/ca\/servicios\/equipamiento-informatico-e-instalacion-de-software\/","title":{"rendered":"Equipament inform\u00e0tic"},"content":{"rendered":"<p>El Servei d&#8217;Infraestructura Inform\u00e0tica gestiona equipament inform\u00e0tic de la Universitat oferint els seg\u00fcents serveis:<\/p>\n<ul>\n<li>Dotaci\u00f3<\/li>\n<li>Pr\u00e9stec<\/li>\n<li>Baixa d&#8217;inventari<\/li>\n<li>Reparacions<\/li>\n<li>Instal\u00b7lacions del &#8220;programari base institucional&#8221; (Sistema Operatiu Microsoft, Office, Acrobat Professional i Antivirus TrendMicro)<\/li>\n<\/ul>\n<p><\/p>","protected":false},"excerpt":{"rendered":"<p>El Servei d&#8217;Infraestructura Inform\u00e0tica gestiona equipament inform\u00e0tic de la Universitat oferint els seg\u00fcents serveis:<\/p>\n<p>Dotaci\u00f3<br \/>\nPr\u00e9stec<br \/>\nBaixa d&#8217;inventari<br \/>\nReparacions<br \/>\nInstal\u00b7lacions del &#8220;programari base institucional&#8221; (Sistema Operatiu Microsoft, Office, Acrobat Professional i Antivirus TrendMicro)<\/p>\n","protected":false},"author":3,"featured_media":0,"parent":320,"menu_order":20,"comment_status":"closed","ping_status":"open","template":"","meta":{"_links_to":"","_links_to_target":""},"_links":{"self":[{"href":"https:\/\/sii.umh.es\/ca\/wp-json\/wp\/v2\/pages\/342"}],"collection":[{"href":"https:\/\/sii.umh.es\/ca\/wp-json\/wp\/v2\/pages"}],"about":[{"href":"https:\/\/sii.umh.es\/ca\/wp-json\/wp\/v2\/types\/page"}],"author":[{"embeddable":true,"href":"https:\/\/sii.umh.es\/ca\/wp-json\/wp\/v2\/users\/3"}],"replies":[{"embeddable":true,"href":"https:\/\/sii.umh.es\/ca\/wp-json\/wp\/v2\/comments?post=342"}],"version-history":[{"count":0,"href":"https:\/\/sii.umh.es\/ca\/wp-json\/wp\/v2\/pages\/342\/revisions"}],"up":[{"embeddable":true,"href":"https:\/\/sii.umh.es\/ca\/wp-json\/wp\/v2\/pages\/320"}],"wp:attachment":[{"href":"https:\/\/sii.umh.es\/ca\/wp-json\/wp\/v2\/media?parent=342"}],"curies":[{"name":"wp","href":"https:\/\/api.w.org\/{rel}","templated":true}]}}