{"id":3349,"date":"2023-10-05T13:17:07","date_gmt":"2023-10-05T11:17:07","guid":{"rendered":"https:\/\/sii.umh.es\/?page_id=3349"},"modified":"2026-02-09T13:21:29","modified_gmt":"2026-02-09T12:21:29","slug":"pantallas-interactivas","status":"publish","type":"page","link":"https:\/\/sii.umh.es\/ca\/servicios\/gestion-de-aulas-informaticas\/pantallas-interactivas\/","title":{"rendered":"Pantalles Interactives"},"content":{"rendered":"<p>La Universitat disposa de pantalles interactives com a suport a la doc\u00e8ncia.<\/p>\n<p style=\"padding-left: 40px\">Aquests mitjans consten de:<\/p>\n<p> &nbsp; <\/p>\n<ul>\n<li style=\"list-style-type: none\">\n<ul style=\"margin-top: -30px\">\n<li>Suport amb rodes amb batea.<\/li>\n<li>Pantalla Interactiva t\u00e0ctil<\/li>\n<li>MINI PC \/ OPS amb programari docent.<\/li>\n<li>WebCam.<\/li>\n<li>Llapis per a pantalla.<\/li>\n<li>Teclat.<\/li>\n<\/ul>\n<\/li>\n<\/ul>\n<p> <strong>Destinataris:<\/strong> Tot el personal de la UMH<\/p>\n<p><strong>Requisits: <\/strong>Per a poder utilitzar aquest servei ser\u00e0 necessari haver realitzat una reserva en una aula.<\/p>\n<p><strong>Sol\u00b7licitud del servei: <\/strong>Per a fer \u00fas dels mitjans audiovisuals s&#8217;haur\u00e0 de sol\u00b7licitar la clau de l&#8217;estada a la consergeria de l&#8217;edifici corresponent. A la consergeria estan a la disposici\u00f3 de l&#8217;usuari: teclat, ratol\u00ed inal\u00e0mbric i punter i cable HDMI, USB-Touch (per a heretar la funcionalitat t\u00e0ctil nom\u00e9s en cas d&#8217;utilitzar un port\u00e0til)<\/p>\n<p><strong>Desc\u00e0rrega de Manuals d&#8217;\u00fas de les pantalles interactives<\/strong><br \/>\nTria el model:<br \/>\n<a class=\"alignleft\" style=\"width: 30%;border: solid 1px grey;padding: 1.5%;margin: 1.5%;text-align: center\" href=\"https:\/\/sii.umh.es\/servicios\/gestion-de-aulas-informaticas\/pantallas-interactivas\/ttl-2\/\" target=\"_blank\" rel=\"noopener\"><img loading=\"lazy\" class=\" wp-image-3833 \" src=\"https:\/\/sii.umh.es\/files\/2025\/04\/TTL-portada.jpg\" alt=\"\" width=\"319\" height=\"191\" \/> <strong>Pantalles TTL<\/strong> <img loading=\"lazy\" class=\"alignnone size-full wp-image-3400\" src=\"https:\/\/sii.umh.es\/files\/2024\/01\/abre-en-nueva-ventana.png\" alt=\"Obre en finestra nova\" width=\"15\" height=\"15\" \/><\/a><a class=\"alignleft\" style=\"width: 30%;border: solid 1px grey;padding: 1.5%;margin: 1.5%;text-align: center\" href=\"https:\/\/sii.umh.es\/servicios\/gestion-de-aulas-informaticas\/pantallas-interactivas\/synetech-2\/\" target=\"_blank\" rel=\"noopener\"><img loading=\"lazy\" class=\" wp-image-3833 \" src=\"https:\/\/sii.umh.es\/files\/2025\/04\/sinetech-portada.jpg\" alt=\"\" width=\"317\" height=\"191\" \/> <strong>Pantalles Synetech<\/strong> <img loading=\"lazy\" class=\"alignnone size-full wp-image-3400\" src=\"https:\/\/sii.umh.es\/files\/2024\/01\/abre-en-nueva-ventana.png\" alt=\"Obre en finestra nova\" width=\"15\" height=\"15\" \/><\/a><a class=\"alignleft\" style=\"width: 30%;border: solid 1px grey;padding: 1.5%;margin: 1.5%;text-align: center\" href=\"https:\/\/sii.umh.es\/servicios\/gestion-de-aulas-informaticas\/pantallas-interactivas\/newline\/\" target=\"_blank\" rel=\"noopener\"><img loading=\"lazy\" class=\"wp-image-4055\" src=\"https:\/\/sii.umh.es\/files\/2025\/05\/newline-portada.png\" alt=\"\" width=\"317\" height=\"189\" srcset=\"https:\/\/sii.umh.es\/files\/2025\/05\/newline-portada.png 500w, https:\/\/sii.umh.es\/files\/2025\/05\/newline-portada-300x180.png 300w\" sizes=\"(max-width: 317px) 100vw, 317px\" \/> <strong>Pantalles Newline<\/strong><span style=\"color: #ff0000\"> <img loading=\"lazy\" class=\"alignnone size-full wp-image-3400\" src=\"https:\/\/sii.umh.es\/files\/2024\/01\/abre-en-nueva-ventana.png\" alt=\"Obre en finestra nova\" width=\"15\" height=\"15\" \/><\/span><\/a><\/p>","protected":false},"excerpt":{"rendered":"<p>La Universitat disposa de pantalles interactives com a suport a la doc\u00e8ncia.<br \/>\nAquests mitjans consten de:<br \/>\n &nbsp; <\/p>\n<p>Suport amb rodes amb batea.<br \/>\nPantalla Interactiva t\u00e0ctil<br \/>\nMINI PC \/ OPS amb programari docent.<br \/>\nWebCam.<br \/>\nLlapis per a pantalla.<br \/>\nTeclat.<\/p>\n<p> Destinataris: Tot el personal de la UMH<br \/>\nRequisits: Per a poder utilitzar aquest servei ser\u00e0 necessari haver realitzat una reserva en una aula.<br \/>\nSol\u00b7licitud del [&#8230;]<\/p>\n","protected":false},"author":3457,"featured_media":0,"parent":347,"menu_order":0,"comment_status":"closed","ping_status":"closed","template":"","meta":{"_links_to":"","_links_to_target":""},"_links":{"self":[{"href":"https:\/\/sii.umh.es\/ca\/wp-json\/wp\/v2\/pages\/3349"}],"collection":[{"href":"https:\/\/sii.umh.es\/ca\/wp-json\/wp\/v2\/pages"}],"about":[{"href":"https:\/\/sii.umh.es\/ca\/wp-json\/wp\/v2\/types\/page"}],"author":[{"embeddable":true,"href":"https:\/\/sii.umh.es\/ca\/wp-json\/wp\/v2\/users\/3457"}],"replies":[{"embeddable":true,"href":"https:\/\/sii.umh.es\/ca\/wp-json\/wp\/v2\/comments?post=3349"}],"version-history":[{"count":0,"href":"https:\/\/sii.umh.es\/ca\/wp-json\/wp\/v2\/pages\/3349\/revisions"}],"up":[{"embeddable":true,"href":"https:\/\/sii.umh.es\/ca\/wp-json\/wp\/v2\/pages\/347"}],"wp:attachment":[{"href":"https:\/\/sii.umh.es\/ca\/wp-json\/wp\/v2\/media?parent=3349"}],"curies":[{"name":"wp","href":"https:\/\/api.w.org\/{rel}","templated":true}]}}