{"id":2627,"date":"2020-07-02T10:00:21","date_gmt":"2020-07-02T08:00:21","guid":{"rendered":"https:\/\/sii.umh.es\/?page_id=2627"},"modified":"2026-01-30T18:04:03","modified_gmt":"2026-01-30T17:04:03","slug":"herramienta-de-soporte-remoto-soporte-umh-es","status":"publish","type":"page","link":"https:\/\/sii.umh.es\/ca\/soporte-y-resolucion-de-incidencias\/herramienta-de-soporte-remoto-soporte-umh-es\/","title":{"rendered":"Eina de Suport Remot (soporte.umh.es)"},"content":{"rendered":"<p>Des del CAU tamb\u00e9 es disposa d&#8217;una eina b\u00e0sica de Suport Remot als usuaris, <a href=\"http:\/\/soporte.umh.es\"><b data-path-to-node=\"8\" data-index-in-node=\"76\">soporte.umh.es<\/b><\/a>, a trav\u00e9s de la qual els t\u00e8cnics poden realitzar un suport remot dels equips dels usuaris per a revisar els problemes o incid\u00e8ncies i configurar eines en els seus equips, sempre pr\u00e8via autoritzaci\u00f3 per part dels usuaris.<\/p>","protected":false},"excerpt":{"rendered":"<p>Des del CAU tamb\u00e9 es disposa d&#8217;una eina b\u00e0sica de Suport Remot als usuaris, soporte.umh.es, a trav\u00e9s de la qual els t\u00e8cnics poden realitzar un suport remot dels equips dels usuaris per a revisar els problemes o incid\u00e8ncies i configurar eines en els seus equips, sempre pr\u00e8via autoritzaci\u00f3 per part dels usuaris.<\/p>\n","protected":false},"author":61,"featured_media":0,"parent":341,"menu_order":0,"comment_status":"closed","ping_status":"closed","template":"","meta":{"_links_to":"","_links_to_target":""},"_links":{"self":[{"href":"https:\/\/sii.umh.es\/ca\/wp-json\/wp\/v2\/pages\/2627"}],"collection":[{"href":"https:\/\/sii.umh.es\/ca\/wp-json\/wp\/v2\/pages"}],"about":[{"href":"https:\/\/sii.umh.es\/ca\/wp-json\/wp\/v2\/types\/page"}],"author":[{"embeddable":true,"href":"https:\/\/sii.umh.es\/ca\/wp-json\/wp\/v2\/users\/61"}],"replies":[{"embeddable":true,"href":"https:\/\/sii.umh.es\/ca\/wp-json\/wp\/v2\/comments?post=2627"}],"version-history":[{"count":0,"href":"https:\/\/sii.umh.es\/ca\/wp-json\/wp\/v2\/pages\/2627\/revisions"}],"up":[{"embeddable":true,"href":"https:\/\/sii.umh.es\/ca\/wp-json\/wp\/v2\/pages\/341"}],"wp:attachment":[{"href":"https:\/\/sii.umh.es\/ca\/wp-json\/wp\/v2\/media?parent=2627"}],"curies":[{"name":"wp","href":"https:\/\/api.w.org\/{rel}","templated":true}]}}