{"id":2622,"date":"2020-07-02T09:50:00","date_gmt":"2020-07-02T07:50:00","guid":{"rendered":"https:\/\/sii.umh.es\/?page_id=2622"},"modified":"2026-01-30T18:09:58","modified_gmt":"2026-01-30T17:09:58","slug":"base-de-datos-de-conocimiento-confluence","status":"publish","type":"page","link":"https:\/\/sii.umh.es\/ca\/soporte-y-resolucion-de-incidencias\/base-de-datos-de-conocimiento-confluence\/","title":{"rendered":"Base de dades de coneixement (tickb.umh.es)"},"content":{"rendered":"<p><\/p>\n<p data-path-to-node=\"9\">A trav\u00e9s de <a href=\"http:\/\/tickb.umh.es\"><b data-path-to-node=\"9\" data-index-in-node=\"12\">tickb.umh.es<\/b><\/a> s&#8217;ofereix a la comunitat Universit\u00e0ria l&#8217;acc\u00e9s a la base de coneixements. Actualment aquesta plataforma compta amb m\u00e9s de 120 articles disponibles en <b data-path-to-node=\"9\" data-index-in-node=\"175\">Castell\u00e0, Valenci\u00e0 i Angl\u00e9s<\/b> i se segueixen ampliant i renovant per a facilitar l&#8217;auto-resoluci\u00f3 per part de l&#8217;usuari de problemes o consultes TIC que es puguen plantejar sobre els serveis que oferim.<\/p>\n<p data-path-to-node=\"10\"><b data-path-to-node=\"10\" data-index-in-node=\"0\">\u00a1Consulta TickB abans d&#8217;obrir un tiquet!<\/b><\/p>\n<p><\/p>","protected":false},"excerpt":{"rendered":"<p>A trav\u00e9s de tickb.umh.es s&#8217;ofereix a la comunitat Universit\u00e0ria l&#8217;acc\u00e9s a la base de coneixements. Actualment aquesta plataforma compta amb m\u00e9s de 120 articles disponibles en Castell\u00e0, Valenci\u00e0 i Angl\u00e9s i se segueixen ampliant i renovant per a facilitar l&#8217;auto-resoluci\u00f3 per part de l&#8217;usuari de problemes o consultes TIC que es puguen plantejar sobre els [&#8230;]<\/p>\n","protected":false},"author":61,"featured_media":0,"parent":341,"menu_order":0,"comment_status":"closed","ping_status":"closed","template":"","meta":{"_links_to":"","_links_to_target":""},"_links":{"self":[{"href":"https:\/\/sii.umh.es\/ca\/wp-json\/wp\/v2\/pages\/2622"}],"collection":[{"href":"https:\/\/sii.umh.es\/ca\/wp-json\/wp\/v2\/pages"}],"about":[{"href":"https:\/\/sii.umh.es\/ca\/wp-json\/wp\/v2\/types\/page"}],"author":[{"embeddable":true,"href":"https:\/\/sii.umh.es\/ca\/wp-json\/wp\/v2\/users\/61"}],"replies":[{"embeddable":true,"href":"https:\/\/sii.umh.es\/ca\/wp-json\/wp\/v2\/comments?post=2622"}],"version-history":[{"count":0,"href":"https:\/\/sii.umh.es\/ca\/wp-json\/wp\/v2\/pages\/2622\/revisions"}],"up":[{"embeddable":true,"href":"https:\/\/sii.umh.es\/ca\/wp-json\/wp\/v2\/pages\/341"}],"wp:attachment":[{"href":"https:\/\/sii.umh.es\/ca\/wp-json\/wp\/v2\/media?parent=2622"}],"curies":[{"name":"wp","href":"https:\/\/api.w.org\/{rel}","templated":true}]}}