{"id":2619,"date":"2020-07-02T09:44:13","date_gmt":"2020-07-02T07:44:13","guid":{"rendered":"https:\/\/sii.umh.es\/?page_id=2619"},"modified":"2026-01-30T17:57:00","modified_gmt":"2026-01-30T16:57:00","slug":"quienes-somos","status":"publish","type":"page","link":"https:\/\/sii.umh.es\/ca\/soporte-y-resolucion-de-incidencias\/quienes-somos\/","title":{"rendered":"Qui som?"},"content":{"rendered":"<p><\/p>\n<p data-path-to-node=\"9\">El Centre d\u2019Atenci\u00f3 a l\u2019Usuari (CAU) s\u2019encarrega de resoldre els dubtes, problemes, incid\u00e8ncies i peticions plantejades pels usuaris sobre el parc inform\u00e0tic inventariat de la Universitat i els serveis oferits pel <b data-path-to-node=\"9\" data-index-in-node=\"214\">Vicerectorat d\u2019Infraestructures<\/b>.<\/p>\n<p data-path-to-node=\"10\">El Vicerectorat d\u2019Infraestructures gestiona aquests serveis a trav\u00e9s del <b data-path-to-node=\"10\" data-index-in-node=\"73\">Servei d&#8217;Infraestructura Inform\u00e0tica (SII)<\/b> i del <b data-path-to-node=\"10\" data-index-in-node=\"122\">Servei d&#8217;Innovaci\u00f3 i Planificaci\u00f3 Tecnol\u00f2gica (SIPT)<\/b>, sent el CAU la finestreta \u00fanica i centralitzada per a qualsevol membre de la comunitat universit\u00e0ria, tant <b data-path-to-node=\"10\" data-index-in-node=\"283\">PDI, PTGAS com estudiants<\/b> i en general per a qualsevol col\u00b7lectiu pertanyent a la <b data-path-to-node=\"10\" data-index-in-node=\"365\">UMH<\/b>.<\/p>\n<p><\/p>","protected":false},"excerpt":{"rendered":"<p>El Centre d\u2019Atenci\u00f3 a l\u2019Usuari (CAU) s\u2019encarrega de resoldre els dubtes, problemes, incid\u00e8ncies i peticions plantejades pels usuaris sobre el parc inform\u00e0tic inventariat de la Universitat i els serveis oferits pel Vicerectorat d\u2019Infraestructures.<br \/>\nEl Vicerectorat d\u2019Infraestructures gestiona aquests serveis a trav\u00e9s del Servei d&#8217;Infraestructura Inform\u00e0tica (SII) i del Servei d&#8217;Innovaci\u00f3 i Planificaci\u00f3 Tecnol\u00f2gica (SIPT), sent el [&#8230;]<\/p>\n","protected":false},"author":61,"featured_media":0,"parent":341,"menu_order":0,"comment_status":"closed","ping_status":"closed","template":"","meta":{"_links_to":"","_links_to_target":""},"_links":{"self":[{"href":"https:\/\/sii.umh.es\/ca\/wp-json\/wp\/v2\/pages\/2619"}],"collection":[{"href":"https:\/\/sii.umh.es\/ca\/wp-json\/wp\/v2\/pages"}],"about":[{"href":"https:\/\/sii.umh.es\/ca\/wp-json\/wp\/v2\/types\/page"}],"author":[{"embeddable":true,"href":"https:\/\/sii.umh.es\/ca\/wp-json\/wp\/v2\/users\/61"}],"replies":[{"embeddable":true,"href":"https:\/\/sii.umh.es\/ca\/wp-json\/wp\/v2\/comments?post=2619"}],"version-history":[{"count":0,"href":"https:\/\/sii.umh.es\/ca\/wp-json\/wp\/v2\/pages\/2619\/revisions"}],"up":[{"embeddable":true,"href":"https:\/\/sii.umh.es\/ca\/wp-json\/wp\/v2\/pages\/341"}],"wp:attachment":[{"href":"https:\/\/sii.umh.es\/ca\/wp-json\/wp\/v2\/media?parent=2619"}],"curies":[{"name":"wp","href":"https:\/\/api.w.org\/{rel}","templated":true}]}}