{"id":2586,"date":"2020-03-27T10:44:40","date_gmt":"2020-03-27T09:44:40","guid":{"rendered":"https:\/\/sii.umh.es\/?page_id=2586"},"modified":"2026-03-06T15:40:41","modified_gmt":"2026-03-06T14:40:41","slug":"ansys-student","status":"publish","type":"page","link":"https:\/\/sii.umh.es\/ca\/servicios\/gestion-de-licencias\/ansys-student\/","title":{"rendered":"Ansys Student"},"content":{"rendered":"<p>&nbsp;<\/p>\n<table style=\"border: none;\">\n<tbody>\n<tr style=\"border-bottom: none;\">\n<td><strong><img loading=\"lazy\" class=\"alignleft wp-image-2588\" src=\"https:\/\/sii.umh.es\/files\/2020\/03\/ansys.jpg\" alt=\"Logo ANSYS\" width=\"154\" height=\"86\" \/><\/strong><\/td>\n<td>\n<p data-path-to-node=\"19\"><b data-path-to-node=\"19\" data-index-in-node=\"0\">Descripci\u00f3:<\/b> Ansys oferix una versi\u00f3 gratu\u00efta per a estudiants, perfecta per a poder instal\u00b7lar el programari en els equips de casa. Esta versi\u00f3 disposa de les seg\u00fcents limitacions:<\/p>\n<ul data-path-to-node=\"20\">\n<li>\n<p data-path-to-node=\"20,0,0\"><b data-path-to-node=\"20,0,0\" data-index-in-node=\"0\">F\u00edsica estructural:<\/b> 32K nodes \/ elements.<\/p>\n<\/li>\n<li>\n<p data-path-to-node=\"20,1,0\"><b data-path-to-node=\"20,1,0\" data-index-in-node=\"0\">F\u00edsica de fluids:<\/b> 512K c\u00e8l\u00b7lules \/ nodes.<\/p>\n<\/li>\n<li>\n<p data-path-to-node=\"20,2,0\"><b data-path-to-node=\"20,2,0\" data-index-in-node=\"0\">Electromagn\u00e8tica:<\/b> N \/ A.<\/p>\n<\/li>\n<\/ul>\n<\/td>\n<\/tr>\n<\/tbody>\n<\/table>\n<p data-path-to-node=\"21\"><b data-path-to-node=\"21\" data-index-in-node=\"0\">Destinataris:<\/b><\/p>\n<ul data-path-to-node=\"22\">\n<li>\n<p data-path-to-node=\"22,0,0\">Tots els estudiants de la UMH.<\/p>\n<\/li>\n<\/ul>\n<p data-path-to-node=\"23\"><b data-path-to-node=\"23\" data-index-in-node=\"0\">Sol\u00b7licitud del servei:<\/b><\/p>\n<ul data-path-to-node=\"24\">\n<li>\n<p data-path-to-node=\"24,0,0\">Per a beneficiar-se d&#8217;este servei ha d&#8217;accedir a: <a class=\"ng-star-inserted\" href=\"https:\/\/www.ansys.com\/academic\/free-student-products\" target=\"_blank\" rel=\"noopener\" data-hveid=\"0\" data-ved=\"0CAAQ_4QMahgKEwjr3LXjl4uTAxUAAAAAHQAAAAAQ9QE\">https:\/\/www.ansys.com\/academic\/free-student-products<\/a><a href=\"https:\/\/www.ansys.com\/academic\/free-student-products\" target=\"_blank\" rel=\"noopener\"><img loading=\"lazy\" class=\"alignnone size-full wp-image-3400\" src=\"https:\/\/sii.umh.es\/files\/2024\/01\/abre-en-nueva-ventana.png\" alt=\"Abre en nueva ventana\" width=\"15\" height=\"15\" \/><\/a><\/p>\n<\/li>\n<\/ul>\n<p><\/p>","protected":false},"excerpt":{"rendered":"<p>&nbsp;<\/p>\n<p>Descripci\u00f3: Ansys oferix una versi\u00f3 gratu\u00efta per a estudiants, perfecta per a poder instal\u00b7lar el programari en els equips de casa. Esta versi\u00f3 disposa de les seg\u00fcents limitacions:<\/p>\n<p>F\u00edsica estructural: 32K nodes \/ elements.<\/p>\n<p>F\u00edsica de fluids: 512K c\u00e8l\u00b7lules \/ nodes.<\/p>\n<p>Electromagn\u00e8tica: N \/ A.<\/p>\n<p>Destinataris:<\/p>\n<p>Tots els estudiants de la UMH.<\/p>\n<p>Sol\u00b7licitud del servei:<\/p>\n<p>Per a beneficiar-se d&#8217;este servei ha d&#8217;accedir [&#8230;]<\/p>\n","protected":false},"author":70,"featured_media":0,"parent":346,"menu_order":1,"comment_status":"closed","ping_status":"closed","template":"","meta":{"_links_to":"","_links_to_target":""},"_links":{"self":[{"href":"https:\/\/sii.umh.es\/ca\/wp-json\/wp\/v2\/pages\/2586"}],"collection":[{"href":"https:\/\/sii.umh.es\/ca\/wp-json\/wp\/v2\/pages"}],"about":[{"href":"https:\/\/sii.umh.es\/ca\/wp-json\/wp\/v2\/types\/page"}],"author":[{"embeddable":true,"href":"https:\/\/sii.umh.es\/ca\/wp-json\/wp\/v2\/users\/70"}],"replies":[{"embeddable":true,"href":"https:\/\/sii.umh.es\/ca\/wp-json\/wp\/v2\/comments?post=2586"}],"version-history":[{"count":0,"href":"https:\/\/sii.umh.es\/ca\/wp-json\/wp\/v2\/pages\/2586\/revisions"}],"up":[{"embeddable":true,"href":"https:\/\/sii.umh.es\/ca\/wp-json\/wp\/v2\/pages\/346"}],"wp:attachment":[{"href":"https:\/\/sii.umh.es\/ca\/wp-json\/wp\/v2\/media?parent=2586"}],"curies":[{"name":"wp","href":"https:\/\/api.w.org\/{rel}","templated":true}]}}