{"id":1793,"date":"2017-10-16T08:00:24","date_gmt":"2017-10-16T06:00:24","guid":{"rendered":"http:\/\/si.umh.es\/?page_id=1793"},"modified":"2026-03-06T16:18:03","modified_gmt":"2026-03-06T15:18:03","slug":"turnitin","status":"publish","type":"page","link":"https:\/\/sii.umh.es\/ca\/servicios\/gestion-de-licencias\/turnitin\/","title":{"rendered":"Turnitin"},"content":{"rendered":"<p><strong><a href=\"https:\/\/sii.umh.es\/files\/2014\/07\/ephorus.png\"><img loading=\"lazy\" class=\"alignleft wp-image-1796\" src=\"https:\/\/sii.umh.es\/files\/2017\/09\/turnitin.png\" alt=\"Logo turnitin\" width=\"186\" height=\"51\" srcset=\"https:\/\/sii.umh.es\/files\/2017\/09\/turnitin.png 364w, https:\/\/sii.umh.es\/files\/2017\/09\/turnitin-300x82.png 300w\" sizes=\"(max-width: 186px) 100vw, 186px\" \/><\/a><\/strong><\/p>\n<p data-path-to-node=\"26\"><b data-path-to-node=\"26\" data-index-in-node=\"0\">Descripci\u00f3:<\/b> La Universitat Miguel Hern\u00e1ndez posa a disposici\u00f3 dels professors l&#8217;eina Turnitin. Esta eina \u00e9s un servei que permet verificar el grau de similitud entre documents, i \u00e9s d&#8217;especial utilitat per als treballs de fi de grau, fi de m\u00e0ster i tesis doctorals.<\/p>\n<p data-path-to-node=\"27\"><b data-path-to-node=\"27\" data-index-in-node=\"0\">Destinataris:<\/b><\/p>\n<ul data-path-to-node=\"28\">\n<li>\n<p data-path-to-node=\"28,0,0\">PDI de la UMH.<\/p>\n<\/li>\n<\/ul>\n<p data-path-to-node=\"29\"><b data-path-to-node=\"29\" data-index-in-node=\"0\">Requisits:<\/b> Per a accedir a l&#8217;eina ha de ser PDI i donar-se d&#8217;alta en el servei, que es troba disponible en el seu acc\u00e9s identificat.<\/p>\n<p data-path-to-node=\"30\"><b data-path-to-node=\"30\" data-index-in-node=\"0\">Sol\u00b7licitud del servei:<\/b><\/p>\n<ul data-path-to-node=\"31\">\n<li>\n<p data-path-to-node=\"31,0,0\">Manual per a sol\u00b7licitud d&#8217;acc\u00e9s a TURNITIN (PDF): <a class=\"ng-star-inserted\" href=\"https:\/\/sii.umh.es\/files\/2017\/10\/Manual-para-solicitud-de-acceso-a-TURNITIN.pdf\" target=\"_blank\" rel=\"noopener\" data-hveid=\"0\" data-ved=\"0CAAQ_4QMahgKEwjr3LXjl4uTAxUAAAAAHQAAAAAQ8gM\">https:\/\/sii.umh.es\/files\/2017\/10\/Manual-para-solicitud-de-acceso-a-TURNITIN.pdf<\/a><\/p>\n<\/li>\n<\/ul>\n<p data-path-to-node=\"32\">Li recordem que \u00fanicament podr\u00e0 accedir al servei el professorat de la universitat.<\/p>\n<p data-path-to-node=\"33\"><b data-path-to-node=\"33\" data-index-in-node=\"0\">Manual d&#8217;usuari:<\/b><\/p>\n<ul data-path-to-node=\"34\">\n<li>\n<p data-path-to-node=\"34,0,0\">Guia r\u00e0pida per a instructors: <a class=\"ng-star-inserted\" href=\"https:\/\/help.turnitin.com\/es\/feedback-studio\/instructor\/guia-rapida-para-instructores.htm\" target=\"_blank\" rel=\"noopener\" data-hveid=\"0\" data-ved=\"0CAAQ_4QMahgKEwjr3LXjl4uTAxUAAAAAHQAAAAAQ8wM\">https:\/\/help.turnitin.com\/es\/feedback-studio\/instructor\/guia-rapida-para-instructores.htm<\/a><\/p>\n<\/li>\n<li>\n<p data-path-to-node=\"34,1,0\">V\u00eddeo per a crear una classe: <a class=\"ng-star-inserted\" href=\"https:\/\/www.youtube.com\/watch?v=uoykZAvBH8o\" target=\"_blank\" rel=\"noopener\" data-hveid=\"0\" data-ved=\"0CAAQ_4QMahgKEwjr3LXjl4uTAxUAAAAAHQAAAAAQ9AM\">https:\/\/www.youtube.com\/watch?v=uoykZAvBH8o<\/a><\/p>\n<\/li>\n<li>\n<p data-path-to-node=\"34,2,0\">V\u00eddeo per a inscriure alumnes: <a class=\"ng-star-inserted\" href=\"https:\/\/www.youtube.com\/watch?v=T4I2gzIInCU\" target=\"_blank\" rel=\"noopener\" data-hveid=\"0\" data-ved=\"0CAAQ_4QMahgKEwjr3LXjl4uTAxUAAAAAHQAAAAAQ9QM\">https:\/\/www.youtube.com\/watch?v=T4I2gzIInCU<\/a><\/p>\n<\/li>\n<li>\n<p data-path-to-node=\"34,3,0\">V\u00eddeo per a lliurar un treball: <a class=\"ng-star-inserted\" href=\"https:\/\/www.youtube.com\/watch?v=r4OkcYpHG9M\" target=\"_blank\" rel=\"noopener\" data-hveid=\"0\" data-ved=\"0CAAQ_4QMahgKEwjr3LXjl4uTAxUAAAAAHQAAAAAQ9gM\">https:\/\/www.youtube.com\/watch?v=r4OkcYpHG9M<\/a><\/p>\n<\/li>\n<li>\n<p data-path-to-node=\"34,4,0\">V\u00eddeo per a veure l&#8217;informe d&#8217;originalitat: <a class=\"ng-star-inserted\" href=\"https:\/\/www.youtube.com\/watch?v=wUrTo-0RoHM\" target=\"_blank\" rel=\"noopener\" data-hveid=\"0\" data-ved=\"0CAAQ_4QMahgKEwjr3LXjl4uTAxUAAAAAHQAAAAAQ9wM\">https:\/\/www.youtube.com\/watch?v=wUrTo-0RoHM<\/a><\/p>\n<\/li>\n<li>\n<p data-path-to-node=\"34,5,0\">V\u00eddeo per a corregir i calificar utilitzant GradeMark: <a class=\"ng-star-inserted\" href=\"https:\/\/www.youtube.com\/watch?v=M5Ic04zkxFQ\" target=\"_blank\" rel=\"noopener\" data-hveid=\"0\" data-ved=\"0CAAQ_4QMahgKEwjr3LXjl4uTAxUAAAAAHQAAAAAQ-AM\">https:\/\/www.youtube.com\/watch?v=M5Ic04zkxFQ<\/a><\/p>\n<\/li>\n<\/ul>\n<p>&nbsp;<\/p>","protected":false},"excerpt":{"rendered":"<p>Descripci\u00f3: La Universitat Miguel Hern\u00e1ndez posa a disposici\u00f3 dels professors l&#8217;eina Turnitin. Esta eina \u00e9s un servei que permet verificar el grau de similitud entre documents, i \u00e9s d&#8217;especial utilitat per als treballs de fi de grau, fi de m\u00e0ster i tesis doctorals.<br \/>\nDestinataris:<\/p>\n<p>PDI de la UMH.<\/p>\n<p>Requisits: Per a accedir a l&#8217;eina ha de ser PDI [&#8230;]<\/p>\n","protected":false},"author":3,"featured_media":0,"parent":346,"menu_order":5,"comment_status":"closed","ping_status":"closed","template":"","meta":{"_links_to":"","_links_to_target":""},"_links":{"self":[{"href":"https:\/\/sii.umh.es\/ca\/wp-json\/wp\/v2\/pages\/1793"}],"collection":[{"href":"https:\/\/sii.umh.es\/ca\/wp-json\/wp\/v2\/pages"}],"about":[{"href":"https:\/\/sii.umh.es\/ca\/wp-json\/wp\/v2\/types\/page"}],"author":[{"embeddable":true,"href":"https:\/\/sii.umh.es\/ca\/wp-json\/wp\/v2\/users\/3"}],"replies":[{"embeddable":true,"href":"https:\/\/sii.umh.es\/ca\/wp-json\/wp\/v2\/comments?post=1793"}],"version-history":[{"count":0,"href":"https:\/\/sii.umh.es\/ca\/wp-json\/wp\/v2\/pages\/1793\/revisions"}],"up":[{"embeddable":true,"href":"https:\/\/sii.umh.es\/ca\/wp-json\/wp\/v2\/pages\/346"}],"wp:attachment":[{"href":"https:\/\/sii.umh.es\/ca\/wp-json\/wp\/v2\/media?parent=1793"}],"curies":[{"name":"wp","href":"https:\/\/api.w.org\/{rel}","templated":true}]}}