{"id":1714,"date":"2017-02-16T18:26:46","date_gmt":"2017-02-16T17:26:46","guid":{"rendered":"http:\/\/si.umh.es\/?page_id=1714"},"modified":"2026-03-06T16:28:41","modified_gmt":"2026-03-06T15:28:41","slug":"office-365","status":"publish","type":"page","link":"https:\/\/sii.umh.es\/ca\/servicios\/gestion-de-licencias\/office-365\/","title":{"rendered":"Office 365"},"content":{"rendered":"<p><\/p>\n<div class=\"entrada-blog-valencia\">\n<p><strong>Descripci\u00f3:<\/strong> La Universitat Miguel Hern\u00e1ndez posa a disposici\u00f3 de la comunitat universit\u00e0ria Office 365, amb una s\u00e8rie d&#8217;eines que s&#8217;aniran incorporant en diferents fases. En una primera fase s&#8217;ofereix la desc\u00e0rrega del paquet Office Professional Plus per a la seua instal\u00b7laci\u00f3 en fins a 5 equips (Windows o Mac).<\/p>\n<p>Office Professional Plus consta de les seg\u00fcents eines: Word, Excel, PowerPoint, Outlook, Publisher i OneNote. Encara que en el paquet s&#8217;inclouen Skype Empresarial i OneDrive, no ser\u00e0 possible utilitzar estos dos serveis en la primera fase. Office 365 ofereix als usuaris la instal\u00b7laci\u00f3 completa d&#8217;Office ProPlus en els seus dispositius, amb 5 llic\u00e8ncies per a PC o Mac.<\/p>\n<p><strong>Destinataris:<\/strong><\/p>\n<ul>\n<li>Personal de la UMH.<\/li>\n<li>Estudiants de la UMH de titulacions oficials.<\/li>\n<li><em>Alumni<\/em> (nom\u00e9s versi\u00f3 online).<\/li>\n<\/ul>\n<p><strong>Requisits:<\/strong> L&#8217;equip on s&#8217;instal\u00b7le ha de disposar de connexi\u00f3 a Internet, ja que Microsoft verifica peri\u00f2dicament de forma online que la llic\u00e8ncia d&#8217;usuari segueix vigent. Quan acabe la vinculaci\u00f3 de l&#8217;usuari amb la UMH, en la pr\u00f2xima comprovaci\u00f3 de llic\u00e8ncia que realitze Microsoft, el producte deixar\u00e0 d&#8217;estar disponible.<\/p>\n<p><strong>Instal\u00b7laci\u00f3 i activaci\u00f3:<\/strong> <a href=\"https:\/\/universite.umh.es\/descargasoftware\" target=\"_blank\" rel=\"noopener\">https:\/\/universite.umh.es\/descargasoftware<\/a><\/p>\n<p>Una vegada instal\u00b7lat el programari en el seu equip, per a activar el producte \u00e9s molt important que seguisca estos passos la primera vegada que inicie qualsevol de les eines que cont\u00e9 el paquet Office (Word, Excel, PowerPoint, etc.):<\/p>\n<ul>\n<li>En la finestra que apareix &#8220;Activar Office&#8221; ha d&#8217;introduir el seu <strong>nom d&#8217;usuari UMH seguit de @miumh.umh.es<\/strong>. El seu nom d&#8217;usuari \u00e9s el text abans de l&#8217;arrossa &#8220;@&#8221; en la seua adre\u00e7a de correu electr\u00f2nic UMH. Si \u00e9s estudiant i no coneix el seu usuari o adre\u00e7a de correu electr\u00f2nic ALU, <a href=\"https:\/\/tickb.umh.es\/soporte-tic-a-la-docencia\/como-conocer-cual-es-tu-cuenta-de-correo-electronico\/\">en este enlla\u00e7 pot veure com comprovar-ho<\/a>.<\/li>\n<\/ul>\n<p style=\"text-align: left;\"><img loading=\"lazy\" class=\"aligncenter wp-image-1715 size-full\" src=\"https:\/\/sii.umh.es\/files\/2017\/02\/office-1.jpg\" alt=\"Imatge gr\u00e0fica pas 1 de la instal\u00b7laci\u00f3\" width=\"490\" height=\"600\" srcset=\"https:\/\/sii.umh.es\/files\/2017\/02\/office-1.jpg 490w, https:\/\/sii.umh.es\/files\/2017\/02\/office-1-245x300.jpg 245w\" sizes=\"(max-width: 490px) 100vw, 490px\" \/><\/p>\n<ul>\n<li>A continuaci\u00f3, apareixer\u00e0 una finestra que cont\u00e9 el nostre Servei d&#8217;Autenticaci\u00f3 Centralitzada i nom\u00e9s s&#8217;ha de validar utilitzant les credencials que utilitza habitualment.<\/li>\n<\/ul>\n<p style=\"text-align: left;\"><img loading=\"lazy\" class=\"aligncenter wp-image-1716 size-full\" src=\"https:\/\/sii.umh.es\/files\/2017\/02\/office-2.jpg\" alt=\"Imatge gr\u00e0fica pas 2 de la instal\u00b7laci\u00f3\" width=\"497\" height=\"602\" srcset=\"https:\/\/sii.umh.es\/files\/2017\/02\/office-2.jpg 497w, https:\/\/sii.umh.es\/files\/2017\/02\/office-2-248x300.jpg 248w\" sizes=\"(max-width: 497px) 100vw, 497px\" \/><\/p>\n<ul>\n<li>Rebr\u00e0 la confirmaci\u00f3 que el producte ha sigut activat i podr\u00e0 comen\u00e7ar a utilitzar qualsevol eina del paquet Office. Recorde que OneDrive i Skype Empresarial, encara que s&#8217;instal\u00b7len per defecte, no podran utilitzar-se en esta primera fase de llan\u00e7ament d&#8217;Office 365.<\/li>\n<\/ul>\n<p style=\"text-align: center;\"><img loading=\"lazy\" class=\"aligncenter wp-image-1717 size-full\" src=\"https:\/\/sii.umh.es\/files\/2017\/02\/office-3.jpg\" alt=\"Imatge gr\u00e0fica confirmaci\u00f3 activaci\u00f3\" width=\"528\" height=\"306\" srcset=\"https:\/\/sii.umh.es\/files\/2017\/02\/office-3.jpg 528w, https:\/\/sii.umh.es\/files\/2017\/02\/office-3-300x174.jpg 300w\" sizes=\"(max-width: 528px) 100vw, 528px\" \/><\/p>\n<p><strong>Condicions d&#8217;acc\u00e9s i \u00fas:<\/strong> Els comptes @miumh, aix\u00ed com les seues eines associades, estaran sempre disponibles de forma gratu\u00efta per als membres de la comunitat universit\u00e0ria de la Universitat Miguel Hern\u00e1ndez. La UMH es reserva el dret a interrompre de forma temporal o permanent el servei d&#8217;Office 365 en funci\u00f3 dels canvis que puguen sorgir en el conveni signat amb Microsoft o fins i tot en una possible rescissi\u00f3 o migraci\u00f3 de prove\u00efdor.<\/p>\n<p>Els usuaris han de fer un \u00fas correcte i lleial d&#8217;este lloc web, i han d&#8217;abstenir-se de realitzar qualsevol tipus d&#8217;acci\u00f3 que puga ocasionar dany o perjudici a la Universitat Miguel Hern\u00e1ndez. La Universitat no es fa responsable de la p\u00e8rdua de dades o fallades en el sistema, i recomana que es facen c\u00f2pies de seguretat alternatives.<\/p>\n<p><strong>Manuals i v\u00eddeos:<\/strong><\/p>\n<p><iframe loading=\"lazy\"  style=\"display: block; margin: 0px auto;\"  id=\"_ytid_96358\"  width=\"480\" height=\"270\"  data-origwidth=\"480\" data-origheight=\"270\" src=\"https:\/\/www.youtube.com\/embed\/O3zZNRykUO0?enablejsapi=1&#038;autoplay=0&#038;cc_load_policy=0&#038;cc_lang_pref=&#038;iv_load_policy=1&#038;loop=0&#038;modestbranding=0&#038;rel=1&#038;fs=1&#038;playsinline=0&#038;autohide=2&#038;theme=dark&#038;color=red&#038;controls=1&#038;\" class=\"__youtube_prefs__  epyt-is-override  no-lazyload\" title=\"YouTube player\"  allow=\"accelerometer; autoplay; clipboard-write; encrypted-media; gyroscope; picture-in-picture\" allowfullscreen data-no-lazy=\"1\" data-skipgform_ajax_framebjll=\"\"><\/iframe><\/p>\n<\/div>\n<p><\/p>","protected":false},"excerpt":{"rendered":"<p>Descripci\u00f3: La Universitat Miguel Hern\u00e1ndez posa a disposici\u00f3 de la comunitat universit\u00e0ria Office 365, amb una s\u00e8rie d&#8217;eines que s&#8217;aniran incorporant en diferents fases. En una primera fase s&#8217;ofereix la desc\u00e0rrega del paquet Office Professional Plus per a la seua instal\u00b7laci\u00f3 en fins a 5 equips (Windows o Mac).<br \/>\nOffice Professional Plus consta de les seg\u00fcents [&#8230;]<\/p>\n","protected":false},"author":3,"featured_media":0,"parent":346,"menu_order":90,"comment_status":"closed","ping_status":"closed","template":"","meta":{"_links_to":"","_links_to_target":""},"_links":{"self":[{"href":"https:\/\/sii.umh.es\/ca\/wp-json\/wp\/v2\/pages\/1714"}],"collection":[{"href":"https:\/\/sii.umh.es\/ca\/wp-json\/wp\/v2\/pages"}],"about":[{"href":"https:\/\/sii.umh.es\/ca\/wp-json\/wp\/v2\/types\/page"}],"author":[{"embeddable":true,"href":"https:\/\/sii.umh.es\/ca\/wp-json\/wp\/v2\/users\/3"}],"replies":[{"embeddable":true,"href":"https:\/\/sii.umh.es\/ca\/wp-json\/wp\/v2\/comments?post=1714"}],"version-history":[{"count":0,"href":"https:\/\/sii.umh.es\/ca\/wp-json\/wp\/v2\/pages\/1714\/revisions"}],"up":[{"embeddable":true,"href":"https:\/\/sii.umh.es\/ca\/wp-json\/wp\/v2\/pages\/346"}],"wp:attachment":[{"href":"https:\/\/sii.umh.es\/ca\/wp-json\/wp\/v2\/media?parent=1714"}],"curies":[{"name":"wp","href":"https:\/\/api.w.org\/{rel}","templated":true}]}}