{"id":1168,"date":"2013-04-16T10:12:22","date_gmt":"2013-04-16T08:12:22","guid":{"rendered":"http:\/\/si.umh.es\/?page_id=1168"},"modified":"2026-03-06T16:00:46","modified_gmt":"2026-03-06T15:00:46","slug":"cype-para-estudiantes","status":"publish","type":"page","link":"https:\/\/sii.umh.es\/ca\/servicios\/gestion-de-licencias\/cype-para-estudiantes\/","title":{"rendered":"Cype per a estudiants"},"content":{"rendered":"<p><\/p>\n<table style=\"border: none;\">\n<tbody>\n<tr style=\"border-bottom: none;\">\n<td><img loading=\"lazy\" class=\"alignleft wp-image-1167 size-thumbnail\" title=\"Cype\" src=\"https:\/\/sii.umh.es\/files\/2013\/04\/Cype-150x150.jpg\" alt=\"Cype\" width=\"150\" height=\"150\" srcset=\"https:\/\/sii.umh.es\/files\/2013\/04\/Cype-150x150.jpg 150w, https:\/\/sii.umh.es\/files\/2013\/04\/Cype.jpg 240w\" sizes=\"(max-width: 150px) 100vw, 150px\" \/><\/td>\n<td style=\"vertical-align: baseline;\"><b data-path-to-node=\"19\" data-index-in-node=\"0\">Descripci\u00f3:<\/b> Gr\u00e0cies al contracte que la Universitat Miguel Hern\u00e1ndez mant\u00e9 amb l&#8217;empresa Cype, els estudiants de l&#8217;Escola Polit\u00e8cnica Superior de la UMH podran disposar de forma gratu\u00efta de la versi\u00f3 campus del programari Cype.<\/td>\n<\/tr>\n<\/tbody>\n<\/table>\n<p data-path-to-node=\"20\"><b data-path-to-node=\"20\" data-index-in-node=\"0\">Destinataris:<\/b> Estudiants i professors de l&#8217;Escola Polit\u00e8cnica Superior de la UMH.<\/p>\n<p data-path-to-node=\"21\"><b data-path-to-node=\"21\" data-index-in-node=\"0\">Requisits:<\/b> Estar matriculat en alguna titulaci\u00f3 de l&#8217;Escola Polit\u00e8cnica Superior.<\/p>\n<p data-path-to-node=\"22\"><b data-path-to-node=\"22\" data-index-in-node=\"0\">Sol\u00b7licitud del servei:<\/b> Per a beneficiar-se d&#8217;este servei:<\/p>\n<ul data-path-to-node=\"23\">\n<li>\n<p data-path-to-node=\"23,0,0\">Descarregue la versi\u00f3 completa disponible en <a class=\"ng-star-inserted\" href=\"http:\/\/descargas.cype.es\" target=\"_blank\" rel=\"noopener\" data-hveid=\"0\" data-ved=\"0CAAQ_4QMahgKEwjr3LXjl4uTAxUAAAAAHQAAAAAQygI\">http:\/\/descargas.cype.es<\/a> i instal\u00b7le la versi\u00f3 campus en el seu ordinador.<\/p>\n<\/li>\n<li>\n<p data-path-to-node=\"23,1,0\">Registre&#8217;s en Cype amb el seu correu de la universitat (xxx@alu.umh.es, xxx@goumh.umh.es o xxx@umh.es) i se li proporcionaran instruccions i la clau d&#8217;acc\u00e9s.<\/p>\n<\/li>\n<\/ul>\n<p data-path-to-node=\"24\">Si t\u00e9 algun problema en la instal\u00b7laci\u00f3 o en l&#8217;operativitat de la versi\u00f3 campus, pot contactar amb el departament de suport de CYPE a trav\u00e9s del correu soporte.edu@cype.com.<\/p>\n<p><\/p>","protected":false},"excerpt":{"rendered":"<p>Descripci\u00f3: Gr\u00e0cies al contracte que la Universitat Miguel Hern\u00e1ndez mant\u00e9 amb l&#8217;empresa Cype, els estudiants de l&#8217;Escola Polit\u00e8cnica Superior de la UMH podran disposar de forma gratu\u00efta de la versi\u00f3 campus del programari Cype.<\/p>\n<p>Destinataris: Estudiants i professors de l&#8217;Escola Polit\u00e8cnica Superior de la UMH.<br \/>\nRequisits: Estar matriculat en alguna titulaci\u00f3 de l&#8217;Escola Polit\u00e8cnica Superior.<br \/>\nSol\u00b7licitud del servei: [&#8230;]<\/p>\n","protected":false},"author":70,"featured_media":0,"parent":346,"menu_order":3,"comment_status":"closed","ping_status":"open","template":"","meta":{"_links_to":"","_links_to_target":""},"_links":{"self":[{"href":"https:\/\/sii.umh.es\/ca\/wp-json\/wp\/v2\/pages\/1168"}],"collection":[{"href":"https:\/\/sii.umh.es\/ca\/wp-json\/wp\/v2\/pages"}],"about":[{"href":"https:\/\/sii.umh.es\/ca\/wp-json\/wp\/v2\/types\/page"}],"author":[{"embeddable":true,"href":"https:\/\/sii.umh.es\/ca\/wp-json\/wp\/v2\/users\/70"}],"replies":[{"embeddable":true,"href":"https:\/\/sii.umh.es\/ca\/wp-json\/wp\/v2\/comments?post=1168"}],"version-history":[{"count":0,"href":"https:\/\/sii.umh.es\/ca\/wp-json\/wp\/v2\/pages\/1168\/revisions"}],"up":[{"embeddable":true,"href":"https:\/\/sii.umh.es\/ca\/wp-json\/wp\/v2\/pages\/346"}],"wp:attachment":[{"href":"https:\/\/sii.umh.es\/ca\/wp-json\/wp\/v2\/media?parent=1168"}],"curies":[{"name":"wp","href":"https:\/\/api.w.org\/{rel}","templated":true}]}}