{"id":1000,"date":"2012-02-01T10:35:04","date_gmt":"2012-02-01T10:35:04","guid":{"rendered":"http:\/\/si.umh.es\/servicios\/gestion-de-aulas-informaticas\/medios-audiovisuales\/"},"modified":"2026-03-06T16:44:45","modified_gmt":"2026-03-06T15:44:45","slug":"medios-audiovisuales","status":"publish","type":"page","link":"https:\/\/sii.umh.es\/ca\/servicios\/gestion-de-aulas-informaticas\/medios-audiovisuales\/","title":{"rendered":"Mitjans audiovisuals"},"content":{"rendered":"<p><strong>Descripci\u00f3:<\/strong><br \/>\nLa Universitat disposa de mitjans audiovisuals com a suport a la doc\u00e8ncia, tant a les aules de teoria com a les aules inform\u00e0tiques.<\/p>\n<p>Estos mitjans consten de:<\/p>\n<p>&nbsp;<\/p>\n<ul style=\"margin-top: -30px;\">\n<li>Mesa de control<\/li>\n<li>PC amb programari docent<\/li>\n<li>Projector de v\u00eddeo<\/li>\n<li>Pantalla de projecci\u00f3 el\u00e8ctrica o pantalla de projecci\u00f3 interactiva<\/li>\n<li>Equip de so compost per amplificador i altaveus<\/li>\n<li>Micr\u00f2fon inal\u00e0mbric<\/li>\n<\/ul>\n<p><strong>Destinataris:<\/strong><br \/>\nTot el personal de la UMH<\/p>\n<p><strong>Requisits:<\/strong><br \/>\nPer a poder utilitzar este servei ser\u00e0 necessari haver realitzat una reserva en una aula, tant per a aules inform\u00e0tiques com de teoria.<\/p>\n<p><strong>Sol\u00b7licitud del servei:<\/strong><br \/>\nPer a fer \u00fas dels mitjans audiovisuals s&#8217;haur\u00e0 de sol\u00b7licitar la clau en la consergeria de l&#8217;edifici corresponent abans de l&#8217;inici de la classe.<\/p>\n<p>Si es desitja utilitzar el micr\u00f2fon inal\u00e0mbric, tamb\u00e9 s&#8217;haur\u00e0 d&#8217;indicar en la consergeria.<\/p>\n<p><strong>Informaci\u00f3 i manuals:<\/strong><\/p>\n<p><a href=\"https:\/\/sii.umh.es\/files\/2020\/02\/Opciones-de-inicio-de-sesi\u00f3n-en-PCs-audiovisuales-sii.pdf\" target=\"_blank\" rel=\"noopener noreferrer\">Inici de sessi\u00f3 (PDF) <img loading=\"lazy\" class=\"alignnone size-full wp-image-3400\" src=\"https:\/\/sii.umh.es\/files\/2024\/01\/abre-en-nueva-ventana.png\" alt=\"Obri en una finestra nova\" width=\"15\" height=\"15\" \/><\/a><\/p>\n<p>Els PC audiovisuals disposen d&#8217;instruccions per a iniciar sessi\u00f3 en el mateix escriptori del PC, en el moment de l&#8217;inici de sessi\u00f3:<\/p>\n<p><a href=\"https:\/\/sii.umh.es\/files\/2023\/10\/Inicio-Sesion.jpg\"><img loading=\"lazy\" class=\"alignnone wp-image-3348 size-full\" src=\"https:\/\/sii.umh.es\/files\/2023\/10\/Inicio-Sesion.jpg\" alt=\"Imatge gr\u00e0fica de les instruccions que apareixeran en pantalla\" width=\"298\" height=\"280\" \/><\/a><\/p>\n<p><a href=\"https:\/\/sii.umh.es\/files\/2020\/02\/Manual-uso-mesa-multimedia1-sii.pdf\" target=\"_blank\" rel=\"noopener noreferrer\">Instruccions d&#8217;\u00fas <img loading=\"lazy\" class=\"alignnone size-full wp-image-3400\" src=\"https:\/\/sii.umh.es\/files\/2024\/01\/abre-en-nueva-ventana.png\" alt=\"Obri en una finestra nova\" width=\"15\" height=\"15\" \/><\/a><\/p>\n<p>A l&#8217;interior de les meses multim\u00e8dia es disposa de manuals informatius referents a l&#8217;\u00fas dels mitjans.<\/p>\n<p>A les aules inform\u00e0tiques, el PC dels mitjans audiovisuals tindr\u00e0 instal\u00b7lat el mateix programari que la resta de PC dels alumnes. Si precisa la instal\u00b7laci\u00f3 d&#8217;algun programari addicional, consulte la <a href=\"https:\/\/sii.umh.es\/servicios\/gestion-de-aulas-informaticas\/solicitud-de-instalacion-de-software-en-aulas-informaticas\/\">petici\u00f3 d&#8217;instal\u00b7laci\u00f3 de programari en aules.<\/a><\/p>","protected":false},"excerpt":{"rendered":"<p>Descripci\u00f3:<br \/>\nLa Universitat disposa de mitjans audiovisuals com a suport a la doc\u00e8ncia, tant a les aules de teoria com a les aules inform\u00e0tiques.<br \/>\nEstos mitjans consten de:<br \/>\n&nbsp;<\/p>\n<p>Mesa de control<br \/>\nPC amb programari docent<br \/>\nProjector de v\u00eddeo<br \/>\nPantalla de projecci\u00f3 el\u00e8ctrica o pantalla de projecci\u00f3 interactiva<br \/>\nEquip de so compost per amplificador i altaveus<br \/>\nMicr\u00f2fon inal\u00e0mbric<\/p>\n<p>Destinataris:<br \/>\nTot el personal de la UMH<br \/>\nRequisits:<br \/>\nPer a [&#8230;]<\/p>\n","protected":false},"author":70,"featured_media":0,"parent":347,"menu_order":0,"comment_status":"closed","ping_status":"open","template":"","meta":{"_links_to":"","_links_to_target":""},"_links":{"self":[{"href":"https:\/\/sii.umh.es\/ca\/wp-json\/wp\/v2\/pages\/1000"}],"collection":[{"href":"https:\/\/sii.umh.es\/ca\/wp-json\/wp\/v2\/pages"}],"about":[{"href":"https:\/\/sii.umh.es\/ca\/wp-json\/wp\/v2\/types\/page"}],"author":[{"embeddable":true,"href":"https:\/\/sii.umh.es\/ca\/wp-json\/wp\/v2\/users\/70"}],"replies":[{"embeddable":true,"href":"https:\/\/sii.umh.es\/ca\/wp-json\/wp\/v2\/comments?post=1000"}],"version-history":[{"count":0,"href":"https:\/\/sii.umh.es\/ca\/wp-json\/wp\/v2\/pages\/1000\/revisions"}],"up":[{"embeddable":true,"href":"https:\/\/sii.umh.es\/ca\/wp-json\/wp\/v2\/pages\/347"}],"wp:attachment":[{"href":"https:\/\/sii.umh.es\/ca\/wp-json\/wp\/v2\/media?parent=1000"}],"curies":[{"name":"wp","href":"https:\/\/api.w.org\/{rel}","templated":true}]}}